{"id":140039,"date":"2025-01-04T08:32:04","date_gmt":"2025-01-10T13:41:57","guid":{"rendered":"https:\/\/staging.nbg.eu\/product\/area-419-arcalock-17-universal-dovetail-rail\/"},"modified":"2025-01-10T13:43:51","modified_gmt":"2025-01-10T13:43:51","slug":"area-419-rail-queue-daronde-universel-arcalock-17","status":"publish","type":"product","link":"https:\/\/staging.nbg.eu\/fr\/produit\/area-419-rail-queue-daronde-universel-arcalock-17\/","title":{"rendered":"Area 419 &#8211; Rail queue d&rsquo;aronde universel ARCALOCK 17&Prime;"},"content":{"rendered":"<div class=\"product-description\">\n<h2>Area 419 &#8211; Rail \u00e0 queue d&rsquo;aronde universel ARCALOCK 17&Prime;<\/h2>\n<p>Le syst\u00e8me de rail \u00e0 queue d&rsquo;aronde ARCALOCK. Ce rail de 17&Prime; comprend :<\/p>\n<ul>\n<li>C\u00f4t\u00e9s dentel\u00e9s pour verrouillage m\u00e9canique avec les pinces Area 419<\/li>\n<li>Compatibilit\u00e9 avec les accessoires Arca standard<\/li>\n<li>Conforme \u00e0 la norme RRS 1.5&Prime; \u00e0 queue d&rsquo;aronde<\/li>\n<li>Bords chanfrein\u00e9s<\/li>\n<li>Plusieurs points d&rsquo;attache<\/li>\n<li>Construction en aluminium 6061-T6 anodis\u00e9 dur type 3<\/li>\n<li>Fabriqu\u00e9 aux \u00c9tats-Unis avec des mat\u00e9riaux d&rsquo;origine nationale<\/li>\n<\/ul>\n<p>Inclut une vis d&rsquo;action de style Remington 700 allong\u00e9e et le mat\u00e9riel de montage.<\/p>\n<p><em>Remarque : But\u00e9e de barricade fixe arri\u00e8re et mat\u00e9riel MLOK non inclus.<\/em><\/p>\n<\/div>\n","protected":false},"excerpt":{"rendered":"<p>\u00ab Rail ARCA verrouillable pour fusils de pr\u00e9cision. Aluminium de 43 cm fabriqu\u00e9 aux \u00c9tats-Unis. \u00bb<\/p>\n","protected":false},"featured_media":116046,"template":"","meta":{"_acf_changed":false},"product_brand":[11038],"product_cat":[12193,12141,390],"product_tag":[],"class_list":{"0":"post-140039","1":"product","2":"type-product","3":"status-publish","4":"has-post-thumbnail","6":"product_brand-area-419","7":"product_cat-fusil","8":"product_cat-rails","9":"product_cat-aiming","11":"first","12":"instock","13":"taxable","14":"shipping-taxable","15":"purchasable","16":"product-type-simple"},"acf":[],"_links":{"self":[{"href":"https:\/\/staging.nbg.eu\/fr\/wp-json\/wp\/v2\/product\/140039","targetHints":{"allow":["GET"]}}],"collection":[{"href":"https:\/\/staging.nbg.eu\/fr\/wp-json\/wp\/v2\/product"}],"about":[{"href":"https:\/\/staging.nbg.eu\/fr\/wp-json\/wp\/v2\/types\/product"}],"wp:featuredmedia":[{"embeddable":true,"href":"https:\/\/staging.nbg.eu\/fr\/wp-json\/wp\/v2\/media\/116046"}],"wp:attachment":[{"href":"https:\/\/staging.nbg.eu\/fr\/wp-json\/wp\/v2\/media?parent=140039"}],"wp:term":[{"taxonomy":"product_brand","embeddable":true,"href":"https:\/\/staging.nbg.eu\/fr\/wp-json\/wp\/v2\/product_brand?post=140039"},{"taxonomy":"product_cat","embeddable":true,"href":"https:\/\/staging.nbg.eu\/fr\/wp-json\/wp\/v2\/product_cat?post=140039"},{"taxonomy":"product_tag","embeddable":true,"href":"https:\/\/staging.nbg.eu\/fr\/wp-json\/wp\/v2\/product_tag?post=140039"}],"curies":[{"name":"wp","href":"https:\/\/api.w.org\/{rel}","templated":true}]}}