{"id":139842,"date":"2025-01-04T06:50:31","date_gmt":"2025-01-10T13:07:57","guid":{"rendered":"https:\/\/staging.nbg.eu\/product\/area-419-arcalock-6-m-lok-dovetail-rail\/"},"modified":"2025-01-10T13:10:03","modified_gmt":"2025-01-10T13:10:03","slug":"area-419-rail-queue-daronde-m-lok-arcalock-6","status":"publish","type":"product","link":"https:\/\/staging.nbg.eu\/fr\/produit\/area-419-rail-queue-daronde-m-lok-arcalock-6\/","title":{"rendered":"Area 419 &#8211; Rail queue d&rsquo;aronde M-LOK ARCALOCK 6&Prime;"},"content":{"rendered":"<div class=\"product-description\">\n<h2>Area 419 &#8211; Rail Dovetail ARCALOCK 6&Prime; M-LOK<\/h2>\n<p><strong>Note : N\u00e9cessite 3 emplacements M-LOK cons\u00e9cutifs pour l&rsquo;installation.<\/strong><\/p>\n<p>Le rail dovetail ARCALOCK pour fusil de pr\u00e9cision. Ce rail de 6&Prime; comprend :<\/p>\n<ul>\n<li>C\u00f4t\u00e9s dentel\u00e9s pour verrouillage m\u00e9canique avec les pinces Area 419<\/li>\n<li>Compatibilit\u00e9 avec les accessoires ARCA standard<\/li>\n<li>Poids de 62,4 grammes<\/li>\n<li>Conforme \u00e0 la norme RRS 1.5&Prime; Dovetail<\/li>\n<li>Bords chanfrein\u00e9s et coins arrondis<\/li>\n<li>Aluminium 6061-T6 anodis\u00e9 dur Type 3<\/li>\n<li>Fabriqu\u00e9 aux \u00c9tats-Unis avec des mat\u00e9riaux locaux<\/li>\n<\/ul>\n<p>Rail pour am\u00e9liorer la stabilit\u00e9 et la polyvalence du fusil. Inclut le mat\u00e9riel de montage M-LOK n\u00e9cessaire.<\/p>\n<\/div>\n","protected":false},"excerpt":{"rendered":"<p>Rail en queue d&rsquo;aronde M-LOK de 6 pouces s\u00e9curis\u00e9 avec des dentelures de verrouillage. Fabriqu\u00e9 aux \u00c9tats-Unis.<\/p>\n","protected":false},"featured_media":114261,"template":"","meta":{"_acf_changed":false},"product_brand":[11038],"product_cat":[12193,12141],"product_tag":[],"class_list":{"0":"post-139842","1":"product","2":"type-product","3":"status-publish","4":"has-post-thumbnail","6":"product_brand-area-419","7":"product_cat-fusil","8":"product_cat-rails","10":"first","11":"instock","12":"taxable","13":"shipping-taxable","14":"purchasable","15":"product-type-variable","16":"wvs-archive-product-wrapper"},"acf":[],"_links":{"self":[{"href":"https:\/\/staging.nbg.eu\/fr\/wp-json\/wp\/v2\/product\/139842","targetHints":{"allow":["GET"]}}],"collection":[{"href":"https:\/\/staging.nbg.eu\/fr\/wp-json\/wp\/v2\/product"}],"about":[{"href":"https:\/\/staging.nbg.eu\/fr\/wp-json\/wp\/v2\/types\/product"}],"wp:featuredmedia":[{"embeddable":true,"href":"https:\/\/staging.nbg.eu\/fr\/wp-json\/wp\/v2\/media\/114261"}],"wp:attachment":[{"href":"https:\/\/staging.nbg.eu\/fr\/wp-json\/wp\/v2\/media?parent=139842"}],"wp:term":[{"taxonomy":"product_brand","embeddable":true,"href":"https:\/\/staging.nbg.eu\/fr\/wp-json\/wp\/v2\/product_brand?post=139842"},{"taxonomy":"product_cat","embeddable":true,"href":"https:\/\/staging.nbg.eu\/fr\/wp-json\/wp\/v2\/product_cat?post=139842"},{"taxonomy":"product_tag","embeddable":true,"href":"https:\/\/staging.nbg.eu\/fr\/wp-json\/wp\/v2\/product_tag?post=139842"}],"curies":[{"name":"wp","href":"https:\/\/api.w.org\/{rel}","templated":true}]}}