{"id":139560,"date":"2025-01-04T11:00:05","date_gmt":"2025-01-10T12:06:37","guid":{"rendered":"https:\/\/staging.nbg.eu\/product\/area-419-improved-bipod-picatinny-rail-ibr\/"},"modified":"2025-01-10T12:29:53","modified_gmt":"2025-01-10T12:29:53","slug":"area-419-rail-picatinny-ameliore-pour-bipied-ibr","status":"publish","type":"product","link":"https:\/\/staging.nbg.eu\/fr\/produit\/area-419-rail-picatinny-ameliore-pour-bipied-ibr\/","title":{"rendered":"Area 419 &#8211; Rail Picatinny am\u00e9lior\u00e9 pour bipied (IBR)"},"content":{"rendered":"<div class=\"product-description\">\n<h2>Area 419 &#8211; Rail Picatinny pour Bipied Am\u00e9lior\u00e9 (IBR)<\/h2>\n<p>Le rail Area 419 IBR mesure 12,2 cm et comporte 10 fentes, offrant 43% de polyvalence suppl\u00e9mentaire par rapport aux concurrents. Il p\u00e8se 30,9 grammes.<\/p>\n<ul>\n<li>Usin\u00e9 avec pr\u00e9cision avec des coins arrondis et des bords chanfrein\u00e9s<\/li>\n<li>S&rsquo;adapte \u00e0 un espacement de trous de vis de 3,81 cm \u00e0 8,83 cm<\/li>\n<li>Ergot pleine largeur pour les supports de bipied de style Larue<\/li>\n<li>Toutes les fentes sont utilisables quel que soit l&#8217;emplacement des vis<\/li>\n<li>Fabriqu\u00e9 en aluminium 7075-T651<\/li>\n<li>Fabriqu\u00e9 aux \u00c9tats-Unis avec des mat\u00e9riaux d&rsquo;origine am\u00e9ricaine<\/li>\n<li>Inclut le mat\u00e9riel de montage pour une installation facile<\/li>\n<\/ul>\n<\/div>\n","protected":false},"excerpt":{"rendered":"<p>IBR d&rsquo;Area 419 : Rail de bipied l\u00e9ger et durable avec 10 emplacements.<\/p>\n","protected":false},"featured_media":118174,"template":"","meta":{"_acf_changed":false},"product_brand":[11038],"product_cat":[12193,12141],"product_tag":[],"class_list":{"0":"post-139560","1":"product","2":"type-product","3":"status-publish","4":"has-post-thumbnail","6":"product_brand-area-419","7":"product_cat-fusil","8":"product_cat-rails","10":"first","11":"instock","12":"taxable","13":"shipping-taxable","14":"purchasable","15":"product-type-variable","16":"wvs-archive-product-wrapper"},"acf":[],"_links":{"self":[{"href":"https:\/\/staging.nbg.eu\/fr\/wp-json\/wp\/v2\/product\/139560","targetHints":{"allow":["GET"]}}],"collection":[{"href":"https:\/\/staging.nbg.eu\/fr\/wp-json\/wp\/v2\/product"}],"about":[{"href":"https:\/\/staging.nbg.eu\/fr\/wp-json\/wp\/v2\/types\/product"}],"wp:featuredmedia":[{"embeddable":true,"href":"https:\/\/staging.nbg.eu\/fr\/wp-json\/wp\/v2\/media\/118174"}],"wp:attachment":[{"href":"https:\/\/staging.nbg.eu\/fr\/wp-json\/wp\/v2\/media?parent=139560"}],"wp:term":[{"taxonomy":"product_brand","embeddable":true,"href":"https:\/\/staging.nbg.eu\/fr\/wp-json\/wp\/v2\/product_brand?post=139560"},{"taxonomy":"product_cat","embeddable":true,"href":"https:\/\/staging.nbg.eu\/fr\/wp-json\/wp\/v2\/product_cat?post=139560"},{"taxonomy":"product_tag","embeddable":true,"href":"https:\/\/staging.nbg.eu\/fr\/wp-json\/wp\/v2\/product_tag?post=139560"}],"curies":[{"name":"wp","href":"https:\/\/api.w.org\/{rel}","templated":true}]}}