{"id":139408,"date":"2025-01-04T07:39:43","date_gmt":"2025-01-10T10:49:14","guid":{"rendered":"https:\/\/staging.nbg.eu\/product\/area-419-arcalock-fixed-barricade-block\/"},"modified":"2025-01-10T10:51:09","modified_gmt":"2025-01-10T10:51:09","slug":"area-419-bloc-de-barricade-fixe-arcalock","status":"publish","type":"product","link":"https:\/\/staging.nbg.eu\/fr\/produit\/area-419-bloc-de-barricade-fixe-arcalock\/","title":{"rendered":"Area 419 &#8211; Bloc de barricade fixe ARCALOCK"},"content":{"rendered":"<div class=\"product-description\">\n<h2>Area 419 &#8211; Bloc de barricade fixe ARCALOCK<\/h2>\n<p>Le bloc de barricade fixe ARCALOCK est con\u00e7u pour les rails plats ARCALOCK. Cet accessoire se glisse sur les rails Universal 12&Prime;, M-LOK, Keymod et MPA, offrant une but\u00e9e s\u00e9curis\u00e9e et personnalisable.<\/p>\n<ul>\n<li>Hauteur de 2,86 cm depuis le bas du rail<\/li>\n<li>Surface rainur\u00e9e pour une meilleure adh\u00e9rence<\/li>\n<li>Conception \u00e0 pince de serrage avec vis de r\u00e9glage pour une stabilit\u00e9 garantie<\/li>\n<li>Usin\u00e9 en aluminium 6061-T6<\/li>\n<li>Finition anodis\u00e9e dure de type III noire<\/li>\n<li>Inclut une cl\u00e9 de 2,38 mm pour l&rsquo;ajustement<\/li>\n<\/ul>\n<p>Pesant 90,7 grammes et mesurant 5,08 cm x 3,81 cm x 3,81 cm, ce bloc compact offre durabilit\u00e9 et pr\u00e9cision.<\/p>\n<\/div>\n","protected":false},"excerpt":{"rendered":"<p>But\u00e9e de barricade s\u00e9curis\u00e9e et ajustable pour rails ARCALOCK. En aluminium, avec prise rainur\u00e9e.<\/p>\n","protected":false},"featured_media":115543,"template":"","meta":{"_acf_changed":false},"product_brand":[11038],"product_cat":[12193,12141,390],"product_tag":[],"class_list":{"0":"post-139408","1":"product","2":"type-product","3":"status-publish","4":"has-post-thumbnail","6":"product_brand-area-419","7":"product_cat-fusil","8":"product_cat-rails","9":"product_cat-aiming","11":"first","12":"instock","13":"taxable","14":"shipping-taxable","15":"purchasable","16":"product-type-simple"},"acf":[],"_links":{"self":[{"href":"https:\/\/staging.nbg.eu\/fr\/wp-json\/wp\/v2\/product\/139408","targetHints":{"allow":["GET"]}}],"collection":[{"href":"https:\/\/staging.nbg.eu\/fr\/wp-json\/wp\/v2\/product"}],"about":[{"href":"https:\/\/staging.nbg.eu\/fr\/wp-json\/wp\/v2\/types\/product"}],"wp:featuredmedia":[{"embeddable":true,"href":"https:\/\/staging.nbg.eu\/fr\/wp-json\/wp\/v2\/media\/115543"}],"wp:attachment":[{"href":"https:\/\/staging.nbg.eu\/fr\/wp-json\/wp\/v2\/media?parent=139408"}],"wp:term":[{"taxonomy":"product_brand","embeddable":true,"href":"https:\/\/staging.nbg.eu\/fr\/wp-json\/wp\/v2\/product_brand?post=139408"},{"taxonomy":"product_cat","embeddable":true,"href":"https:\/\/staging.nbg.eu\/fr\/wp-json\/wp\/v2\/product_cat?post=139408"},{"taxonomy":"product_tag","embeddable":true,"href":"https:\/\/staging.nbg.eu\/fr\/wp-json\/wp\/v2\/product_tag?post=139408"}],"curies":[{"name":"wp","href":"https:\/\/api.w.org\/{rel}","templated":true}]}}