{"id":139300,"date":"2025-01-04T11:28:41","date_gmt":"2025-01-04T11:28:41","guid":{"rendered":"https:\/\/staging.nbg.eu\/product\/area-419-3-inch-stackable-drop-tube\/"},"modified":"2025-05-09T17:04:44","modified_gmt":"2025-05-09T17:04:44","slug":"area-419-tube-de-chute-empilable-3-pouces","status":"publish","type":"product","link":"https:\/\/staging.nbg.eu\/fr\/produit\/area-419-tube-de-chute-empilable-3-pouces\/","title":{"rendered":"Area 419 &#8211; Tube de chute empilable 3 pouces"},"content":{"rendered":"<h2>Area 419 &#8211; Tube de chute empilable de 7,62 cm<\/h2>\n<p>Ce tube de chute Area 419 de 7,62 cm est con\u00e7u pour \u00eatre utilis\u00e9 avec des poudres extrud\u00e9es. Il permet un remplissage plus complet des \u00e9tuis.<\/p>\n<h2>Caract\u00e9ristiques principales :<\/h2>\n<ul>\n<li>Compatible avec le syst\u00e8me d&rsquo;entonnoir \u00e0 poudre Area 419 \u00e0 t\u00eate interchangeable<\/li>\n<li>Longueur de 7,62 cm, empilable pour des hauteurs personnalis\u00e9es<\/li>\n<li>Accepte des t\u00eates sp\u00e9cifiques au calibre<\/li>\n<li>Usin\u00e9 en aluminium 6061-T6 plein<\/li>\n<li>Finition anodis\u00e9e de type II<\/li>\n<\/ul>\n<h2>Sp\u00e9cifications :<\/h2>\n<ul>\n<li>Poids : 90,7 grammes<\/li>\n<li>Dimensions : 7,62 cm \u00d7 2,03 cm \u00d7 2,03 cm<\/li>\n<li>Fabricant : Area 419<\/li>\n<\/ul>\n<p>Ce tube de chute est con\u00e7u pour am\u00e9liorer la pr\u00e9cision du rechargement.<\/p>\n","protected":false},"excerpt":{"rendered":"<p>Tube de chargement de poudre empilable de 3 pouces pour un remplissage efficace des \u00e9tuis. Aluminium.<\/p>\n","protected":false},"featured_media":119161,"template":"","meta":{"_acf_changed":false},"product_brand":[11038],"product_cat":[12143,12189],"product_tag":[],"class_list":{"0":"post-139300","1":"product","2":"type-product","3":"status-publish","4":"has-post-thumbnail","6":"product_brand-area-419","7":"product_cat-accessoires-de-rechargement","8":"product_cat-rechargement","10":"first","11":"outofstock","12":"taxable","13":"shipping-taxable","14":"purchasable","15":"product-type-simple"},"acf":[],"_links":{"self":[{"href":"https:\/\/staging.nbg.eu\/fr\/wp-json\/wp\/v2\/product\/139300","targetHints":{"allow":["GET"]}}],"collection":[{"href":"https:\/\/staging.nbg.eu\/fr\/wp-json\/wp\/v2\/product"}],"about":[{"href":"https:\/\/staging.nbg.eu\/fr\/wp-json\/wp\/v2\/types\/product"}],"wp:featuredmedia":[{"embeddable":true,"href":"https:\/\/staging.nbg.eu\/fr\/wp-json\/wp\/v2\/media\/119161"}],"wp:attachment":[{"href":"https:\/\/staging.nbg.eu\/fr\/wp-json\/wp\/v2\/media?parent=139300"}],"wp:term":[{"taxonomy":"product_brand","embeddable":true,"href":"https:\/\/staging.nbg.eu\/fr\/wp-json\/wp\/v2\/product_brand?post=139300"},{"taxonomy":"product_cat","embeddable":true,"href":"https:\/\/staging.nbg.eu\/fr\/wp-json\/wp\/v2\/product_cat?post=139300"},{"taxonomy":"product_tag","embeddable":true,"href":"https:\/\/staging.nbg.eu\/fr\/wp-json\/wp\/v2\/product_tag?post=139300"}],"curies":[{"name":"wp","href":"https:\/\/api.w.org\/{rel}","templated":true}]}}