{"id":139067,"date":"2025-01-04T11:21:50","date_gmt":"2025-01-04T11:21:50","guid":{"rendered":"https:\/\/staging.nbg.eu\/product\/area-419-master-funnel-kit\/"},"modified":"2025-01-10T10:22:24","modified_gmt":"2025-01-10T10:22:24","slug":"area-419-kit-entonnoir-universel","status":"publish","type":"product","link":"https:\/\/staging.nbg.eu\/fr\/produit\/area-419-kit-entonnoir-universel\/","title":{"rendered":"Area 419 &#8211; Kit entonnoir universel"},"content":{"rendered":"<h2>Area 419 &#8211; Kit d&rsquo;entonnoir principal<\/h2>\n<p>Le kit d&rsquo;entonnoir principal Area 419 comprend :<\/p>\n<ul>\n<li>1 corps d&rsquo;entonnoir en aluminium<\/li>\n<li>6 t\u00eates sp\u00e9cifiques aux calibres (22 cal, 6mm\/243, 6,5mm\/264, 7mm\/284, 30 cal, 338 cal)<\/li>\n<li>1 bloc de rangement en aluminium<\/li>\n<\/ul>\n<p>Fabriqu\u00e9 en aluminium 6061-T6, cet entonnoir r\u00e9duit l&rsquo;\u00e9lectricit\u00e9 statique et facilite l&rsquo;\u00e9coulement de la poudre. Les t\u00eates interchangeables s&rsquo;adaptent \u00e0 chaque calibre. La conception comprend :<\/p>\n<ul>\n<li>Int\u00e9rieur cannel\u00e9 pour am\u00e9liorer l&rsquo;\u00e9coulement de la poudre<\/li>\n<li>Poign\u00e9es usin\u00e9es<\/li>\n<li>Surfaces lisses pour \u00e9viter l&rsquo;adh\u00e9rence de la poudre<\/li>\n<\/ul>\n<p>Fabriqu\u00e9 aux \u00c9tats-Unis, ce kit est con\u00e7u pour le rechargement de pr\u00e9cision.<\/p>\n","protected":false},"excerpt":{"rendered":"<p>Kit d&rsquo;entonnoir ma\u00eetre Area 419 : Rechargement de pr\u00e9cision avec 6 t\u00eates de calibre.<\/p>\n","protected":false},"featured_media":119063,"template":"","meta":{"_acf_changed":false},"product_brand":[11038],"product_cat":[12143,12189],"product_tag":[],"class_list":{"0":"post-139067","1":"product","2":"type-product","3":"status-publish","4":"has-post-thumbnail","6":"product_brand-area-419","7":"product_cat-accessoires-de-rechargement","8":"product_cat-rechargement","10":"first","11":"instock","12":"taxable","13":"shipping-taxable","14":"purchasable","15":"product-type-simple"},"acf":[],"_links":{"self":[{"href":"https:\/\/staging.nbg.eu\/fr\/wp-json\/wp\/v2\/product\/139067","targetHints":{"allow":["GET"]}}],"collection":[{"href":"https:\/\/staging.nbg.eu\/fr\/wp-json\/wp\/v2\/product"}],"about":[{"href":"https:\/\/staging.nbg.eu\/fr\/wp-json\/wp\/v2\/types\/product"}],"wp:featuredmedia":[{"embeddable":true,"href":"https:\/\/staging.nbg.eu\/fr\/wp-json\/wp\/v2\/media\/119063"}],"wp:attachment":[{"href":"https:\/\/staging.nbg.eu\/fr\/wp-json\/wp\/v2\/media?parent=139067"}],"wp:term":[{"taxonomy":"product_brand","embeddable":true,"href":"https:\/\/staging.nbg.eu\/fr\/wp-json\/wp\/v2\/product_brand?post=139067"},{"taxonomy":"product_cat","embeddable":true,"href":"https:\/\/staging.nbg.eu\/fr\/wp-json\/wp\/v2\/product_cat?post=139067"},{"taxonomy":"product_tag","embeddable":true,"href":"https:\/\/staging.nbg.eu\/fr\/wp-json\/wp\/v2\/product_tag?post=139067"}],"curies":[{"name":"wp","href":"https:\/\/api.w.org\/{rel}","templated":true}]}}