{"id":138320,"date":"2025-01-04T04:14:08","date_gmt":"2025-01-09T20:34:13","guid":{"rendered":"https:\/\/staging.nbg.eu\/product\/area-419-remington-700-long-action-improved-scope-rail-isr-la\/"},"modified":"2025-01-09T20:36:34","modified_gmt":"2025-01-09T20:36:34","slug":"area-419-rail-de-visee-ameliore-remington-700-long-action-isr-la","status":"publish","type":"product","link":"https:\/\/staging.nbg.eu\/fr\/produit\/area-419-rail-de-visee-ameliore-remington-700-long-action-isr-la\/","title":{"rendered":"Area 419 &#8211; Rail de vis\u00e9e am\u00e9lior\u00e9 Remington 700 Long Action (ISR-LA)"},"content":{"rendered":"<div class=\"product-description\">\n<h2>Area 419 &#8211; Rail de lunette am\u00e9lior\u00e9 pour Remington 700 Long Action (ISR-LA)<\/h2>\n<p>Le rail de lunette Area 419 ISR-LA. Usin\u00e9 avec pr\u00e9cision en aluminium 7075, ce rail comprend :<\/p>\n<ul>\n<li>Ergot de recul int\u00e9gr\u00e9 pour une stabilit\u00e9 accrue<\/li>\n<li>Disponible en versions \u00e0 rainures compl\u00e8tes et ARC Top<\/li>\n<li>Compatible avec les vis #6 et #8<\/li>\n<li>Angle de 20 MOA garanti pour une port\u00e9e \u00e9tendue<\/li>\n<li>Conforme \u00e0 la norme MIL-STD-1913<\/li>\n<li>Finition anodis\u00e9e noire de type III<\/li>\n<\/ul>\n<p>Inclut le mat\u00e9riel de montage et une cl\u00e9 Torx T10. Choisissez entre la version \u00e0 rainures compl\u00e8tes pour une compatibilit\u00e9 universelle ou ARC Top pour une esth\u00e9tique unique. Dimensions : 21 cm \u00d7 2,5 cm \u00d7 2,5 cm, Poids : 91 g.<\/p>\n<\/div>\n","protected":false},"excerpt":{"rendered":"<p>Rail de lunette 20 MOA usin\u00e9 avec pr\u00e9cision pour les carabines Remington 700 LA.<\/p>\n","protected":false},"featured_media":111603,"template":"","meta":{"_acf_changed":false},"product_brand":[11038],"product_cat":[12193,12141],"product_tag":[],"class_list":{"0":"post-138320","1":"product","2":"type-product","3":"status-publish","4":"has-post-thumbnail","6":"product_brand-area-419","7":"product_cat-fusil","8":"product_cat-rails","10":"first","11":"instock","12":"taxable","13":"shipping-taxable","14":"purchasable","15":"product-type-variable","16":"wvs-archive-product-wrapper"},"acf":[],"_links":{"self":[{"href":"https:\/\/staging.nbg.eu\/fr\/wp-json\/wp\/v2\/product\/138320","targetHints":{"allow":["GET"]}}],"collection":[{"href":"https:\/\/staging.nbg.eu\/fr\/wp-json\/wp\/v2\/product"}],"about":[{"href":"https:\/\/staging.nbg.eu\/fr\/wp-json\/wp\/v2\/types\/product"}],"wp:featuredmedia":[{"embeddable":true,"href":"https:\/\/staging.nbg.eu\/fr\/wp-json\/wp\/v2\/media\/111603"}],"wp:attachment":[{"href":"https:\/\/staging.nbg.eu\/fr\/wp-json\/wp\/v2\/media?parent=138320"}],"wp:term":[{"taxonomy":"product_brand","embeddable":true,"href":"https:\/\/staging.nbg.eu\/fr\/wp-json\/wp\/v2\/product_brand?post=138320"},{"taxonomy":"product_cat","embeddable":true,"href":"https:\/\/staging.nbg.eu\/fr\/wp-json\/wp\/v2\/product_cat?post=138320"},{"taxonomy":"product_tag","embeddable":true,"href":"https:\/\/staging.nbg.eu\/fr\/wp-json\/wp\/v2\/product_tag?post=138320"}],"curies":[{"name":"wp","href":"https:\/\/api.w.org\/{rel}","templated":true}]}}