{"id":137413,"date":"2025-01-04T07:45:36","date_gmt":"2025-01-09T11:24:41","guid":{"rendered":"https:\/\/staging.nbg.eu\/product\/area-419-picatinny-1913-adapter-for-arcalock-clamps\/"},"modified":"2025-01-09T11:26:34","modified_gmt":"2025-01-09T11:26:34","slug":"area-419-adaptateur-picatinny1913-pour-fixations-arcalock","status":"publish","type":"product","link":"https:\/\/staging.nbg.eu\/fr\/produit\/area-419-adaptateur-picatinny1913-pour-fixations-arcalock\/","title":{"rendered":"Area 419 &#8211; Adaptateur Picatinny\/1913 pour fixations ARCALOCK"},"content":{"rendered":"<h2>Area 419 &#8211; Adaptateur Picatinny\/1913 pour pinces ARCALOCK<\/h2>\n<p>Cet adaptateur de rail Picatinny \u00e0 4 fentes est con\u00e7u pour s&rsquo;int\u00e9grer aux pinces ARCALOCK. Il permet d&rsquo;utiliser tout bipied compatible Picatinny avec votre \u00e9quipement existant.<\/p>\n<h2>Caract\u00e9ristiques principales :<\/h2>\n<ul>\n<li>Compatible avec les mod\u00e8les Atlas BT10 \u00e0 2 vis, Evo et autres bipieds compatibles Picatinny<\/li>\n<li>Fabriqu\u00e9 en interne<\/li>\n<li>Porte-sangle int\u00e9gr\u00e9<\/li>\n<li>Conception l\u00e9g\u00e8re et compacte<\/li>\n<\/ul>\n<h2>Sp\u00e9cifications :<\/h2>\n<ul>\n<li>Poids : 0,09 kg<\/li>\n<li>Dimensions : 5,08 cm \u00d7 1,27 cm \u00d7 1,27 cm<\/li>\n<li>Fabricant : B&amp;T Industries<\/li>\n<\/ul>\n<p>Am\u00e9liorez votre pince ARCALOCK et augmentez la polyvalence de votre \u00e9quipement de tir.<\/p>\n","protected":false},"excerpt":{"rendered":"<p>Rail picatinny \u00e0 4 fentes pour la pince ARCALOCK, compatible avec les bipodes Atlas et Evo.<\/p>\n","protected":false},"featured_media":115686,"template":"","meta":{"_acf_changed":false},"product_brand":[11038],"product_cat":[12193,12141,390],"product_tag":[],"class_list":{"0":"post-137413","1":"product","2":"type-product","3":"status-publish","4":"has-post-thumbnail","6":"product_brand-area-419","7":"product_cat-fusil","8":"product_cat-rails","9":"product_cat-aiming","11":"first","12":"instock","13":"taxable","14":"shipping-taxable","15":"purchasable","16":"product-type-simple"},"acf":[],"_links":{"self":[{"href":"https:\/\/staging.nbg.eu\/fr\/wp-json\/wp\/v2\/product\/137413","targetHints":{"allow":["GET"]}}],"collection":[{"href":"https:\/\/staging.nbg.eu\/fr\/wp-json\/wp\/v2\/product"}],"about":[{"href":"https:\/\/staging.nbg.eu\/fr\/wp-json\/wp\/v2\/types\/product"}],"wp:featuredmedia":[{"embeddable":true,"href":"https:\/\/staging.nbg.eu\/fr\/wp-json\/wp\/v2\/media\/115686"}],"wp:attachment":[{"href":"https:\/\/staging.nbg.eu\/fr\/wp-json\/wp\/v2\/media?parent=137413"}],"wp:term":[{"taxonomy":"product_brand","embeddable":true,"href":"https:\/\/staging.nbg.eu\/fr\/wp-json\/wp\/v2\/product_brand?post=137413"},{"taxonomy":"product_cat","embeddable":true,"href":"https:\/\/staging.nbg.eu\/fr\/wp-json\/wp\/v2\/product_cat?post=137413"},{"taxonomy":"product_tag","embeddable":true,"href":"https:\/\/staging.nbg.eu\/fr\/wp-json\/wp\/v2\/product_tag?post=137413"}],"curies":[{"name":"wp","href":"https:\/\/api.w.org\/{rel}","templated":true}]}}