{"id":134766,"date":"2024-11-26T10:13:16","date_gmt":"2024-11-26T10:13:16","guid":{"rendered":"https:\/\/staging.nbg.eu\/product\/geissele-ak-high-energy-main-spring\/"},"modified":"2025-01-08T19:00:11","modified_gmt":"2025-01-08T19:00:11","slug":"ressort-principal-haute-energie-geissele-ak","status":"publish","type":"product","link":"https:\/\/staging.nbg.eu\/fr\/produit\/ressort-principal-haute-energie-geissele-ak\/","title":{"rendered":"Ressort principal haute \u00e9nergie Geissele AK"},"content":{"rendered":"<div class=\"product-description\">\n<h2>Ressort principal \u00e0 haute \u00e9nergie Geissele pour AK<\/h2>\n<p>Am\u00e9liorez les performances de votre fusil AK47\/74 avec le ressort principal \u00e0 haute \u00e9nergie Geissele pour AK. Ce ressort de remplacement offre :<\/p>\n<ul>\n<li>Construction en fil unique en chrome-silicium<\/li>\n<li>Fabriqu\u00e9 selon les sp\u00e9cifications ASTM A401<\/li>\n<li>25% de couple suppl\u00e9mentaire par rapport aux ressorts principaux standard<\/li>\n<li>Temps de verrouillage r\u00e9duit pour une vitesse de tir am\u00e9lior\u00e9e<\/li>\n<li>Coh\u00e9rence accrue dans l&rsquo;allumage de l&rsquo;amorce<\/li>\n<\/ul>\n<p>Am\u00e9liorez la fiabilit\u00e9 et la r\u00e9activit\u00e9 de votre AK avec ce ressort. Con\u00e7u pour ceux qui exigent le meilleur de leurs armes \u00e0 feu, le ressort principal \u00e0 haute \u00e9nergie Geissele pour AK offre des performances et une coh\u00e9rence sup\u00e9rieures tir apr\u00e8s tir.<\/p>\n<\/div>\n","protected":false},"excerpt":{"rendered":"<p>Am\u00e9liorez les performances de l&rsquo;AK47\/74 avec ce ressort de remplacement haute \u00e9nergie.<\/p>\n","protected":false},"featured_media":81145,"template":"","meta":{"_acf_changed":false},"product_brand":[11381],"product_cat":[12127],"product_tag":[],"class_list":{"0":"post-134766","1":"product","2":"type-product","3":"status-publish","4":"has-post-thumbnail","6":"product_brand-geissele","7":"product_cat-tuning-ak","9":"first","10":"instock","11":"taxable","12":"shipping-taxable","13":"product-type-simple"},"acf":[],"_links":{"self":[{"href":"https:\/\/staging.nbg.eu\/fr\/wp-json\/wp\/v2\/product\/134766","targetHints":{"allow":["GET"]}}],"collection":[{"href":"https:\/\/staging.nbg.eu\/fr\/wp-json\/wp\/v2\/product"}],"about":[{"href":"https:\/\/staging.nbg.eu\/fr\/wp-json\/wp\/v2\/types\/product"}],"wp:featuredmedia":[{"embeddable":true,"href":"https:\/\/staging.nbg.eu\/fr\/wp-json\/wp\/v2\/media\/81145"}],"wp:attachment":[{"href":"https:\/\/staging.nbg.eu\/fr\/wp-json\/wp\/v2\/media?parent=134766"}],"wp:term":[{"taxonomy":"product_brand","embeddable":true,"href":"https:\/\/staging.nbg.eu\/fr\/wp-json\/wp\/v2\/product_brand?post=134766"},{"taxonomy":"product_cat","embeddable":true,"href":"https:\/\/staging.nbg.eu\/fr\/wp-json\/wp\/v2\/product_cat?post=134766"},{"taxonomy":"product_tag","embeddable":true,"href":"https:\/\/staging.nbg.eu\/fr\/wp-json\/wp\/v2\/product_tag?post=134766"}],"curies":[{"name":"wp","href":"https:\/\/api.w.org\/{rel}","templated":true}]}}