{"id":134510,"date":"2024-11-26T10:10:26","date_gmt":"2025-01-08T18:00:09","guid":{"rendered":"https:\/\/staging.nbg.eu\/product\/geissele-ak-braided-spring\/"},"modified":"2025-01-08T18:02:07","modified_gmt":"2025-01-08T18:02:07","slug":"geissele-ressort-tresse-ak","status":"publish","type":"product","link":"https:\/\/staging.nbg.eu\/fr\/produit\/geissele-ressort-tresse-ak\/","title":{"rendered":"Geissele Ressort Tress\u00e9 AK"},"content":{"rendered":"<div class=\"product-description\">\n<h2>Ressort tress\u00e9 Geissele pour AK<\/h2>\n<p>Remplacez le ressort de recul standard de votre fusil AK47\/74 par le ressort principal tress\u00e9 ALG AK. Fabriqu\u00e9 aux \u00c9tats-Unis, ce ressort comprend :<\/p>\n<ul>\n<li>Trois brins de fil m\u00e9tallique<\/li>\n<li>Construction tress\u00e9e pour une durabilit\u00e9 accrue<\/li>\n<li>Am\u00e9lioration du cycle et de la fiabilit\u00e9<\/li>\n<li>Compatible avec les variantes AK47 et AK74<\/li>\n<\/ul>\n<p>Ce ressort offre un fonctionnement plus fluide et des performances constantes. La conception tress\u00e9e augmente la long\u00e9vit\u00e9 par rapport aux ressorts \u00e0 fil unique traditionnels, assurant le maintien des performances de votre AK. Ce ressort est un remplacement pour am\u00e9liorer la fonctionnalit\u00e9 de votre fusil.<\/p>\n<\/div>\n","protected":false},"excerpt":{"rendered":"<p>Am\u00e9liorez les performances de l&rsquo;AK47\/74 avec un ressort principal tress\u00e9 fabriqu\u00e9 aux \u00c9tats-Unis.<\/p>\n","protected":false},"featured_media":81098,"template":"","meta":{"_acf_changed":false},"product_brand":[11381],"product_cat":[12127],"product_tag":[],"class_list":{"0":"post-134510","1":"product","2":"type-product","3":"status-publish","4":"has-post-thumbnail","6":"product_brand-geissele","7":"product_cat-tuning-ak","9":"first","10":"instock","11":"taxable","12":"shipping-taxable","13":"product-type-simple"},"acf":[],"_links":{"self":[{"href":"https:\/\/staging.nbg.eu\/fr\/wp-json\/wp\/v2\/product\/134510","targetHints":{"allow":["GET"]}}],"collection":[{"href":"https:\/\/staging.nbg.eu\/fr\/wp-json\/wp\/v2\/product"}],"about":[{"href":"https:\/\/staging.nbg.eu\/fr\/wp-json\/wp\/v2\/types\/product"}],"wp:featuredmedia":[{"embeddable":true,"href":"https:\/\/staging.nbg.eu\/fr\/wp-json\/wp\/v2\/media\/81098"}],"wp:attachment":[{"href":"https:\/\/staging.nbg.eu\/fr\/wp-json\/wp\/v2\/media?parent=134510"}],"wp:term":[{"taxonomy":"product_brand","embeddable":true,"href":"https:\/\/staging.nbg.eu\/fr\/wp-json\/wp\/v2\/product_brand?post=134510"},{"taxonomy":"product_cat","embeddable":true,"href":"https:\/\/staging.nbg.eu\/fr\/wp-json\/wp\/v2\/product_cat?post=134510"},{"taxonomy":"product_tag","embeddable":true,"href":"https:\/\/staging.nbg.eu\/fr\/wp-json\/wp\/v2\/product_tag?post=134510"}],"curies":[{"name":"wp","href":"https:\/\/api.w.org\/{rel}","templated":true}]}}