{"id":134220,"date":"2024-11-17T08:22:03","date_gmt":"2025-01-08T17:28:47","guid":{"rendered":"https:\/\/staging.nbg.eu\/product\/geissele-ak-recoil-spring\/"},"modified":"2025-01-08T17:30:48","modified_gmt":"2025-01-08T17:30:48","slug":"geissele-ressort-de-recul-ak","status":"publish","type":"product","link":"https:\/\/staging.nbg.eu\/fr\/produit\/geissele-ressort-de-recul-ak\/","title":{"rendered":"Geissele Ressort de Recul AK"},"content":{"rendered":"<div class=\"product-description\">\n<h2>Ressort de recul Geissele pour AK<\/h2>\n<p>Ressort de recul ALG pour AK. Ce mod\u00e8le offre une durabilit\u00e9 et une fiabilit\u00e9 pour votre arme \u00e0 feu.<\/p>\n<ul>\n<li>Fabriqu\u00e9 en acier au silicium chrom\u00e9<\/li>\n<li>R\u00e9sistance aux chocs d&rsquo;impact et \u00e0 la relaxation<\/li>\n<li>Conception avec 2-3 spires mortes au centre<\/li>\n<li>Pr\u00e9vient les dommages harmoniques et maintient la longueur libre<\/li>\n<\/ul>\n<p>Ce ressort pr\u00e9sente une conception qui modifie sa fr\u00e9quence naturelle, assurant une performance constante et une dur\u00e9e de vie prolong\u00e9e. Ce ressort de recul am\u00e9liore la stabilit\u00e9 de tir et r\u00e9duit l&rsquo;usure de votre arme \u00e0 feu.<\/p>\n<\/div>\n","protected":false},"excerpt":{"rendered":"<p>Ressort de recul Geissele AK : Durable, r\u00e9sistant aux chocs, r\u00e9duisant les vibrations harmoniques.<\/p>\n","protected":false},"featured_media":81051,"template":"","meta":{"_acf_changed":false},"product_brand":[11381],"product_cat":[12127],"product_tag":[],"class_list":{"0":"post-134220","1":"product","2":"type-product","3":"status-publish","4":"has-post-thumbnail","6":"product_brand-geissele","7":"product_cat-tuning-ak","9":"first","10":"instock","11":"taxable","12":"shipping-taxable","13":"product-type-simple"},"acf":[],"_links":{"self":[{"href":"https:\/\/staging.nbg.eu\/fr\/wp-json\/wp\/v2\/product\/134220","targetHints":{"allow":["GET"]}}],"collection":[{"href":"https:\/\/staging.nbg.eu\/fr\/wp-json\/wp\/v2\/product"}],"about":[{"href":"https:\/\/staging.nbg.eu\/fr\/wp-json\/wp\/v2\/types\/product"}],"wp:featuredmedia":[{"embeddable":true,"href":"https:\/\/staging.nbg.eu\/fr\/wp-json\/wp\/v2\/media\/81051"}],"wp:attachment":[{"href":"https:\/\/staging.nbg.eu\/fr\/wp-json\/wp\/v2\/media?parent=134220"}],"wp:term":[{"taxonomy":"product_brand","embeddable":true,"href":"https:\/\/staging.nbg.eu\/fr\/wp-json\/wp\/v2\/product_brand?post=134220"},{"taxonomy":"product_cat","embeddable":true,"href":"https:\/\/staging.nbg.eu\/fr\/wp-json\/wp\/v2\/product_cat?post=134220"},{"taxonomy":"product_tag","embeddable":true,"href":"https:\/\/staging.nbg.eu\/fr\/wp-json\/wp\/v2\/product_tag?post=134220"}],"curies":[{"name":"wp","href":"https:\/\/api.w.org\/{rel}","templated":true}]}}