{"id":134083,"date":"2024-11-27T16:45:20","date_gmt":"2025-01-08T17:17:24","guid":{"rendered":"https:\/\/staging.nbg.eu\/product\/area-419-remington-700-short-action-improved-scope-rail-isr-sa\/"},"modified":"2025-01-08T17:19:31","modified_gmt":"2025-01-08T17:19:31","slug":"area-419-rail-de-lunette-ameliore-remington-700-action-courte-isr-sa","status":"publish","type":"product","link":"https:\/\/staging.nbg.eu\/fr\/produit\/area-419-rail-de-lunette-ameliore-remington-700-action-courte-isr-sa\/","title":{"rendered":"Area 419 &#8211; Rail de Lunette Am\u00e9lior\u00e9 Remington 700 Action Courte (ISR-SA)"},"content":{"rendered":"<div class=\"product-description\">\n<h2>Area 419 &#8211; Rail de lunette am\u00e9lior\u00e9 pour Remington 700 action courte (ISR-SA)<\/h2>\n<p>Le Area 419 ISR-SA est un rail de lunette pour les carabines Remington 700 \u00e0 action courte. Fabriqu\u00e9 en aluminium 7075, ce rail comprend :<\/p>\n<ul>\n<li>Un ergot de recul int\u00e9gr\u00e9 pour une meilleure stabilit\u00e9<\/li>\n<li>Disponible en versions enti\u00e8rement rainur\u00e9e et ARC Top<\/li>\n<li>Compatible avec les vis #6 et #8 (incluses)<\/li>\n<li>Usinage de surface 1:1 pour un ajustement pr\u00e9cis<\/li>\n<li>Conforme \u00e0 la norme MIL-STD-1913<\/li>\n<li>Finition anodis\u00e9e noire de type III<\/li>\n<li>D\u00e9coupe de la fen\u00eatre d&rsquo;\u00e9jection pour un chargement par le haut<\/li>\n<\/ul>\n<p>Choisissez entre les options 20 MOA et 30 MOA. Poids : 0,09 kg. Dimensions : 21 \u00d7 2,54 \u00d7 2,54 cm. Pour Remington 700.<\/p>\n<\/div>\n","protected":false},"excerpt":{"rendered":"<p>Rail de montage pour lunette de pr\u00e9cision en aluminium 7075 usin\u00e9 avec pr\u00e9cision pour Remington 700 SA<\/p>\n","protected":false},"featured_media":108102,"template":"","meta":{"_acf_changed":false},"product_brand":[11038],"product_cat":[12193,12141],"product_tag":[],"class_list":{"0":"post-134083","1":"product","2":"type-product","3":"status-publish","4":"has-post-thumbnail","6":"product_brand-area-419","7":"product_cat-fusil","8":"product_cat-rails","10":"first","11":"instock","12":"taxable","13":"shipping-taxable","14":"purchasable","15":"product-type-variable","16":"wvs-archive-product-wrapper"},"acf":[],"_links":{"self":[{"href":"https:\/\/staging.nbg.eu\/fr\/wp-json\/wp\/v2\/product\/134083","targetHints":{"allow":["GET"]}}],"collection":[{"href":"https:\/\/staging.nbg.eu\/fr\/wp-json\/wp\/v2\/product"}],"about":[{"href":"https:\/\/staging.nbg.eu\/fr\/wp-json\/wp\/v2\/types\/product"}],"wp:featuredmedia":[{"embeddable":true,"href":"https:\/\/staging.nbg.eu\/fr\/wp-json\/wp\/v2\/media\/108102"}],"wp:attachment":[{"href":"https:\/\/staging.nbg.eu\/fr\/wp-json\/wp\/v2\/media?parent=134083"}],"wp:term":[{"taxonomy":"product_brand","embeddable":true,"href":"https:\/\/staging.nbg.eu\/fr\/wp-json\/wp\/v2\/product_brand?post=134083"},{"taxonomy":"product_cat","embeddable":true,"href":"https:\/\/staging.nbg.eu\/fr\/wp-json\/wp\/v2\/product_cat?post=134083"},{"taxonomy":"product_tag","embeddable":true,"href":"https:\/\/staging.nbg.eu\/fr\/wp-json\/wp\/v2\/product_tag?post=134083"}],"curies":[{"name":"wp","href":"https:\/\/api.w.org\/{rel}","templated":true}]}}