{"id":133706,"date":"2024-11-02T08:42:18","date_gmt":"2025-01-08T16:49:49","guid":{"rendered":"https:\/\/staging.nbg.eu\/product\/sprinco-usa-spring-kit-xp-buffer-spring-dual-extractor-spring\/"},"modified":"2025-01-08T16:51:43","modified_gmt":"2025-01-08T16:51:43","slug":"sprinco-usa-kit-de-ressorts-spring-kit-xp-ressort-de-buffer-ressort-extracteur-double","status":"publish","type":"product","link":"https:\/\/staging.nbg.eu\/fr\/produit\/sprinco-usa-kit-de-ressorts-spring-kit-xp-ressort-de-buffer-ressort-extracteur-double\/","title":{"rendered":"SPRINCO USA Kit de Ressorts Spring Kit-XP Ressort de Buffer \/ Ressort Extracteur Double"},"content":{"rendered":"<div class=\"product-description\">\n<h2>Kit de ressorts SPRINCO USA &#8211; Ressort de tampon XP \/ Ressort double extracteur<\/h2>\n<p>Am\u00e9liorez la fiabilit\u00e9 de votre AR avec le ressort de tampon \u00e0 puissance accrue SPRINCO USA. Con\u00e7u en 2006 pour une \u00e9quipe de modernisation des forces, ce ressort r\u00e9sout les probl\u00e8mes de fonctionnement du fusil M4 dans des environnements difficiles.<\/p>\n<ul>\n<li>Charges de conception 25% sup\u00e9rieures par rapport au ressort blanc<\/li>\n<li>Adapt\u00e9 pour 9mm, 6.8 SPC, 6.5 Grendel, .450 BM, .450 SOCOM, .500 Beowulf et Colt LE6920<\/li>\n<li>Documents de proc\u00e9dure de r\u00e9glage inclus pour des performances optimales<\/li>\n<\/ul>\n<p>Note : Les performances peuvent varier en fonction des valeurs de port et des charges de munitions. Consultez la documentation fournie avant utilisation.<\/p>\n<\/div>\n","protected":false},"excerpt":{"rendered":"<p>Ressort de tampon AR am\u00e9lior\u00e9 pour une fiabilit\u00e9 accrue dans des environnements difficiles.<\/p>\n","protected":false},"featured_media":76555,"template":"","meta":{"_acf_changed":false},"product_brand":[],"product_cat":[12142],"product_tag":[],"class_list":{"0":"post-133706","1":"product","2":"type-product","3":"status-publish","4":"has-post-thumbnail","6":"product_cat-tuning-carabine","8":"first","9":"instock","10":"taxable","11":"shipping-taxable","12":"purchasable","13":"product-type-simple"},"acf":[],"_links":{"self":[{"href":"https:\/\/staging.nbg.eu\/fr\/wp-json\/wp\/v2\/product\/133706","targetHints":{"allow":["GET"]}}],"collection":[{"href":"https:\/\/staging.nbg.eu\/fr\/wp-json\/wp\/v2\/product"}],"about":[{"href":"https:\/\/staging.nbg.eu\/fr\/wp-json\/wp\/v2\/types\/product"}],"wp:featuredmedia":[{"embeddable":true,"href":"https:\/\/staging.nbg.eu\/fr\/wp-json\/wp\/v2\/media\/76555"}],"wp:attachment":[{"href":"https:\/\/staging.nbg.eu\/fr\/wp-json\/wp\/v2\/media?parent=133706"}],"wp:term":[{"taxonomy":"product_brand","embeddable":true,"href":"https:\/\/staging.nbg.eu\/fr\/wp-json\/wp\/v2\/product_brand?post=133706"},{"taxonomy":"product_cat","embeddable":true,"href":"https:\/\/staging.nbg.eu\/fr\/wp-json\/wp\/v2\/product_cat?post=133706"},{"taxonomy":"product_tag","embeddable":true,"href":"https:\/\/staging.nbg.eu\/fr\/wp-json\/wp\/v2\/product_tag?post=133706"}],"curies":[{"name":"wp","href":"https:\/\/api.w.org\/{rel}","templated":true}]}}