{"id":131920,"date":"2025-01-01T20:52:41","date_gmt":"2025-01-07T16:58:36","guid":{"rendered":"https:\/\/staging.nbg.eu\/product\/area-419-match-scope-rings\/"},"modified":"2025-01-07T17:00:53","modified_gmt":"2025-01-07T17:00:53","slug":"area-419-anneaux-de-lunette-match","status":"publish","type":"product","link":"https:\/\/staging.nbg.eu\/fr\/produit\/area-419-anneaux-de-lunette-match\/","title":{"rendered":"Area 419 Anneaux de Lunette MATCH"},"content":{"rendered":"<div class=\"product-description\">\n<h2>Anneaux de lunette MATCH Area 419<\/h2>\n<p>Les anneaux de lunette MATCH Area 419 sont con\u00e7us pour fixer votre optique de mani\u00e8re fiable et pr\u00e9cise.<\/p>\n<ul>\n<li>Anneaux num\u00e9rot\u00e9s et appari\u00e9s pour une pr\u00e9cision optimale<\/li>\n<li>Int\u00e9rieur en aluminium brut pour une meilleure adh\u00e9rence de l&rsquo;optique<\/li>\n<li>Al\u00e9s\u00e9s avec pr\u00e9cision par paires dans des centres d&rsquo;usinage<\/li>\n<li>Marqu\u00e9s au laser comme paires assorties<\/li>\n<li>Fabriqu\u00e9s en aluminium 7075 de qualit\u00e9 a\u00e9rospatiale<\/li>\n<li>Rev\u00eatement anodis\u00e9 dur de type 3 (al\u00e9sage interne en aluminium brut)<\/li>\n<li>Disponibles pour des tubes de 30mm, 34mm, 35mm et 36mm de diam\u00e8tre<\/li>\n<li>Hauteurs de montage basse (24mm), moyenne (28mm) et haute (32mm)<\/li>\n<\/ul>\n<p>Les anneaux de lunette MATCH Area 419 sont con\u00e7us pour le montage d&rsquo;optiques.<\/p>\n<\/div>\n","protected":false},"excerpt":{"rendered":"<p>Anneaux de lunette de vis\u00e9e appari\u00e9s avec pr\u00e9cision et num\u00e9rot\u00e9s en s\u00e9rie pour une stabilit\u00e9 optique ultime.<\/p>\n","protected":false},"featured_media":109089,"template":"","meta":{"_acf_changed":false},"product_brand":[11038],"product_cat":[12169],"product_tag":[],"class_list":{"0":"post-131920","1":"product","2":"type-product","3":"status-publish","4":"has-post-thumbnail","6":"product_brand-area-419","7":"product_cat-visee","9":"first","10":"instock","11":"taxable","12":"shipping-taxable","13":"purchasable","14":"product-type-variable","15":"wvs-archive-product-wrapper"},"acf":[],"_links":{"self":[{"href":"https:\/\/staging.nbg.eu\/fr\/wp-json\/wp\/v2\/product\/131920","targetHints":{"allow":["GET"]}}],"collection":[{"href":"https:\/\/staging.nbg.eu\/fr\/wp-json\/wp\/v2\/product"}],"about":[{"href":"https:\/\/staging.nbg.eu\/fr\/wp-json\/wp\/v2\/types\/product"}],"wp:featuredmedia":[{"embeddable":true,"href":"https:\/\/staging.nbg.eu\/fr\/wp-json\/wp\/v2\/media\/109089"}],"wp:attachment":[{"href":"https:\/\/staging.nbg.eu\/fr\/wp-json\/wp\/v2\/media?parent=131920"}],"wp:term":[{"taxonomy":"product_brand","embeddable":true,"href":"https:\/\/staging.nbg.eu\/fr\/wp-json\/wp\/v2\/product_brand?post=131920"},{"taxonomy":"product_cat","embeddable":true,"href":"https:\/\/staging.nbg.eu\/fr\/wp-json\/wp\/v2\/product_cat?post=131920"},{"taxonomy":"product_tag","embeddable":true,"href":"https:\/\/staging.nbg.eu\/fr\/wp-json\/wp\/v2\/product_tag?post=131920"}],"curies":[{"name":"wp","href":"https:\/\/api.w.org\/{rel}","templated":true}]}}