{"id":130178,"date":"2024-01-30T18:12:20","date_gmt":"2025-01-07T13:15:07","guid":{"rendered":"https:\/\/staging.nbg.eu\/product\/area-419-cantilevered-tactical-one-piece-scope-mount\/"},"modified":"2025-01-07T13:17:21","modified_gmt":"2025-01-07T13:17:21","slug":"area-419-support-de-lunette-monobloc-tactique-en-porte-a-faux","status":"publish","type":"product","link":"https:\/\/staging.nbg.eu\/fr\/produit\/area-419-support-de-lunette-monobloc-tactique-en-porte-a-faux\/","title":{"rendered":"Area 419 Support de Lunette Monobloc Tactique en Porte-\u00e0-Faux"},"content":{"rendered":"<div class=\"product-description\">\n<h2>Support de lunette monobloc en porte-\u00e0-faux Area 419<\/h2>\n<p>Le support de lunette monobloc en porte-\u00e0-faux Area 419 offre fiabilit\u00e9 et constance. Con\u00e7u pour les tireurs de pr\u00e9cision, ce support assure une prise sur votre optique fiable et pr\u00e9cise.<\/p>\n<h2>Processus de fabrication<\/h2>\n<ul>\n<li>Frais\u00e9 CNC aux \u00c9tats-Unis en aluminium 7075<\/li>\n<li>Al\u00e9sage final par paires pour un alignement parfait<\/li>\n<li>Surfaces de contact en aluminium brut al\u00e9s\u00e9es avec pr\u00e9cision pour une prise maximale<\/li>\n<li>Jamais enti\u00e8rement d\u00e9mont\u00e9 apr\u00e8s l&rsquo;al\u00e9sage pour garantir un ajustement parfait<\/li>\n<\/ul>\n<h2>Caract\u00e9ristiques principales<\/h2>\n<ul>\n<li>Conception l\u00e9g\u00e8re : 227-255g par support<\/li>\n<li>Plusieurs points de montage pour accessoires<\/li>\n<li>Barres de serrage de rail s\u00e9par\u00e9es pour une prise maximale sur le rail picatinny<\/li>\n<li>Pieds de serrage encastr\u00e9s permettant un ajustement maximal du montage<\/li>\n<li>Goupilles de guidage en acier entre la base et les capuchons pour un alignement pr\u00e9cis<\/li>\n<li>Quincaillerie en acier inoxydable nitrur\u00e9<\/li>\n<li>Fixation d&rsquo;accessoire sup\u00e9rieure rigide et r\u00e9p\u00e9table (brevet en instance)<\/li>\n<\/ul>\n<h2>Sp\u00e9cifications<\/h2>\n<ul>\n<li>Poids : 680 g<\/li>\n<li>Dimensions : 24,1 \u00d7 14,7 \u00d7 7,1 cm<\/li>\n<li>Options de diam\u00e8tre de tube : 30mm, 34mm, 35mm, 36mm<\/li>\n<li>Options de hauteur : 34mm, 39mm<\/li>\n<li>Options d&rsquo;inclinaison : 0 MOA, 20 MOA (5,8 MIL)<\/li>\n<\/ul>\n<p>Notre processus de fabrication vise \u00e0 cr\u00e9er un support de lunette r\u00e9pondant aux normes de qualit\u00e9 et de performance les plus \u00e9lev\u00e9es.<\/p>\n<\/div>\n","protected":false},"excerpt":{"rendered":"<p>Support de lunette de pr\u00e9cision fabriqu\u00e9 avec pr\u00e9cision : robuste, l\u00e9ger, avec des anneaux ajust\u00e9s au calibre final pour une pr\u00e9cision ultime.<\/p>\n","protected":false},"featured_media":108736,"template":"","meta":{"_acf_changed":false},"product_brand":[11038],"product_cat":[12169],"product_tag":[],"class_list":{"0":"post-130178","1":"product","2":"type-product","3":"status-publish","4":"has-post-thumbnail","6":"product_brand-area-419","7":"product_cat-visee","9":"first","10":"instock","11":"taxable","12":"shipping-taxable","13":"purchasable","14":"product-type-variable","15":"wvs-archive-product-wrapper"},"acf":[],"_links":{"self":[{"href":"https:\/\/staging.nbg.eu\/fr\/wp-json\/wp\/v2\/product\/130178","targetHints":{"allow":["GET"]}}],"collection":[{"href":"https:\/\/staging.nbg.eu\/fr\/wp-json\/wp\/v2\/product"}],"about":[{"href":"https:\/\/staging.nbg.eu\/fr\/wp-json\/wp\/v2\/types\/product"}],"wp:featuredmedia":[{"embeddable":true,"href":"https:\/\/staging.nbg.eu\/fr\/wp-json\/wp\/v2\/media\/108736"}],"wp:attachment":[{"href":"https:\/\/staging.nbg.eu\/fr\/wp-json\/wp\/v2\/media?parent=130178"}],"wp:term":[{"taxonomy":"product_brand","embeddable":true,"href":"https:\/\/staging.nbg.eu\/fr\/wp-json\/wp\/v2\/product_brand?post=130178"},{"taxonomy":"product_cat","embeddable":true,"href":"https:\/\/staging.nbg.eu\/fr\/wp-json\/wp\/v2\/product_cat?post=130178"},{"taxonomy":"product_tag","embeddable":true,"href":"https:\/\/staging.nbg.eu\/fr\/wp-json\/wp\/v2\/product_tag?post=130178"}],"curies":[{"name":"wp","href":"https:\/\/api.w.org\/{rel}","templated":true}]}}