{"id":128668,"date":"2025-01-01T20:31:02","date_gmt":"2025-01-07T09:59:11","guid":{"rendered":"https:\/\/staging.nbg.eu\/product\/area-419-tactical-one-piece-mount-diving-board\/"},"modified":"2025-01-07T10:01:45","modified_gmt":"2025-01-07T10:01:45","slug":"area-419-support-monobloc-tactique-diving-board","status":"publish","type":"product","link":"https:\/\/staging.nbg.eu\/fr\/produit\/area-419-support-monobloc-tactique-diving-board\/","title":{"rendered":"Area 419 &#8211; Support Monobloc Tactique Diving Board"},"content":{"rendered":"<div class=\"product-description\">\n<h2>Area 419 &#8211; Support de montage tactique monobloc<\/h2>\n<p>Support pour le montage de lunette de vis\u00e9e. Comprend un point de montage \u00e0 double c\u00f4ne. Permet de fixer des niveaux, des cartes balistiques, des viseurs point rouge et des t\u00e9l\u00e9m\u00e8tres laser.<\/p>\n<h3>Caract\u00e9ristiques principales :<\/h3>\n<ul>\n<li>Disponible en hauteur standard et basse<\/li>\n<li>Rail aux normes MIL-STD-1913 (10 emplacements pour le standard, 6 pour le bas)<\/li>\n<li>Finition anodis\u00e9e noire de type III<\/li>\n<li>Vis de montage captives pour faciliter l&rsquo;installation<\/li>\n<li>Usin\u00e9 par CNC en Am\u00e9rique \u00e0 partir d&rsquo;aluminium 7075<\/li>\n<li>Poids : 71 g (standard) ou 43 g (bas)<\/li>\n<\/ul>\n<p>Support de montage Area 419 pour am\u00e9liorer la pr\u00e9cision et la stabilit\u00e9 des syst\u00e8mes optiques.<\/p>\n<\/div>\n","protected":false},"excerpt":{"rendered":"<p>Rail robuste et polyvalent pour montages de lunettes de vis\u00e9e. S\u00fbr, durable, fabriqu\u00e9 aux \u00c9tats-Unis.<\/p>\n","protected":false},"featured_media":108389,"template":"","meta":{"_acf_changed":false},"product_brand":[11038],"product_cat":[12126,12169],"product_tag":[],"class_list":{"0":"post-128668","1":"product","2":"type-product","3":"status-publish","4":"has-post-thumbnail","6":"product_brand-area-419","7":"product_cat-accessoires-de-visee","8":"product_cat-visee","10":"first","11":"instock","12":"taxable","13":"shipping-taxable","14":"purchasable","15":"product-type-variable","16":"wvs-archive-product-wrapper"},"acf":[],"_links":{"self":[{"href":"https:\/\/staging.nbg.eu\/fr\/wp-json\/wp\/v2\/product\/128668","targetHints":{"allow":["GET"]}}],"collection":[{"href":"https:\/\/staging.nbg.eu\/fr\/wp-json\/wp\/v2\/product"}],"about":[{"href":"https:\/\/staging.nbg.eu\/fr\/wp-json\/wp\/v2\/types\/product"}],"wp:featuredmedia":[{"embeddable":true,"href":"https:\/\/staging.nbg.eu\/fr\/wp-json\/wp\/v2\/media\/108389"}],"wp:attachment":[{"href":"https:\/\/staging.nbg.eu\/fr\/wp-json\/wp\/v2\/media?parent=128668"}],"wp:term":[{"taxonomy":"product_brand","embeddable":true,"href":"https:\/\/staging.nbg.eu\/fr\/wp-json\/wp\/v2\/product_brand?post=128668"},{"taxonomy":"product_cat","embeddable":true,"href":"https:\/\/staging.nbg.eu\/fr\/wp-json\/wp\/v2\/product_cat?post=128668"},{"taxonomy":"product_tag","embeddable":true,"href":"https:\/\/staging.nbg.eu\/fr\/wp-json\/wp\/v2\/product_tag?post=128668"}],"curies":[{"name":"wp","href":"https:\/\/api.w.org\/{rel}","templated":true}]}}