{"id":106773,"date":"2024-11-16T10:23:45","date_gmt":"2024-12-30T09:55:00","guid":{"rendered":"https:\/\/staging.nbg.eu\/product\/sai-optics-model-sai-6-1x-6x\/"},"modified":"2024-12-30T09:57:44","modified_gmt":"2024-12-30T09:57:44","slug":"sai-optics-modele-sai-6-1x-6x","status":"publish","type":"product","link":"https:\/\/staging.nbg.eu\/fr\/produit\/sai-optics-modele-sai-6-1x-6x\/","title":{"rendered":"SAI Optics\u2122 Mod\u00e8le SAI 6\u2122 &#8211; 1x-6x"},"content":{"rendered":"<h2>Mod\u00e8le SAI 6 &#8211; 1x-6x<\/h2>\n<p>La lunette optique SAI 6 offre une solution robuste et polyvalente pour les besoins de grossissement variable. Dot\u00e9e d&rsquo;un r\u00e9ticule illumin\u00e9 par LED dans le premier plan focal, elle assure un t\u00e9l\u00e9m\u00e9trage et une compensation balistique pr\u00e9cis \u00e0 tous les grossissements. Le r\u00e9ticule et le champ de vision am\u00e9liorent l&rsquo;efficacit\u00e9 \u00e0 courte distance.<\/p>\n<h2>Caract\u00e9ristiques principales :<\/h2>\n<ul>\n<li>Grossissement : 1x-6x<\/li>\n<li>Conception tubulaire renforc\u00e9e pour montage modulaire<\/li>\n<li>R\u00e9ticule illumin\u00e9 par LED avec 10 r\u00e9glages<\/li>\n<li>R\u00e9ticules disponibles : BDC 5,56, BDC 6,8, BDC 7,62<\/li>\n<li>\u00c9tanche : 2 heures \u00e0 3 m\u00e8tres<\/li>\n<li>R\u00e9sistant aux chocs : 1000g \u00e0 10 000 cycles<\/li>\n<\/ul>\n<h2>R\u00e9ticules :<\/h2>\n<ul>\n<li>BDC 5,56 &#8211; R\u00e9ticule<\/li>\n<li>BDC 6,8 &#8211; R\u00e9ticule<\/li>\n<li>BDC 7,62 &#8211; R\u00e9ticule<\/li>\n<\/ul>\n<h2>Sp\u00e9cifications :<\/h2>\n<ul>\n<li>Longueur : 256 mm (10,07 pouces)<\/li>\n<li>Poids : 510 g (18,0 oz)<\/li>\n<li>Diam\u00e8tre du tube : 30 mm<\/li>\n<li>Champ de vision \u00e0 1x : 22 degr\u00e9s (38,8 m \u00e0 100 m)<\/li>\n<li>D\u00e9gagement oculaire : 90 mm (3,54 pouces) nominal<\/li>\n<li>Type de batterie : CR2032 3v lithium<\/li>\n<\/ul>\n<h2>Accessoires standard :<\/h2>\n<ul>\n<li>Couvercles de lentille<\/li>\n<li>Dispositif anti-r\u00e9flexion<\/li>\n<li>Cordon de retenue pour capuchon d&rsquo;ajustement<\/li>\n<li>Disque de retrait de batterie<\/li>\n<\/ul>\n<p>La s\u00e9rie SAI 6 est con\u00e7ue pour des performances optiques dans des environnements difficiles, et peut accueillir des am\u00e9liorations telles que des couvercles rabattables, des filtres laser et des polariseurs.<\/p>\n","protected":false},"excerpt":{"rendered":"<p>SAI 6\u2122 : Viseur LED robuste 1x-6x avec r\u00e9ticule FFP et large champ de vision.<\/p>\n","protected":false},"featured_media":79687,"template":"","meta":{"_acf_changed":false},"product_brand":[11704],"product_cat":[12137,12169],"product_tag":[],"class_list":{"0":"post-106773","1":"product","2":"type-product","3":"status-publish","4":"has-post-thumbnail","6":"product_brand-sai-optics","7":"product_cat-optiques-grossissantes","8":"product_cat-visee","10":"first","11":"instock","12":"taxable","13":"shipping-taxable","14":"purchasable","15":"product-type-variable","16":"wvs-archive-product-wrapper"},"acf":[],"_links":{"self":[{"href":"https:\/\/staging.nbg.eu\/fr\/wp-json\/wp\/v2\/product\/106773","targetHints":{"allow":["GET"]}}],"collection":[{"href":"https:\/\/staging.nbg.eu\/fr\/wp-json\/wp\/v2\/product"}],"about":[{"href":"https:\/\/staging.nbg.eu\/fr\/wp-json\/wp\/v2\/types\/product"}],"wp:featuredmedia":[{"embeddable":true,"href":"https:\/\/staging.nbg.eu\/fr\/wp-json\/wp\/v2\/media\/79687"}],"wp:attachment":[{"href":"https:\/\/staging.nbg.eu\/fr\/wp-json\/wp\/v2\/media?parent=106773"}],"wp:term":[{"taxonomy":"product_brand","embeddable":true,"href":"https:\/\/staging.nbg.eu\/fr\/wp-json\/wp\/v2\/product_brand?post=106773"},{"taxonomy":"product_cat","embeddable":true,"href":"https:\/\/staging.nbg.eu\/fr\/wp-json\/wp\/v2\/product_cat?post=106773"},{"taxonomy":"product_tag","embeddable":true,"href":"https:\/\/staging.nbg.eu\/fr\/wp-json\/wp\/v2\/product_tag?post=106773"}],"curies":[{"name":"wp","href":"https:\/\/api.w.org\/{rel}","templated":true}]}}