{"id":106598,"date":"2024-01-30T18:13:57","date_gmt":"2024-12-30T09:38:47","guid":{"rendered":"https:\/\/staging.nbg.eu\/product\/tangent-theta-tt735p-7-35x56mm-professional\/"},"modified":"2024-12-30T09:40:31","modified_gmt":"2024-12-30T09:40:31","slug":"tangent-theta-tt735p-7-35x56mm-professionnel","status":"publish","type":"product","link":"https:\/\/staging.nbg.eu\/fr\/produit\/tangent-theta-tt735p-7-35x56mm-professionnel\/","title":{"rendered":"Tangent Theta TT735P (7-35x56mm Professionnel)"},"content":{"rendered":"<div class=\"product-description\">\n<p>Tangent Theta a \u00e9t\u00e9 fond\u00e9e en 2013 en Nouvelle-\u00c9cosse, Canada, avec pour seul objectif de produire les meilleures lunettes de vis\u00e9e au monde. Les lunettes sont assembl\u00e9es \u00e0 la main, test\u00e9es et inspect\u00e9es individuellement par une \u00e9quipe compos\u00e9e de concepteurs optiques, d&rsquo;ing\u00e9nieurs m\u00e9caniques et de tireurs longue distance de classe internationale.<\/p>\n<h2>Lunette de vis\u00e9e professionnelle Tangent Theta TT735P 7-35x56mm<\/h2>\n<p>La nouvelle Tangent Theta TT735P est un instrument de vis\u00e9e de pr\u00e9cision longue distance pour les tireurs professionnels. Cette lunette de vis\u00e9e 7-35x56mm combine technologie avanc\u00e9e et durabilit\u00e9 pour offrir des performances dans des conditions exigeantes.<\/p>\n<h2>Caract\u00e9ristiques principales :<\/h2>\n<ul>\n<li>Plage de grossissement 7-35x pour l&rsquo;identification des cibles \u00e0 longues distances<\/li>\n<li>Objectif de 56mm pour la capture de lumi\u00e8re<\/li>\n<li>Tube principal de 36mm pour l&rsquo;int\u00e9grit\u00e9 structurelle et la plage de r\u00e9glage<\/li>\n<li>R\u00e9glage de la parallaxe jusqu&rsquo;\u00e0 10 m\u00e8tres<\/li>\n<li>11 niveaux d&rsquo;illumination du r\u00e9ticule<\/li>\n<li>Fonction TOOL-LESS RE-ZERO\u00ae pour un z\u00e9rotage rapide (Brevet US # 10,591,253)<\/li>\n<li>Boutons non-translatifs avec but\u00e9e \u00e0 z\u00e9ro en \u00e9l\u00e9vation<\/li>\n<li>\u00c9l\u00e9vation double tour avec indicateur de r\u00e9volution<\/li>\n<li>Dioptre verrouillable \u00e0 r\u00e9glage rapide<\/li>\n<\/ul>\n<h2>Qualit\u00e9 :<\/h2>\n<p>Fabriqu\u00e9e au Canada, la TT735P est test\u00e9e pour r\u00e9sister aux conditions environnementales difficiles. Avec sa finition anodis\u00e9e Type II mate, son \u00e9tanch\u00e9it\u00e9 \u00e0 10 m\u00e8tres pendant 4 heures et sa r\u00e9sistance aux chocs de 700g sur 10 000 cycles.<\/p>\n<\/div>\n<h2>R\u00e9ticules :<\/h2>\n<ol>\n<li data-line-height=\"xs\">R\u00e9ticule Horus Tremor3<\/li>\n<li data-line-height=\"xs\">JTAC<\/li>\n<li data-line-height=\"xs\">Gen 3 XR Fine<\/li>\n<\/ol>\n<div class=\"product-description\">\n<h2>Optique de pr\u00e9cision :<\/h2>\n<p>Trois options de r\u00e9ticule : Horus Tremor3, JTAC ou Gen 3 XR Fine. La TT735P offre un d\u00e9gagement oculaire de 90mm et un champ de vision de 5,41m \u00e0 100m (7x) \u00e0 1,08m \u00e0 100m (35x).<\/p>\n<h2>R\u00e9glages professionnels :<\/h2>\n<p>R\u00e9solution de r\u00e9glage de 0,1 mrad, plage d&rsquo;\u00e9l\u00e9vation totale de 30 mrad et plage de d\u00e9rive totale de 14 mrad. Le r\u00e9glage de la parallaxe lat\u00e9rale et le dioptre verrouillable assurent une image nette \u00e0 toute distance.<\/p>\n<p>La Tangent Theta TT735P est con\u00e7ue pour les tireurs d&rsquo;\u00e9lite exigeants.<\/p>\n<\/div>\n","protected":false},"excerpt":{"rendered":"<p>La lunette de vis\u00e9e Tangent Theta 7-35x56mm Professional est celle que vous choisissez pour le tir \u00e0 tr\u00e8s longue distance.<\/p>\n","protected":false},"featured_media":80996,"template":"","meta":{"_acf_changed":false},"product_brand":[11886],"product_cat":[12137,12169],"product_tag":[],"class_list":{"0":"post-106598","1":"product","2":"type-product","3":"status-publish","4":"has-post-thumbnail","6":"product_brand-tangent-theta","7":"product_cat-optiques-grossissantes","8":"product_cat-visee","10":"first","11":"instock","12":"taxable","13":"shipping-taxable","14":"purchasable","15":"product-type-variable","16":"wvs-archive-product-wrapper"},"acf":[],"_links":{"self":[{"href":"https:\/\/staging.nbg.eu\/fr\/wp-json\/wp\/v2\/product\/106598","targetHints":{"allow":["GET"]}}],"collection":[{"href":"https:\/\/staging.nbg.eu\/fr\/wp-json\/wp\/v2\/product"}],"about":[{"href":"https:\/\/staging.nbg.eu\/fr\/wp-json\/wp\/v2\/types\/product"}],"wp:featuredmedia":[{"embeddable":true,"href":"https:\/\/staging.nbg.eu\/fr\/wp-json\/wp\/v2\/media\/80996"}],"wp:attachment":[{"href":"https:\/\/staging.nbg.eu\/fr\/wp-json\/wp\/v2\/media?parent=106598"}],"wp:term":[{"taxonomy":"product_brand","embeddable":true,"href":"https:\/\/staging.nbg.eu\/fr\/wp-json\/wp\/v2\/product_brand?post=106598"},{"taxonomy":"product_cat","embeddable":true,"href":"https:\/\/staging.nbg.eu\/fr\/wp-json\/wp\/v2\/product_cat?post=106598"},{"taxonomy":"product_tag","embeddable":true,"href":"https:\/\/staging.nbg.eu\/fr\/wp-json\/wp\/v2\/product_tag?post=106598"}],"curies":[{"name":"wp","href":"https:\/\/api.w.org\/{rel}","templated":true}]}}