{"id":106114,"date":"2024-11-17T08:06:47","date_gmt":"2024-12-30T09:20:30","guid":{"rendered":"https:\/\/staging.nbg.eu\/product\/tangent-theta-tt525p-5-25x56mm-professional\/"},"modified":"2024-12-30T09:23:03","modified_gmt":"2024-12-30T09:23:03","slug":"tangent-theta-tt525p-5-25x56mm-professionnel","status":"publish","type":"product","link":"https:\/\/staging.nbg.eu\/fr\/produit\/tangent-theta-tt525p-5-25x56mm-professionnel\/","title":{"rendered":"Tangent Theta TT525P (5-25x56mm Professionnel)"},"content":{"rendered":"<h2>Tangent Theta TT525P 5-25x56mm Lunette de vis\u00e9e professionnelle<\/h2>\n<p>Le Tangent Theta TT525P est un instrument de vis\u00e9e de pr\u00e9cision \u00e0 longue port\u00e9e con\u00e7u pour les tireurs professionnels. Fabriqu\u00e9 au Canada, cette lunette de vis\u00e9e combine durabilit\u00e9, pr\u00e9cision m\u00e9canique et qualit\u00e9 optique.<\/p>\n<h2>Caract\u00e9ristiques principales :<\/h2>\n<ul>\n<li>Lentille objective de 56 mm pour la collecte de lumi\u00e8re<\/li>\n<li>Tube principal de 34 mm pour une plage de r\u00e9glage accrue<\/li>\n<li>Plage de grossissement 5-25x<\/li>\n<li>Onze r\u00e9glages d&rsquo;illumination du r\u00e9ticule<\/li>\n<li>R\u00e9glage de la parallaxe lat\u00e9rale de 50 m \u00e0 l&rsquo;infini<\/li>\n<li>Fonction TOOL-LESS RE-ZERO\u00ae brevet\u00e9e (Brevet US # 10,591,253)<\/li>\n<li>Boutons non-translatifs avec but\u00e9e \u00e0 z\u00e9ro en \u00e9l\u00e9vation<\/li>\n<li>\u00c9l\u00e9vation double tour avec indicateur de r\u00e9volution<\/li>\n<li>Dioptrie r\u00e9glable verrouillable (-3 \u00e0 +2,5)<\/li>\n<\/ul>\n<h2>R\u00e9ticules :<\/h2>\n<ul>\n<li>R\u00e9ticule Gen 2 XR<\/li>\n<li>MoA-ER<\/li>\n<li>R\u00e9ticule Gen 3 XR<\/li>\n<li>Gen 2 MoA-ER<\/li>\n<li>R\u00e9ticule Gen 3 XR Fine<\/li>\n<li>R\u00e9ticule Horus H59<\/li>\n<li>R\u00e9ticule Horus Tremor3<\/li>\n<li>R\u00e9ticule JTAC<\/li>\n<li>R\u00e9ticule Gen 2 XR, AIF<\/li>\n<li>R\u00e9ticule Gen 3 XR, AIF<\/li>\n<li>R\u00e9ticule Gen 3 XR Fine, AIF<\/li>\n<li>R\u00e9ticule JTAC, AIF<\/li>\n<li>R\u00e9ticule Horus Tremor3, AIF<\/li>\n<\/ul>\n<h2>Ing\u00e9nierie de pr\u00e9cision :<\/h2>\n<p>Le TT525P dispose d&rsquo;une plage de r\u00e9glage totale de 30 mrad (103 MoA) pour l&rsquo;\u00e9l\u00e9vation et \u00b110 mrad (\u00b134 MoA) pour la d\u00e9rive. Avec une r\u00e9solution de r\u00e9glage de 0,1 mrad ou 1\/4 MoA, vous pouvez ajuster votre vis\u00e9e avec pr\u00e9cision.<\/p>\n<h2>Excellence optique :<\/h2>\n<p>B\u00e9n\u00e9ficiez d&rsquo;une d\u00e9gagement oculaire de 90 mm et d&rsquo;un champ de vision allant de 7,6 m \u00e0 100 m (5x) \u00e0 1,6 m \u00e0 100 m (25x). La lentille objective de 56 mm assure une transmission de la lumi\u00e8re, m\u00eame dans des conditions de faible luminosit\u00e9.<\/p>\n<h2>Durabilit\u00e9 :<\/h2>\n<p>Con\u00e7u pour r\u00e9sister aux conditions extr\u00eames, le TT525P est \u00e9tanche jusqu&rsquo;\u00e0 10 m\u00e8tres pendant 4 heures et r\u00e9sistant aux chocs jusqu&rsquo;\u00e0 700g sur 10 000 cycles. La finition mate anodis\u00e9e Type II offre une protection suppl\u00e9mentaire contre les \u00e9l\u00e9ments.<\/p>\n<h2>Options de r\u00e9ticule :<\/h2>\n<p>Choisissez parmi une vari\u00e9t\u00e9 d&rsquo;options de r\u00e9ticule, notamment Gen 2XR, MoA, Gen 3XR, H-59, Tremor3, JTAC, Gen 3 XR Fine et GEN2 MOA-ER, pour r\u00e9pondre \u00e0 vos besoins sp\u00e9cifiques.<\/p>\n<h2>Sp\u00e9cifications suppl\u00e9mentaires :<\/h2>\n<ul>\n<li>Longueur : 425 mm<\/li>\n<li>Poids : 1150 g<\/li>\n<li>Diam\u00e8tre de la cloche d&rsquo;objectif : 65 mm<\/li>\n<li>Illumination : LED avec 11 r\u00e9glages<\/li>\n<li>Batterie : DL2032 3v lithium<\/li>\n<\/ul>\n<p>Le Tangent Theta TT525P est livr\u00e9 avec des couvercles de lentille Tenebraex et ARD. D\u00e9couvrez la technologie de lunette de vis\u00e9e avec le TT525P &#8211; o\u00f9 la pr\u00e9cision rencontre la durabilit\u00e9 dans les environnements les plus exigeants.<\/p>\n","protected":false},"excerpt":{"rendered":"<p>Lunette de vis\u00e9e pour fusil de qualit\u00e9 professionnelle 5-25x56mm. Robuste, pr\u00e9cise, avec une optique sup\u00e9rieure.<\/p>\n","protected":false},"featured_media":100874,"template":"","meta":{"_acf_changed":false},"product_brand":[11886],"product_cat":[12137,12169],"product_tag":[],"class_list":{"0":"post-106114","1":"product","2":"type-product","3":"status-publish","4":"has-post-thumbnail","6":"product_brand-tangent-theta","7":"product_cat-optiques-grossissantes","8":"product_cat-visee","10":"first","11":"instock","12":"taxable","13":"shipping-taxable","14":"purchasable","15":"product-type-variable","16":"wvs-archive-product-wrapper"},"acf":[],"_links":{"self":[{"href":"https:\/\/staging.nbg.eu\/fr\/wp-json\/wp\/v2\/product\/106114","targetHints":{"allow":["GET"]}}],"collection":[{"href":"https:\/\/staging.nbg.eu\/fr\/wp-json\/wp\/v2\/product"}],"about":[{"href":"https:\/\/staging.nbg.eu\/fr\/wp-json\/wp\/v2\/types\/product"}],"wp:featuredmedia":[{"embeddable":true,"href":"https:\/\/staging.nbg.eu\/fr\/wp-json\/wp\/v2\/media\/100874"}],"wp:attachment":[{"href":"https:\/\/staging.nbg.eu\/fr\/wp-json\/wp\/v2\/media?parent=106114"}],"wp:term":[{"taxonomy":"product_brand","embeddable":true,"href":"https:\/\/staging.nbg.eu\/fr\/wp-json\/wp\/v2\/product_brand?post=106114"},{"taxonomy":"product_cat","embeddable":true,"href":"https:\/\/staging.nbg.eu\/fr\/wp-json\/wp\/v2\/product_cat?post=106114"},{"taxonomy":"product_tag","embeddable":true,"href":"https:\/\/staging.nbg.eu\/fr\/wp-json\/wp\/v2\/product_tag?post=106114"}],"curies":[{"name":"wp","href":"https:\/\/api.w.org\/{rel}","templated":true}]}}