{"id":84503,"date":"2024-11-17T07:25:58","date_gmt":"2024-12-18T10:04:23","guid":{"rendered":"https:\/\/staging.nbg.eu\/product\/tangent-theta-tt315m-3-15x50mm-marksman\/"},"modified":"2024-12-30T08:44:56","modified_gmt":"2024-12-30T08:44:56","slug":"tangent-theta-tt315m-3-15x50mm-marksman","status":"publish","type":"product","link":"https:\/\/staging.nbg.eu\/fi\/tuote\/tangent-theta-tt315m-3-15x50mm-marksman\/","title":{"rendered":"Tangent Theta TT315M (3-15x50mm Marksman)"},"content":{"rendered":"<div class=\"product-description\">\n<p>Tangent Theta perustettiin vuonna 2013 Nova Scotiassa, Kanadassa tavoitteenaan valmistaa maailman parhaita kiikarit\u00e4ht\u00e4imi\u00e4. Kiikarit\u00e4ht\u00e4imet kootaan k\u00e4sin, ja optisten suunnittelijoiden, mekaniikkainsin\u00f6\u00f6rien ja kansainv\u00e4lisen tason pitk\u00e4n matkan ampujien tiimi testaa ja tarkastaa ne yksitellen.<\/p>\n<h2>Tangent Theta TT315M 3-15x50mm Kiikarit\u00e4ht\u00e4in<\/h2>\n<p>Tangent Theta TT315M on keskipitk\u00e4n matkan tarkkuuskiikarit\u00e4ht\u00e4in, joka on suunniteltu poliisi- ja turvallisuusalan tarkka-ampujille. T\u00e4m\u00e4 kevyt ammattik\u00e4ytt\u00f6\u00f6n tarkoitettu kiikarit\u00e4ht\u00e4in yhdist\u00e4\u00e4 edistynytt\u00e4 teknologiaa ja optista suorituskyky\u00e4.<\/p>\n<h2>Ominaisuudet:<\/h2>\n<ul>\n<li>50 mm:n objektiivi valonker\u00e4ykseen<\/li>\n<li>30 mm:n runkoputki kest\u00e4vyytt\u00e4 varten<\/li>\n<li>Mekaaninen sivutuulen suunnan osoitin<\/li>\n<li>11 ristikon valaistusasetusta eri valaistusolosuhteisiin<\/li>\n<li>Sivuparallaksin s\u00e4\u00e4t\u00f6 tarkkaa tarkennusta varten<\/li>\n<li>Korkeus- ja sivus\u00e4\u00e4t\u00f6tornit nollapys\u00e4ytyksell\u00e4<\/li>\n<li>Kaksikierteinen korkeuss\u00e4\u00e4t\u00f6 kierrosluku- ja sivutuulen suunnan osoittimella<\/li>\n<li>3-15x suurennusalue<\/li>\n<li>Lukittava pikas\u00e4\u00e4t\u00f6inen diopteria<\/li>\n<\/ul>\n<h2>Optiikka:<\/h2>\n<p>TT315M:ss\u00e4 on optimoitu optinen polku, joka tuottaa korkealaatuisen kuvan. T\u00e4m\u00e4 mahdollistaa pienten yksityiskohtien erottamisen ja pitk\u00e4aikaisen t\u00e4ht\u00e4\u00e4misen ilman silmien v\u00e4symist\u00e4.<\/p>\n<h2>Tarkat s\u00e4\u00e4d\u00f6t:<\/h2>\n<p>TT315M:ss\u00e4 on tarkat s\u00e4\u00e4t\u00f6mekanismit nollapys\u00e4ytyksill\u00e4, kierroslukumittarilla ja sivutuulen suunnan osoittimilla, mik\u00e4 v\u00e4hent\u00e4\u00e4 s\u00e4\u00e4t\u00f6virheit\u00e4 ja varmistaa tarkkuuden kriittisiss\u00e4 tilanteissa.<\/h2>\n<h2>Ristikkovaihtoehdot:<\/h2>\n<ul>\n<li>Gen 2XR<\/li>\n<li>MoA<\/li>\n<li>Gen 2 Mil-Dot<\/li>\n<li>Gen 3XR<\/li>\n<\/ul>\n<h2>Tekniset tiedot:<\/h2>\n<ul>\n<li>Pituus: 351 mm<\/li>\n<li>Paino: 786 g<\/li>\n<li>N\u00e4k\u00f6kentt\u00e4 3x suurennoksella: 7,3 astetta (12,8 m @ 100 m)<\/li>\n<li>N\u00e4k\u00f6kentt\u00e4 15x suurennoksella: 1,6 astetta (2,8 m @ 100 m)<\/li>\n<li>Silm\u00e4et\u00e4isyys: 90 mm<\/li>\n<li>Korkeuss\u00e4\u00e4d\u00f6n kokonaisalue: 18 mrad (60 MoA)<\/li>\n<li>Sivus\u00e4\u00e4d\u00f6n kokonaisalue: +\/- 12 mrad (+\/-40 MoA)<\/li>\n<li>S\u00e4\u00e4t\u00f6tarkkuus: 0,1 mrad tai 1\/4 MoA<\/li>\n<li>Parallaksins\u00e4\u00e4t\u00f6alue: 50 m &#8211; \u00e4\u00e4ret\u00f6n<\/li>\n<\/ul>\n<h2>Kest\u00e4vyys:<\/h2>\n<p>TT315M kest\u00e4\u00e4 vaativia olosuhteita, on vesitiivis 4 tuntia 10 metrin syvyydess\u00e4 ja iskunkest\u00e4v\u00e4 700 g:n voimalle 10 000 sykliss\u00e4. Ulkopinnassa on tyypin II anodisoitu mattapinnoite suojaksi.<\/p>\n<h2>Mukana toimitettavat lis\u00e4varusteet:<\/h2>\n<p>Tenebraex-linssinsuojukset ja ARD (heijastuksenestolis\u00e4laite) sis\u00e4ltyv\u00e4t vakiovarusteisiin.<\/p>\n<\/div>\n","protected":false},"excerpt":{"rendered":"<p>Tarkka-ampujille tarkoitettu 3-15x50mm:n t\u00e4ht\u00e4inkiikari. Optimaalinen kuva, nollapys\u00e4ytys, valaistu.<\/p>\n","protected":false},"featured_media":167612,"template":"","meta":{"_acf_changed":false},"product_brand":[11887],"product_cat":[13169,13201],"product_tag":[],"class_list":{"0":"post-84503","1":"product","2":"type-product","3":"status-publish","4":"has-post-thumbnail","6":"product_brand-tangent-theta","7":"product_cat-suurennetut-optiikka","8":"product_cat-taehtaeys","10":"first","11":"instock","12":"taxable","13":"shipping-taxable","14":"purchasable","15":"product-type-variable","16":"wvs-archive-product-wrapper"},"acf":[],"_links":{"self":[{"href":"https:\/\/staging.nbg.eu\/fi\/wp-json\/wp\/v2\/product\/84503","targetHints":{"allow":["GET"]}}],"collection":[{"href":"https:\/\/staging.nbg.eu\/fi\/wp-json\/wp\/v2\/product"}],"about":[{"href":"https:\/\/staging.nbg.eu\/fi\/wp-json\/wp\/v2\/types\/product"}],"wp:featuredmedia":[{"embeddable":true,"href":"https:\/\/staging.nbg.eu\/fi\/wp-json\/wp\/v2\/media\/167612"}],"wp:attachment":[{"href":"https:\/\/staging.nbg.eu\/fi\/wp-json\/wp\/v2\/media?parent=84503"}],"wp:term":[{"taxonomy":"product_brand","embeddable":true,"href":"https:\/\/staging.nbg.eu\/fi\/wp-json\/wp\/v2\/product_brand?post=84503"},{"taxonomy":"product_cat","embeddable":true,"href":"https:\/\/staging.nbg.eu\/fi\/wp-json\/wp\/v2\/product_cat?post=84503"},{"taxonomy":"product_tag","embeddable":true,"href":"https:\/\/staging.nbg.eu\/fi\/wp-json\/wp\/v2\/product_tag?post=84503"}],"curies":[{"name":"wp","href":"https:\/\/api.w.org\/{rel}","templated":true}]}}