{"id":83664,"date":"2024-11-27T16:38:30","date_gmt":"2024-12-17T12:42:07","guid":{"rendered":"https:\/\/staging.nbg.eu\/product\/super-precision-t1-mount-absolute-co-witness-ddc\/"},"modified":"2024-12-17T12:44:10","modified_gmt":"2024-12-17T12:44:10","slug":"super-precision-t1-kiinnike-absolute-co-witness-ddc","status":"publish","type":"product","link":"https:\/\/staging.nbg.eu\/fi\/tuote\/super-precision-t1-kiinnike-absolute-co-witness-ddc\/","title":{"rendered":"Super Precision T1-kiinnike &#8211; Absolute Co-Witness &#8211; DDC"},"content":{"rendered":"<div class=\"product-description\">\n<h2>T1-jalusta &#8211; T\u00e4ydellinen yhteensopivuus &#8211; DDC<\/h2>\n<p>T1-jalusta Aimpoint T1:lle tai vastaaville punapistet\u00e4ht\u00e4imille. Valmistettu yhdest\u00e4 kappaleesta 7075-T6 alumiinia kest\u00e4vyytt\u00e4 varten.<\/p>\n<ul>\n<li>T\u00e4ydellinen yhteensopivuus optimaalista t\u00e4ht\u00e4inkuvaa varten<\/li>\n<li>DDC (Desert Dirt Color) tyypin 3 anodisoitu pinta<\/li>\n<li>Geisselen p\u00e4ivitetty mutteri- ja pulttikiinnitys, 1 400 paunan puristusvoima<\/li>\n<li>3 leikkausuloketta j\u00e4ykkyytt\u00e4 ja nollausta varten<\/li>\n<li>Kevyt rakenne, paino 2 unssia<\/li>\n<\/ul>\n<p>Geisselen valmistama kiinnitysratkaisu.<\/p>\n<\/div>\n","protected":false},"excerpt":{"rendered":"<p>Tarkka T1-t\u00e4ht\u00e4imen jalusta, absoluuttinen yhteensopivuus, DDC-viimeistely, eritt\u00e4in turvallinen<\/p>\n","protected":false},"featured_media":82836,"template":"","meta":{"_acf_changed":false},"product_brand":[11378],"product_cat":[13201],"product_tag":[],"class_list":{"0":"post-83664","1":"product","2":"type-product","3":"status-publish","4":"has-post-thumbnail","6":"product_brand-geissele","7":"product_cat-taehtaeys","9":"first","10":"instock","11":"taxable","12":"shipping-taxable","13":"product-type-simple"},"acf":[],"_links":{"self":[{"href":"https:\/\/staging.nbg.eu\/fi\/wp-json\/wp\/v2\/product\/83664","targetHints":{"allow":["GET"]}}],"collection":[{"href":"https:\/\/staging.nbg.eu\/fi\/wp-json\/wp\/v2\/product"}],"about":[{"href":"https:\/\/staging.nbg.eu\/fi\/wp-json\/wp\/v2\/types\/product"}],"wp:featuredmedia":[{"embeddable":true,"href":"https:\/\/staging.nbg.eu\/fi\/wp-json\/wp\/v2\/media\/82836"}],"wp:attachment":[{"href":"https:\/\/staging.nbg.eu\/fi\/wp-json\/wp\/v2\/media?parent=83664"}],"wp:term":[{"taxonomy":"product_brand","embeddable":true,"href":"https:\/\/staging.nbg.eu\/fi\/wp-json\/wp\/v2\/product_brand?post=83664"},{"taxonomy":"product_cat","embeddable":true,"href":"https:\/\/staging.nbg.eu\/fi\/wp-json\/wp\/v2\/product_cat?post=83664"},{"taxonomy":"product_tag","embeddable":true,"href":"https:\/\/staging.nbg.eu\/fi\/wp-json\/wp\/v2\/product_tag?post=83664"}],"curies":[{"name":"wp","href":"https:\/\/api.w.org\/{rel}","templated":true}]}}