{"id":83642,"date":"2024-11-02T06:43:16","date_gmt":"2024-11-02T06:43:16","guid":{"rendered":"https:\/\/staging.nbg.eu\/product\/sons-of-liberty-gun-works-ar-15-buffer-h3\/"},"modified":"2024-12-17T13:05:25","modified_gmt":"2024-12-17T13:05:25","slug":"sons-of-liberty-gun-works-ar-15-puskuri-h3","status":"publish","type":"product","link":"https:\/\/staging.nbg.eu\/fi\/tuote\/sons-of-liberty-gun-works-ar-15-puskuri-h3\/","title":{"rendered":"Sons of Liberty Gun Works &#8211; AR 15 puskuri H3"},"content":{"rendered":"<div class=\"product-description\">\n<h2>Sons of Liberty Gun Works &#8211; AR 15 Puskuri H3<\/h2>\n<p>SOLGW H3 Puskuri AR-15:lle. T\u00e4m\u00e4 varaosa on valmistettu tarkkojen toleranssien mukaisesti.<\/p>\n<ul>\n<li>Yhteensopiva kaikkien AR-15 mallien kanssa<\/li>\n<li>Paino: 5.4 unssia<\/li>\n<li>Mitat: 1 tuuma<\/li>\n<li>Selke\u00e4sti merkitty painon tunnistamiseksi<\/li>\n<\/ul>\n<p>SOLGW H3 Puskuri on suunniteltu v\u00e4hent\u00e4m\u00e4\u00e4n rekyyli\u00e4 ja parantamaan toimintaa.<\/p>\n<p>Sons of Liberty Gun Works valmistaa laadukkaita osia.<\/p>\n<\/div>\n","protected":false},"excerpt":{"rendered":"<p>Sons of Liberty H3 AR-15 -puskuri: Tarkka, kest\u00e4v\u00e4, 153 gramman paino.<\/p>\n","protected":false},"featured_media":76321,"template":"","meta":{"_acf_changed":false},"product_brand":[],"product_cat":[13174],"product_tag":[],"class_list":{"0":"post-83642","1":"product","2":"type-product","3":"status-publish","4":"has-post-thumbnail","6":"product_cat-kivaeaerin-viritys","8":"first","9":"outofstock","10":"taxable","11":"shipping-taxable","12":"purchasable","13":"product-type-simple"},"acf":[],"_links":{"self":[{"href":"https:\/\/staging.nbg.eu\/fi\/wp-json\/wp\/v2\/product\/83642","targetHints":{"allow":["GET"]}}],"collection":[{"href":"https:\/\/staging.nbg.eu\/fi\/wp-json\/wp\/v2\/product"}],"about":[{"href":"https:\/\/staging.nbg.eu\/fi\/wp-json\/wp\/v2\/types\/product"}],"wp:featuredmedia":[{"embeddable":true,"href":"https:\/\/staging.nbg.eu\/fi\/wp-json\/wp\/v2\/media\/76321"}],"wp:attachment":[{"href":"https:\/\/staging.nbg.eu\/fi\/wp-json\/wp\/v2\/media?parent=83642"}],"wp:term":[{"taxonomy":"product_brand","embeddable":true,"href":"https:\/\/staging.nbg.eu\/fi\/wp-json\/wp\/v2\/product_brand?post=83642"},{"taxonomy":"product_cat","embeddable":true,"href":"https:\/\/staging.nbg.eu\/fi\/wp-json\/wp\/v2\/product_cat?post=83642"},{"taxonomy":"product_tag","embeddable":true,"href":"https:\/\/staging.nbg.eu\/fi\/wp-json\/wp\/v2\/product_tag?post=83642"}],"curies":[{"name":"wp","href":"https:\/\/api.w.org\/{rel}","templated":true}]}}