{"id":83620,"date":"2024-11-27T08:29:48","date_gmt":"2024-11-27T08:29:48","guid":{"rendered":"https:\/\/staging.nbg.eu\/product\/geissele-ak-trigger-ultimate-with-lightning-bow-akt-ul\/"},"modified":"2024-12-17T12:30:25","modified_gmt":"2024-12-17T12:30:25","slug":"geissele-ak-liipaisin-ultimate-lightning-bow-vivulla-akt-ul","status":"publish","type":"product","link":"https:\/\/staging.nbg.eu\/fi\/tuote\/geissele-ak-liipaisin-ultimate-lightning-bow-vivulla-akt-ul\/","title":{"rendered":"Geissele AK-liipaisin Ultimate Lightning Bow -vivulla (AKT-UL)"},"content":{"rendered":"<div class=\"product-description\">\n<h2>Geissele AK-liipaisin Ultimate Lightning Bow -mallilla (AKT-UL)<\/h2>\n<p>AK47- tai AK74-aseeseen tarkoitettu ALG AK -liipaisin Lightning Bow -mallilla (AKT-UL). T\u00e4m\u00e4 yksivaiheinen liipaisin tarjoaa:<\/p>\n<ul>\n<li>Lyhyempi veto ja tarkempi palautus<\/li>\n<li>Valmistettu seoster\u00e4ksest\u00e4<\/li>\n<li>Lightning Bow -muotoilu<\/li>\n<li>Valmistettu Yhdysvalloissa, edist\u00e4\u00e4 922(r)-s\u00e4\u00e4nn\u00f6stenmukaisuutta<\/li>\n<\/ul>\n<p>Sopii tarkkuus- ja kilpa-ammuntaan. Huomaa: Suositellaan ammattilaisen asennusta mahdollisten sovitustarpeiden vuoksi. Ei yhteensopiva 12 kaliiperin eik\u00e4 308 \/ 7.62x54r -versioiden kanssa.<\/p>\n<\/div>\n","protected":false},"excerpt":{"rendered":"<p>Tarkkuus-AK-liipaisin Lightning Bow -kaarella parantaa hallintaa ja tuntumaa.<\/p>\n","protected":false},"featured_media":82189,"template":"","meta":{"_acf_changed":false},"product_brand":[],"product_cat":[13159,13225,13174,13162],"product_tag":[],"class_list":{"0":"post-83620","1":"product","2":"type-product","3":"status-publish","4":"has-post-thumbnail","6":"product_cat-ak-viritys","7":"product_cat-kivaeaeri","8":"product_cat-kivaeaerin-viritys","9":"product_cat-liipaisinmekanismit","11":"first","12":"instock","13":"taxable","14":"shipping-taxable","15":"product-type-simple"},"acf":[],"_links":{"self":[{"href":"https:\/\/staging.nbg.eu\/fi\/wp-json\/wp\/v2\/product\/83620","targetHints":{"allow":["GET"]}}],"collection":[{"href":"https:\/\/staging.nbg.eu\/fi\/wp-json\/wp\/v2\/product"}],"about":[{"href":"https:\/\/staging.nbg.eu\/fi\/wp-json\/wp\/v2\/types\/product"}],"wp:featuredmedia":[{"embeddable":true,"href":"https:\/\/staging.nbg.eu\/fi\/wp-json\/wp\/v2\/media\/82189"}],"wp:attachment":[{"href":"https:\/\/staging.nbg.eu\/fi\/wp-json\/wp\/v2\/media?parent=83620"}],"wp:term":[{"taxonomy":"product_brand","embeddable":true,"href":"https:\/\/staging.nbg.eu\/fi\/wp-json\/wp\/v2\/product_brand?post=83620"},{"taxonomy":"product_cat","embeddable":true,"href":"https:\/\/staging.nbg.eu\/fi\/wp-json\/wp\/v2\/product_cat?post=83620"},{"taxonomy":"product_tag","embeddable":true,"href":"https:\/\/staging.nbg.eu\/fi\/wp-json\/wp\/v2\/product_tag?post=83620"}],"curies":[{"name":"wp","href":"https:\/\/api.w.org\/{rel}","templated":true}]}}