{"id":83598,"date":"2024-11-27T16:26:53","date_gmt":"2024-12-17T12:20:00","guid":{"rendered":"https:\/\/staging.nbg.eu\/product\/super-precision-t1-mount-absolute-co-witness-black\/"},"modified":"2024-12-17T12:21:52","modified_gmt":"2024-12-17T12:21:52","slug":"super-precision-t1-kiinnike-absolute-co-witness-musta","status":"publish","type":"product","link":"https:\/\/staging.nbg.eu\/fi\/tuote\/super-precision-t1-kiinnike-absolute-co-witness-musta\/","title":{"rendered":"Super Precision T1-kiinnike &#8211; Absolute Co-Witness &#8211; musta"},"content":{"rendered":"<h2>T1-kiinnitys &#8211; T\u00e4ydellinen yhteensopivuus &#8211; Musta<\/h2>\n<p>T1-kiinnitys on suunniteltu Aimpoint T1:lle ja vastaaville punapistet\u00e4ht\u00e4imille. Se on valmistettu yhdest\u00e4 kappaleesta 7075-T6 alumiinia.<\/p>\n<ul>\n<li>T\u00e4ydellinen yhteensopivuus<\/li>\n<li>Musta tyypin 3 anodisoitu pinta<\/li>\n<li>Paino 57 grammaa<\/li>\n<li>K\u00e4ytt\u00e4\u00e4 Geisselen p\u00e4ivitetty\u00e4 mutteri- ja pulttimenetelm\u00e4\u00e4<\/li>\n<li>635 kg:n kiinnitysvoima<\/li>\n<li>3 leikkausuloketta vakauden ja nollauksen varmistamiseksi<\/li>\n<\/ul>\n<p>T1-kiinnitys pit\u00e4\u00e4 t\u00e4ht\u00e4imen tukevasti paikallaan.<\/p>\n","protected":false},"excerpt":{"rendered":"<p>Tarkkuuskoneistettu T1-kiinnitys t\u00e4ydelliseen yhteensopivuuteen. Kest\u00e4v\u00e4\u00e4 alumiinia, tukeva istuvuus.<\/p>\n","protected":false},"featured_media":82490,"template":"","meta":{"_acf_changed":false},"product_brand":[11378],"product_cat":[13201],"product_tag":[],"class_list":{"0":"post-83598","1":"product","2":"type-product","3":"status-publish","4":"has-post-thumbnail","6":"product_brand-geissele","7":"product_cat-taehtaeys","9":"first","10":"instock","11":"taxable","12":"shipping-taxable","13":"product-type-simple"},"acf":[],"_links":{"self":[{"href":"https:\/\/staging.nbg.eu\/fi\/wp-json\/wp\/v2\/product\/83598","targetHints":{"allow":["GET"]}}],"collection":[{"href":"https:\/\/staging.nbg.eu\/fi\/wp-json\/wp\/v2\/product"}],"about":[{"href":"https:\/\/staging.nbg.eu\/fi\/wp-json\/wp\/v2\/types\/product"}],"wp:featuredmedia":[{"embeddable":true,"href":"https:\/\/staging.nbg.eu\/fi\/wp-json\/wp\/v2\/media\/82490"}],"wp:attachment":[{"href":"https:\/\/staging.nbg.eu\/fi\/wp-json\/wp\/v2\/media?parent=83598"}],"wp:term":[{"taxonomy":"product_brand","embeddable":true,"href":"https:\/\/staging.nbg.eu\/fi\/wp-json\/wp\/v2\/product_brand?post=83598"},{"taxonomy":"product_cat","embeddable":true,"href":"https:\/\/staging.nbg.eu\/fi\/wp-json\/wp\/v2\/product_cat?post=83598"},{"taxonomy":"product_tag","embeddable":true,"href":"https:\/\/staging.nbg.eu\/fi\/wp-json\/wp\/v2\/product_tag?post=83598"}],"curies":[{"name":"wp","href":"https:\/\/api.w.org\/{rel}","templated":true}]}}