{"id":83576,"date":"2024-11-01T14:01:14","date_gmt":"2024-12-17T12:12:01","guid":{"rendered":"https:\/\/staging.nbg.eu\/product\/sons-of-liberty-gun-works-ar-15-buffer-h2\/"},"modified":"2024-12-17T12:58:21","modified_gmt":"2024-12-17T12:58:21","slug":"sons-of-liberty-gun-works-ar-15-puskuri-h2","status":"publish","type":"product","link":"https:\/\/staging.nbg.eu\/fi\/tuote\/sons-of-liberty-gun-works-ar-15-puskuri-h2\/","title":{"rendered":"Sons of Liberty Gun Works &#8211; AR 15 puskuri H2"},"content":{"rendered":"<div class=\"product-description\">\n<h2>Sons of Liberty Gun Works &#8211; AR 15 Puskuri H2<\/h2>\n<p>Sons of Liberty Gun Works (SOLGW) H2-puskuri AR-15:lle. T\u00e4m\u00e4 varaosa on suunniteltu varmistamaan aseen optimaalinen toiminta.<\/p>\n<ul>\n<li>Yhteensopiva kaikkien AR-15-mallien kanssa<\/li>\n<li>Valmistettu tarkkojen mittojen mukaan<\/li>\n<li>Leimattu painon tunnistamista varten<\/li>\n<li>Paino: 4.6 unssia<\/li>\n<li>Mitat: 1 tuuma<\/li>\n<\/ul>\n<p>H2-puskuri auttaa yll\u00e4pit\u00e4m\u00e4\u00e4n AR-15:n luotettavuutta ja toimintaa. T\u00e4m\u00e4 komponentti on suunniteltu tarjoamaan johdonmukaista suorituskyky\u00e4.<\/p>\n<\/div>\n","protected":false},"excerpt":{"rendered":"<p>SOLGW AR-15 H2 -puskuri: Tarkkuusvalmistettu 130 gramman vaihto-osa tasaiseen ja luotettavaan toimintaan<\/p>\n","protected":false},"featured_media":76274,"template":"","meta":{"_acf_changed":false},"product_brand":[],"product_cat":[13174],"product_tag":[],"class_list":{"0":"post-83576","1":"product","2":"type-product","3":"status-publish","4":"has-post-thumbnail","6":"product_cat-kivaeaerin-viritys","8":"first","9":"instock","10":"taxable","11":"shipping-taxable","12":"purchasable","13":"product-type-simple"},"acf":[],"_links":{"self":[{"href":"https:\/\/staging.nbg.eu\/fi\/wp-json\/wp\/v2\/product\/83576","targetHints":{"allow":["GET"]}}],"collection":[{"href":"https:\/\/staging.nbg.eu\/fi\/wp-json\/wp\/v2\/product"}],"about":[{"href":"https:\/\/staging.nbg.eu\/fi\/wp-json\/wp\/v2\/types\/product"}],"wp:featuredmedia":[{"embeddable":true,"href":"https:\/\/staging.nbg.eu\/fi\/wp-json\/wp\/v2\/media\/76274"}],"wp:attachment":[{"href":"https:\/\/staging.nbg.eu\/fi\/wp-json\/wp\/v2\/media?parent=83576"}],"wp:term":[{"taxonomy":"product_brand","embeddable":true,"href":"https:\/\/staging.nbg.eu\/fi\/wp-json\/wp\/v2\/product_brand?post=83576"},{"taxonomy":"product_cat","embeddable":true,"href":"https:\/\/staging.nbg.eu\/fi\/wp-json\/wp\/v2\/product_cat?post=83576"},{"taxonomy":"product_tag","embeddable":true,"href":"https:\/\/staging.nbg.eu\/fi\/wp-json\/wp\/v2\/product_tag?post=83576"}],"curies":[{"name":"wp","href":"https:\/\/api.w.org\/{rel}","templated":true}]}}