{"id":83532,"date":"2024-11-27T07:42:23","date_gmt":"2024-11-27T07:42:23","guid":{"rendered":"https:\/\/staging.nbg.eu\/product\/geissele-30-round-6mm-arc-magazine-black\/"},"modified":"2024-12-17T11:54:25","modified_gmt":"2024-12-17T11:54:25","slug":"geissele-30-patruunan-6mm-arc-lipas-musta","status":"publish","type":"product","link":"https:\/\/staging.nbg.eu\/fi\/tuote\/geissele-30-patruunan-6mm-arc-lipas-musta\/","title":{"rendered":"Geissele 30 patruunan 6mm ARC-lipas &#8211; musta"},"content":{"rendered":"<h2>Geissele 30 patruunan 6mm ARC lipas \u2013 Musta<\/h2>\n<p>Geissele 6mm ARC lipas. T\u00e4m\u00e4 kest\u00e4v\u00e4, Yhdysvalloissa valmistettu lipas on suunniteltu erityisesti 6mm ARC patruunalle, varmistaen tasaisen sy\u00f6t\u00f6n ja suorituskyvyn.<\/p>\n<h3>Ominaisuudet:<\/h3>\n<ul>\n<li>30 patruunan kapasiteetti<\/li>\n<li>Paranneltu yksiosainenrakenne<\/li>\n<li>Laserhitsattu kest\u00e4vyyden parantamiseksi<\/li>\n<li>410 ruostumattomasta ter\u00e4ksest\u00e4 valmistettu runko mustalla nitridi-pinnoitteella<\/li>\n<li>Kallistumaton seuraaja tasaista toimintaa varten<\/li>\n<li>Korroosionkest\u00e4v\u00e4 rakenne<\/li>\n<li>Ruostumattomasta ter\u00e4ksest\u00e4 valmistettu neli\u00f6jousi<\/li>\n<li>Kokonaispituus: 8,1 tuumaa<\/li>\n<\/ul>\n<p>T\u00e4m\u00e4 lipas yhdist\u00e4\u00e4 nykyaikaisen suunnittelun korkealaatuisiin materiaaleihin. Geisselen valmistama lipas 6mm ARC aseisiin.<\/p>\n","protected":false},"excerpt":{"rendered":"<p>Kest\u00e4v\u00e4 30 patruunan 6mm ARC lipas. Ruostumatonta ter\u00e4st\u00e4, kallistumaton sy\u00f6tt\u00f6levy.<\/p>\n","protected":false},"featured_media":81888,"template":"","meta":{"_acf_changed":false},"product_brand":[11378],"product_cat":[13225,13208],"product_tag":[],"class_list":{"0":"post-83532","1":"product","2":"type-product","3":"status-publish","4":"has-post-thumbnail","6":"product_brand-geissele","7":"product_cat-kivaeaeri","8":"product_cat-kivaeaerin-lippaat","10":"first","11":"instock","12":"taxable","13":"shipping-taxable","14":"product-type-simple"},"acf":[],"_links":{"self":[{"href":"https:\/\/staging.nbg.eu\/fi\/wp-json\/wp\/v2\/product\/83532","targetHints":{"allow":["GET"]}}],"collection":[{"href":"https:\/\/staging.nbg.eu\/fi\/wp-json\/wp\/v2\/product"}],"about":[{"href":"https:\/\/staging.nbg.eu\/fi\/wp-json\/wp\/v2\/types\/product"}],"wp:featuredmedia":[{"embeddable":true,"href":"https:\/\/staging.nbg.eu\/fi\/wp-json\/wp\/v2\/media\/81888"}],"wp:attachment":[{"href":"https:\/\/staging.nbg.eu\/fi\/wp-json\/wp\/v2\/media?parent=83532"}],"wp:term":[{"taxonomy":"product_brand","embeddable":true,"href":"https:\/\/staging.nbg.eu\/fi\/wp-json\/wp\/v2\/product_brand?post=83532"},{"taxonomy":"product_cat","embeddable":true,"href":"https:\/\/staging.nbg.eu\/fi\/wp-json\/wp\/v2\/product_cat?post=83532"},{"taxonomy":"product_tag","embeddable":true,"href":"https:\/\/staging.nbg.eu\/fi\/wp-json\/wp\/v2\/product_tag?post=83532"}],"curies":[{"name":"wp","href":"https:\/\/api.w.org\/{rel}","templated":true}]}}