{"id":83430,"date":"2024-11-16T09:53:46","date_gmt":"2024-12-16T10:50:27","guid":{"rendered":"https:\/\/staging.nbg.eu\/product\/elcan-specterdr-1x-4x\/"},"modified":"2024-12-16T10:53:13","modified_gmt":"2024-12-16T10:53:13","slug":"elcan-specterdr-1x4x","status":"publish","type":"product","link":"https:\/\/staging.nbg.eu\/fi\/tuote\/elcan-specterdr-1x4x\/","title":{"rendered":"ELCAN SpecterDR 1x\/4x"},"content":{"rendered":"<h2>ELCAN SpecterDR 1x\/4x Kaksoisroolin Optinen T\u00e4ht\u00e4in<\/h2>\n<p>ELCAN SpecterDR 1x\/4x \u2013 kaksoisn\u00e4k\u00f6kent\u00e4n optinen t\u00e4ht\u00e4in.<\/p>\n<h2>Ominaisuudet:<\/h2>\n<ul>\n<li>Integroidut Picatinny-kiskot<\/li>\n<li>Molemmille k\u00e4sille sopivat suurennusvipu<\/li>\n<li>Parannetut paristokotelon kannet<\/li>\n<li>CERAKOTE\u00ae-pinnoite mustana tai hiekanv\u00e4risen\u00e4<\/li>\n<li>Nopea vaihto 4x suurennoksen ja 1x l\u00e4hit\u00e4ht\u00e4yksen v\u00e4lill\u00e4<\/li>\n<li>Optimoitu optinen polku ja sama silm\u00e4net\u00e4isyys molemmissa tiloissa<\/li>\n<li>Valaistu hiusristikko tai punainen piste keskell\u00e4<\/li>\n<li>Laaja n\u00e4k\u00f6kentt\u00e4 1x-tilassa<\/li>\n<li>Selke\u00e4 kuva 4x-tilassa<\/li>\n<\/ul>\n<h2>Ristikot:<\/h2>\n<ul>\n<li>5.56 (CX5395)<\/li>\n<li>7.62 (CX5396)<\/li>\n<\/ul>\n<h2>Tekniset tiedot:<\/h2>\n<ul>\n<li>Suurennus: 4x \/ 1x<\/li>\n<li>Mitat: 153mm x 68mm x 72mm (nimellinen)<\/li>\n<li>Paino: 655g (nimellinen)<\/li>\n<li>Ristikko: Kaksipaksuinen ballistinen hiusristikko valittavalla punaisella pisteell\u00e4<\/li>\n<li>N\u00e4k\u00f6kentt\u00e4: 26\u00b0 @ 1x, 6.5\u00b0 @ 4x<\/li>\n<li>Silm\u00e4net\u00e4isyys: 70mm<\/li>\n<li>Paristo: CR2032 (3v Litium)<\/li>\n<li>Pariston kesto: Jopa 1730 tuntia<\/li>\n<li>S\u00e4\u00e4t\u00f6alue: 120 kulmaminuuttia<\/li>\n<\/ul>\n<h2>Valinnainen XOPTEK\u2122 Mikro-refleksit\u00e4ht\u00e4in<\/h2>\n<p>SpecterDR 1-4:\u00e4\u00e4n voidaan lis\u00e4t\u00e4 XOPTEK\u2122 Mikro-refleksit\u00e4ht\u00e4in, kevyt nopean t\u00e4ht\u00e4yksen laite l\u00e4hell\u00e4 ja keskiet\u00e4isyydell\u00e4 oleviin kohteisiin.<\/p>\n<p>ELCAN SpecterDR 1x\/4x on suunniteltu kest\u00e4m\u00e4\u00e4n nykyaikaista ammattik\u00e4ytt\u00f6\u00e4, ja se soveltuu sek\u00e4 keskipitk\u00e4n matkan ett\u00e4 l\u00e4hit\u00e4ht\u00e4ykseen.<\/p>\n","protected":false},"excerpt":{"rendered":"<p>ELCAN SpecterDR 1x\/4x: Kaksiroolinen t\u00e4ht\u00e4in v\u00e4litt\u00f6m\u00e4ll\u00e4 suurennuksen vaihdolla.<\/p>\n","protected":false},"featured_media":79338,"template":"","meta":{"_acf_changed":false},"product_brand":[11287],"product_cat":[13169,13201],"product_tag":[],"class_list":{"0":"post-83430","1":"product","2":"type-product","3":"status-publish","4":"has-post-thumbnail","6":"product_brand-elcan","7":"product_cat-suurennetut-optiikka","8":"product_cat-taehtaeys","10":"first","11":"instock","12":"taxable","13":"shipping-taxable","14":"purchasable","15":"product-type-variable","16":"wvs-archive-product-wrapper"},"acf":[],"_links":{"self":[{"href":"https:\/\/staging.nbg.eu\/fi\/wp-json\/wp\/v2\/product\/83430","targetHints":{"allow":["GET"]}}],"collection":[{"href":"https:\/\/staging.nbg.eu\/fi\/wp-json\/wp\/v2\/product"}],"about":[{"href":"https:\/\/staging.nbg.eu\/fi\/wp-json\/wp\/v2\/types\/product"}],"wp:featuredmedia":[{"embeddable":true,"href":"https:\/\/staging.nbg.eu\/fi\/wp-json\/wp\/v2\/media\/79338"}],"wp:attachment":[{"href":"https:\/\/staging.nbg.eu\/fi\/wp-json\/wp\/v2\/media?parent=83430"}],"wp:term":[{"taxonomy":"product_brand","embeddable":true,"href":"https:\/\/staging.nbg.eu\/fi\/wp-json\/wp\/v2\/product_brand?post=83430"},{"taxonomy":"product_cat","embeddable":true,"href":"https:\/\/staging.nbg.eu\/fi\/wp-json\/wp\/v2\/product_cat?post=83430"},{"taxonomy":"product_tag","embeddable":true,"href":"https:\/\/staging.nbg.eu\/fi\/wp-json\/wp\/v2\/product_tag?post=83430"}],"curies":[{"name":"wp","href":"https:\/\/api.w.org\/{rel}","templated":true}]}}