{"id":83396,"date":"2024-11-05T08:15:55","date_gmt":"2024-12-16T10:05:36","guid":{"rendered":"https:\/\/staging.nbg.eu\/product\/tinck-arms-semi-automatic-carbine-perun-x17-16\/"},"modified":"2024-12-16T10:08:03","modified_gmt":"2024-12-16T10:08:03","slug":"tinck-arms-puoliautomaattinen-karbiini-perun-x17-16","status":"publish","type":"product","link":"https:\/\/staging.nbg.eu\/fi\/tuote\/tinck-arms-puoliautomaattinen-karbiini-perun-x17-16\/","title":{"rendered":"Tinck Arms puoliautomaattinen karbiini Perun X17 &#8211; 16&#8243;"},"content":{"rendered":"<div class=\"product-description\">\n<h2>Tinck Arms Perun X17 &#8211; 16&#8243; Puoliautomaattinen Karbiini<\/h2>\n<p>Perun X17 on uusi tuliase, joka on suunniteltu urheiluampujien, lainvalvonnan ja sotilashenkil\u00f6st\u00f6n tarpeisiin. T\u00e4m\u00e4 ase perustuu AR10-j\u00e4rjestelm\u00e4\u00e4n ja sis\u00e4lt\u00e4\u00e4 uusia ominaisuuksia sek\u00e4 patentoidun toimintaj\u00e4rjestelm\u00e4n.<\/p>\n<h2>T\u00e4rkeimm\u00e4t ominaisuudet:<\/h2>\n<ul>\n<li>Tasapaino ja k\u00e4sitelt\u00e4vyys tarkkuutta varten<\/li>\n<li>Tasainen ampumakokemus<\/li>\n<li>Yhteensopivuus AR10-alustan osien kanssa<\/li>\n<li>Molempik\u00e4tiset hallintalaitteet<\/li>\n<li>Taittuva per\u00e4 kuljetusta varten<\/li>\n<\/ul>\n<h2>Tekniset tiedot:<\/h2>\n<table>\n<tr>\n<td>Kaliiperi:<\/td>\n<td>7.62 x 51mm .308Win, 6.5 Creedmoor<\/td>\n<\/tr>\n<tr>\n<td>Toimintaj\u00e4rjestelm\u00e4:<\/td>\n<td>Lukittu kiertyv\u00e4 lukko, hybridi suora kaasuimpulssi ja lyhyt isku<\/td>\n<\/tr>\n<tr>\n<td>Toimintatapa:<\/td>\n<td>Puoliautomaattinen<\/td>\n<\/tr>\n<tr>\n<td>Pituus (min\/max):<\/td>\n<td>605mm \/ 1040mm<\/td>\n<\/tr>\n<tr>\n<td>Leveys:<\/td>\n<td>56mm (64mm virityskahvan kanssa)<\/td>\n<\/tr>\n<tr>\n<td>Korkeus:<\/td>\n<td>210mm (10 patruunan lippaalla)<\/td>\n<\/tr>\n<tr>\n<td>Piipun pituus:<\/td>\n<td>16&#8243; (Yhteensopiva AR10-standardin kanssa)<\/td>\n<\/tr>\n<tr>\n<td>Rihlanousu:<\/td>\n<td>1:12<\/td>\n<\/tr>\n<tr>\n<td>Paino:<\/td>\n<td>3.7kg (20 patruunan lippaalla)<\/td>\n<\/tr>\n<tr>\n<td>T\u00e4ht\u00e4inj\u00e4rjestelm\u00e4:<\/td>\n<td>K\u00e4\u00e4ntyv\u00e4 varat\u00e4ht\u00e4in (toissijainen)<\/td>\n<\/tr>\n<tr>\n<td>T\u00e4ht\u00e4inv\u00e4li:<\/td>\n<td>300mm, 340mm<\/td>\n<\/tr>\n<tr>\n<td>\u00c4\u00e4nenvaimennin liit\u00e4nt\u00e4:<\/td>\n<td>5\/8 x 24 kierre suujarrussa<\/td>\n<\/tr>\n<tr>\n<td>Suulaite:<\/td>\n<td>3-kammioinen suujarru<\/td>\n<\/tr>\n<tr>\n<td>NAR-kiskot:<\/td>\n<td>1+3<\/td>\n<\/tr>\n<tr>\n<td>Virityskahva:<\/td>\n<td>Ei-liikkuva<\/td>\n<\/tr>\n<tr>\n<td>Lipaskapasiteetti:<\/td>\n<td>10, 20, 25 patruunaa (muovi)<\/td>\n<\/tr>\n<tr>\n<td>Per\u00e4vaihtohedot:<\/td>\n<td>Masada taittuva per\u00e4, AR-15 puskuriputki MFT-per\u00e4ll\u00e4<\/td>\n","protected":false},"excerpt":{"rendered":"<p>Monipuolinen, luotettava 7.62x51mm karbiini 16 tuuman piipulla. Tasainen ammunta, modulaarinen AR10-alusta.<\/p>\n","protected":false},"featured_media":77483,"template":"","meta":{"_acf_changed":false},"product_brand":[11914],"product_cat":[13222,13225],"product_tag":[],"class_list":{"0":"post-83396","1":"product","2":"type-product","3":"status-publish","4":"has-post-thumbnail","6":"product_brand-tinck-arms","7":"product_cat-karbiinit","8":"product_cat-kivaeaeri","10":"first","11":"instock","12":"taxable","13":"shipping-taxable","14":"purchasable","15":"product-type-simple"},"acf":[],"_links":{"self":[{"href":"https:\/\/staging.nbg.eu\/fi\/wp-json\/wp\/v2\/product\/83396","targetHints":{"allow":["GET"]}}],"collection":[{"href":"https:\/\/staging.nbg.eu\/fi\/wp-json\/wp\/v2\/product"}],"about":[{"href":"https:\/\/staging.nbg.eu\/fi\/wp-json\/wp\/v2\/types\/product"}],"wp:featuredmedia":[{"embeddable":true,"href":"https:\/\/staging.nbg.eu\/fi\/wp-json\/wp\/v2\/media\/77483"}],"wp:attachment":[{"href":"https:\/\/staging.nbg.eu\/fi\/wp-json\/wp\/v2\/media?parent=83396"}],"wp:term":[{"taxonomy":"product_brand","embeddable":true,"href":"https:\/\/staging.nbg.eu\/fi\/wp-json\/wp\/v2\/product_brand?post=83396"},{"taxonomy":"product_cat","embeddable":true,"href":"https:\/\/staging.nbg.eu\/fi\/wp-json\/wp\/v2\/product_cat?post=83396"},{"taxonomy":"product_tag","embeddable":true,"href":"https:\/\/staging.nbg.eu\/fi\/wp-json\/wp\/v2\/product_tag?post=83396"}],"curies":[{"name":"wp","href":"https:\/\/api.w.org\/{rel}","templated":true}]}}