{"id":83374,"date":"2024-11-01T13:52:15","date_gmt":"2024-11-01T13:52:15","guid":{"rendered":"https:\/\/staging.nbg.eu\/product\/daa-target-bag-classic-ipsc-target\/"},"modified":"2024-12-16T09:55:25","modified_gmt":"2024-12-16T09:55:25","slug":"daa-taukkukassi-classic-ipsc-taukku","status":"publish","type":"product","link":"https:\/\/staging.nbg.eu\/fi\/tuote\/daa-taukkukassi-classic-ipsc-taukku\/","title":{"rendered":"DAA taukkukassi, Classic (IPSC) taukku"},"content":{"rendered":"<h2>DAA-maalilaukku, perinteinen (IPSC)<\/h2>\n<p>DAA-maalilaukku on ratkaisu maalitaulujen s\u00e4ilytykseen. Laukun ominaisuudet:<\/p>\n<ul>\n<li>Valmistettu D6000-tekstiilist\u00e4<\/li>\n<li>P\u00e4\u00e4osasto sis\u00e4lt\u00e4\u00e4 yli 20 t\u00e4ysikokoista perinteist\u00e4 IPSC-taulua<\/li>\n<li>Kolme ulkotaskua:\n<ul>\n<li>Tasku paikkaustarrojen levittimelle<\/li>\n<li>Tasku nitojalle<\/li>\n<li>Yleisk\u00e4ytt\u00f6inen tasku teipille, niiteille ja ty\u00f6kaluille<\/li>\n<\/ul>\n<\/li>\n<li>Kaksi s\u00e4\u00e4dett\u00e4v\u00e4\u00e4 hihnaa metallikoukuille<\/li>\n<li>Olkahihna ja pehmustettu kahva<\/li>\n<\/ul>\n<p>J\u00e4rjest\u00e4 kaikki maalitauluihin liittyv\u00e4t varusteet yhteen laukkuun. Vapauta k\u00e4tesi muita tavaroita varten.<\/p>\n","protected":false},"excerpt":{"rendered":"<p>DAA-maalilaukku: J\u00e4rjest\u00e4 ja kuljeta IPSC-maalitauluja helposti.<\/p>\n","protected":false},"featured_media":76227,"template":"","meta":{"_acf_changed":false},"product_brand":[11270],"product_cat":[13238,13192],"product_tag":[],"class_list":{"0":"post-83374","1":"product","2":"type-product","3":"status-publish","4":"has-post-thumbnail","6":"product_brand-doublealpha","7":"product_cat-ampumalaukut","8":"product_cat-varusteet","10":"first","11":"outofstock","12":"taxable","13":"shipping-taxable","14":"purchasable","15":"product-type-simple"},"acf":[],"_links":{"self":[{"href":"https:\/\/staging.nbg.eu\/fi\/wp-json\/wp\/v2\/product\/83374","targetHints":{"allow":["GET"]}}],"collection":[{"href":"https:\/\/staging.nbg.eu\/fi\/wp-json\/wp\/v2\/product"}],"about":[{"href":"https:\/\/staging.nbg.eu\/fi\/wp-json\/wp\/v2\/types\/product"}],"wp:featuredmedia":[{"embeddable":true,"href":"https:\/\/staging.nbg.eu\/fi\/wp-json\/wp\/v2\/media\/76227"}],"wp:attachment":[{"href":"https:\/\/staging.nbg.eu\/fi\/wp-json\/wp\/v2\/media?parent=83374"}],"wp:term":[{"taxonomy":"product_brand","embeddable":true,"href":"https:\/\/staging.nbg.eu\/fi\/wp-json\/wp\/v2\/product_brand?post=83374"},{"taxonomy":"product_cat","embeddable":true,"href":"https:\/\/staging.nbg.eu\/fi\/wp-json\/wp\/v2\/product_cat?post=83374"},{"taxonomy":"product_tag","embeddable":true,"href":"https:\/\/staging.nbg.eu\/fi\/wp-json\/wp\/v2\/product_tag?post=83374"}],"curies":[{"name":"wp","href":"https:\/\/api.w.org\/{rel}","templated":true}]}}