{"id":78663,"date":"2024-11-04T19:26:19","date_gmt":"2024-11-13T12:31:26","guid":{"rendered":"https:\/\/staging.nbg.eu\/product\/tinck-arms-semi-automatic-rifle-ar-x15-ms-pro-cal-5-56x45-223-rem-12-5\/"},"modified":"2024-11-13T12:32:38","modified_gmt":"2024-11-13T12:32:38","slug":"tinck-arms-puoliautomaattinen-kivaeaeri-ar-x15-ms-pro-kal-556x45-223-rem-125","status":"publish","type":"product","link":"https:\/\/staging.nbg.eu\/fi\/tuote\/tinck-arms-puoliautomaattinen-kivaeaeri-ar-x15-ms-pro-kal-556x45-223-rem-125\/","title":{"rendered":"Tinck Arms puoliautomaattinen kiv\u00e4\u00e4ri AR X15-MS Pro kal. 5.56&#215;45 (.223 Rem) &#8211; 12,5&#8243;"},"content":{"rendered":"<div class=\"product-description\">\n<h2>Tinck Arms ARX15-MS Pro Kal. 5.56&#215;45 (.223 Rem) &#8211; 12.5&#8243;<\/h2>\n<p>ARX15-MS Pro sopii sek\u00e4 tarkkuus- ett\u00e4 dynaamisen ammuntaan. T\u00e4m\u00e4 ase soveltuu kokeneille ampujille, mets\u00e4st\u00e4jille ja harrastajille.<\/p>\n<h2>T\u00e4rkeimm\u00e4t ominaisuudet:<\/h2>\n<ul>\n<li>Kaliiperi: 5.56&#215;45 (.223 Rem)<\/li>\n<li>Puoliautomaattinen toiminta lukitulla py\u00f6riv\u00e4ll\u00e4 lukolla ja suorakaasutusj\u00e4rjestelm\u00e4ll\u00e4<\/li>\n<li>Kompakti ja s\u00e4\u00e4dett\u00e4v\u00e4 rakenne (660mm &#8211; 970mm)<\/li>\n<li>Paino 2,8 kg (30 patruunan lipas mukaan lukien)<\/li>\n<li>12,5&#8243; piippu, rihlannousu 1:7&#8243;<\/li>\n<li>Molempik\u00e4tinen k\u00e4ytt\u00f6<\/li>\n<li>M-LOK-yhteensopivat kiskot lis\u00e4varusteiden kiinnitt\u00e4miseen<\/li>\n<li>Integroitu \u00e4\u00e4nenvaimennin-liit\u00e4nt\u00e4 1\/2&#8243; &#8211; 28 kierteell\u00e4<\/li>\n<li>Kolmikammioinen suujarru rekyylin v\u00e4hent\u00e4miseksi<\/li>\n<\/ul>\n<h2>Monipuolisuus ja muokattavuus:<\/h2>\n<p>ARX15-MS Pro on suunniteltu mukautuvaksi. S\u00e4\u00e4dett\u00e4v\u00e4 pituus ja molempik\u00e4tiset hallintalaitteet sopivat erilaisille ampujille. M-LOK-yhteensopivat kiskot mahdollistavat lis\u00e4varusteiden kiinnitt\u00e4misen.<\/p>\n<h2>Tarkkuus ja suorituskyky:<\/h2>\n<p>12,5&#8243; piippu 1:7&#8243; rihlannousulla tarjoaa tarkkuutta l\u00e4hiet\u00e4isyydelle ja keskipitk\u00e4lle matkalle. Kolmikammioinen suujarru v\u00e4hent\u00e4\u00e4 rekyyli\u00e4 ja parantaa hallintaa.<\/p>\n<h2>Mukana tulevat lis\u00e4varusteet:<\/h2>\n<ul>\n<li>Yksi 10 tai 30 patruunan muovilipas<\/li>\n<li>MFT-per\u00e4tuki, yhteensopiva AR-15 puskuriputken kanssa<\/li>\n<li>K\u00e4\u00e4ntyv\u00e4 varat\u00e4ht\u00e4in<\/li>\n<li>K\u00e4ytt\u00f6ohje<\/li>\n<\/ul>\n<\/div>\n","protected":false},"excerpt":{"rendered":"<p>Monik\u00e4ytt\u00f6inen 5,56\u00d745 puoliautomaattikiv\u00e4\u00e4ri. 31,75 cm:n piippu, M-LOK-kiskot, molempik\u00e4tinen.<\/p>\n","protected":false},"featured_media":77577,"template":"","meta":{"_acf_changed":false},"product_brand":[11914],"product_cat":[13222,13225],"product_tag":[],"class_list":{"0":"post-78663","1":"product","2":"type-product","3":"status-publish","4":"has-post-thumbnail","6":"product_brand-tinck-arms","7":"product_cat-karbiinit","8":"product_cat-kivaeaeri","10":"first","11":"instock","12":"taxable","13":"shipping-taxable","14":"purchasable","15":"product-type-simple"},"acf":[],"_links":{"self":[{"href":"https:\/\/staging.nbg.eu\/fi\/wp-json\/wp\/v2\/product\/78663","targetHints":{"allow":["GET"]}}],"collection":[{"href":"https:\/\/staging.nbg.eu\/fi\/wp-json\/wp\/v2\/product"}],"about":[{"href":"https:\/\/staging.nbg.eu\/fi\/wp-json\/wp\/v2\/types\/product"}],"wp:featuredmedia":[{"embeddable":true,"href":"https:\/\/staging.nbg.eu\/fi\/wp-json\/wp\/v2\/media\/77577"}],"wp:attachment":[{"href":"https:\/\/staging.nbg.eu\/fi\/wp-json\/wp\/v2\/media?parent=78663"}],"wp:term":[{"taxonomy":"product_brand","embeddable":true,"href":"https:\/\/staging.nbg.eu\/fi\/wp-json\/wp\/v2\/product_brand?post=78663"},{"taxonomy":"product_cat","embeddable":true,"href":"https:\/\/staging.nbg.eu\/fi\/wp-json\/wp\/v2\/product_cat?post=78663"},{"taxonomy":"product_tag","embeddable":true,"href":"https:\/\/staging.nbg.eu\/fi\/wp-json\/wp\/v2\/product_tag?post=78663"}],"curies":[{"name":"wp","href":"https:\/\/api.w.org\/{rel}","templated":true}]}}