{"id":77435,"date":"2024-11-01T07:33:05","date_gmt":"2024-11-01T07:33:05","guid":{"rendered":"https:\/\/staging.nbg.eu\/product\/kmr-l-02-emiq\/"},"modified":"2024-11-04T13:33:40","modified_gmt":"2024-11-04T13:33:40","slug":"kmr-l-02-emiq","status":"publish","type":"product","link":"https:\/\/staging.nbg.eu\/fi\/tuote\/kmr-l-02-emiq\/","title":{"rendered":"KMR L-02 EMIQ"},"content":{"rendered":"<div class=\"product-description\">\n<h2>KMR L-02 EMIQ: Kilpailuun valmis<\/h2>\n<p>KMR L-02 EMIQ on suorituskykyinen pistooli, joka on suunniteltu k\u00e4yt\u00e4nn\u00f6n ampumakilpailuihin. T\u00e4m\u00e4 ase yhdist\u00e4\u00e4 tarkan suunnittelun ja nykyaikaiset lis\u00e4varusteet tarjotakseen tarkkuutta ja nopeutta.<\/p>\n<h2>T\u00e4rkeimm\u00e4t ominaisuudet:<\/h2>\n<ul>\n<li>5&#8243; raskas, uritettu, nitrattu piippu tarkkuuden ja l\u00e4mm\u00f6n haihduttamisen parantamiseksi<\/li>\n<li>3+1 porttinen kompensaattori piipun nousun v\u00e4hent\u00e4miseksi ja nopeampien seurantalaukausten mahdollistamiseksi<\/li>\n<li>CNC-koneistettu ter\u00e4srunko kest\u00e4vyytt\u00e4 ja vakautta varten<\/li>\n<li>Punapistet\u00e4ht\u00e4imen kiinnitys suojakilven kanssa<\/li>\n<li>S\u00e4\u00e4dett\u00e4v\u00e4 SA-liipaisinmekanismi uritetulla tasaisella liipaisimella<\/li>\n<li>Suurikapasiteettiset lippaat: 19+1 tai 26+1 patruunaa (9&#215;19, 9\u00d721)<\/li>\n<li>KMR-lis\u00e4varusteet ja BRS-piipun vakautusj\u00e4rjestelm\u00e4<\/li>\n<\/ul>\n<h2>Tekniset tiedot:<\/h2>\n<ul>\n<li>Kaliiperi: 9&#215;19, 9&#215;21<\/li>\n<li>Kokonaispituus: 261 mm<\/li>\n<li>Piipun pituus: 127 mm<\/li>\n<li>Paino (ilman lipasta): 1260 g<\/li>\n<li>Liipaisimen veto: &gt; 13,5 N<\/li>\n<\/ul>\n<p>KMR L-02 EMIQ on valmistettu aseseppien toimesta. T\u00e4m\u00e4 pistooli on suunniteltu kilpailuissa k\u00e4ytett\u00e4v\u00e4ksi.<\/p>\n<p>KMR L-02 EMIQ on valmis kilpailuun.<\/p>\n<\/div>\n","protected":false},"excerpt":{"rendered":"<p>Suorituskykyinen urheilupistooli kompensaattorilla kilpailuk\u00e4ytt\u00f6\u00f6n.<\/p>\n","protected":false},"featured_media":75832,"template":"","meta":{"_acf_changed":false},"product_brand":[11494],"product_cat":[13182,13172],"product_tag":[],"class_list":{"0":"post-77435","1":"product","2":"type-product","3":"status-publish","4":"has-post-thumbnail","6":"product_brand-kmr-precision","7":"product_cat-pistooli","8":"product_cat-pistoolit","10":"first","11":"outofstock","12":"taxable","13":"shipping-taxable","14":"product-type-simple"},"acf":[],"_links":{"self":[{"href":"https:\/\/staging.nbg.eu\/fi\/wp-json\/wp\/v2\/product\/77435","targetHints":{"allow":["GET"]}}],"collection":[{"href":"https:\/\/staging.nbg.eu\/fi\/wp-json\/wp\/v2\/product"}],"about":[{"href":"https:\/\/staging.nbg.eu\/fi\/wp-json\/wp\/v2\/types\/product"}],"wp:featuredmedia":[{"embeddable":true,"href":"https:\/\/staging.nbg.eu\/fi\/wp-json\/wp\/v2\/media\/75832"}],"wp:attachment":[{"href":"https:\/\/staging.nbg.eu\/fi\/wp-json\/wp\/v2\/media?parent=77435"}],"wp:term":[{"taxonomy":"product_brand","embeddable":true,"href":"https:\/\/staging.nbg.eu\/fi\/wp-json\/wp\/v2\/product_brand?post=77435"},{"taxonomy":"product_cat","embeddable":true,"href":"https:\/\/staging.nbg.eu\/fi\/wp-json\/wp\/v2\/product_cat?post=77435"},{"taxonomy":"product_tag","embeddable":true,"href":"https:\/\/staging.nbg.eu\/fi\/wp-json\/wp\/v2\/product_tag?post=77435"}],"curies":[{"name":"wp","href":"https:\/\/api.w.org\/{rel}","templated":true}]}}