{"id":75411,"date":"2024-10-30T18:55:52","date_gmt":"2024-11-01T09:40:13","guid":{"rendered":"https:\/\/staging.nbg.eu\/product\/rhh-201-iwb-magazine\/"},"modified":"2024-11-01T09:45:26","modified_gmt":"2024-11-01T09:45:26","slug":"rhh-201-iwb-lipas","status":"publish","type":"product","link":"https:\/\/staging.nbg.eu\/fi\/tuote\/rhh-201-iwb-lipas\/","title":{"rendered":"Rhh .201 IWB-lipas"},"content":{"rendered":"<div class=\"product-description\">\n<h2>Rhh .201 IWB-lipasholsteri<\/h2>\n<p>Rhh .201 IWB-lipasholsteri on suunniteltu k\u00e4ytett\u00e4v\u00e4ksi vy\u00f6n sis\u00e4puolella. Holsterin ominaisuudet:<\/p>\n<ul>\n<li>Valmistettu kydex-materiaalista<\/li>\n<li>K\u00e4sin viimeistellyt reunat<\/li>\n<li>S\u00e4\u00e4dett\u00e4v\u00e4 ote<\/li>\n<li>Muotoilu helpottaa puhdistamista<\/li>\n<li>2 mm paksu kydex-materiaali<\/li>\n<li>Voidaan k\u00e4ytt\u00e4\u00e4 eri kohdissa vy\u00f6t\u00e4r\u00f6ll\u00e4<\/li>\n<li>Sopii ymp\u00e4rivuotiseen k\u00e4ytt\u00f6\u00f6n<\/li>\n<li>Saatavilla ter\u00e4skiinnikkeill\u00e4 40 mm ja 45 mm koossa<\/li>\n<li>Valinnainen hikilista<\/li>\n<\/ul>\n<p>Suunniteltu v\u00e4hent\u00e4m\u00e4\u00e4n n\u00e4kyvyytt\u00e4 vaatteiden alla. Sopii oikeak\u00e4tisille k\u00e4ytt\u00e4jille kello 9 asennossa.<\/p>\n<\/div>\n","protected":false},"excerpt":{"rendered":"<p>Ohut, piilotettava IWB-lipasholsteri s\u00e4\u00e4dett\u00e4v\u00e4ll\u00e4 otteella ja hikinauhasuojalla.<\/p>\n","protected":false},"featured_media":74443,"template":"","meta":{"_acf_changed":false},"product_brand":[11633],"product_cat":[13179,13168],"product_tag":[],"class_list":{"0":"post-75411","1":"product","2":"type-product","3":"status-publish","4":"has-post-thumbnail","6":"product_brand-rh-holsters","7":"product_cat-kotelo","8":"product_cat-lippaanpitimet","9":"pa_belt-size-40mm-fi","10":"pa_model-glock-17-22-31-fi","11":"pa_model-glock-19-23-32-fi","12":"pa_model-glock-26-27-fi","13":"pa_strong-hand-right-fi","15":"first","16":"instock","17":"taxable","18":"shipping-taxable","19":"purchasable","20":"product-type-variable","21":"wvs-archive-product-wrapper"},"acf":[],"_links":{"self":[{"href":"https:\/\/staging.nbg.eu\/fi\/wp-json\/wp\/v2\/product\/75411","targetHints":{"allow":["GET"]}}],"collection":[{"href":"https:\/\/staging.nbg.eu\/fi\/wp-json\/wp\/v2\/product"}],"about":[{"href":"https:\/\/staging.nbg.eu\/fi\/wp-json\/wp\/v2\/types\/product"}],"wp:featuredmedia":[{"embeddable":true,"href":"https:\/\/staging.nbg.eu\/fi\/wp-json\/wp\/v2\/media\/74443"}],"wp:attachment":[{"href":"https:\/\/staging.nbg.eu\/fi\/wp-json\/wp\/v2\/media?parent=75411"}],"wp:term":[{"taxonomy":"product_brand","embeddable":true,"href":"https:\/\/staging.nbg.eu\/fi\/wp-json\/wp\/v2\/product_brand?post=75411"},{"taxonomy":"product_cat","embeddable":true,"href":"https:\/\/staging.nbg.eu\/fi\/wp-json\/wp\/v2\/product_cat?post=75411"},{"taxonomy":"product_tag","embeddable":true,"href":"https:\/\/staging.nbg.eu\/fi\/wp-json\/wp\/v2\/product_tag?post=75411"}],"curies":[{"name":"wp","href":"https:\/\/api.w.org\/{rel}","templated":true}]}}