{"id":75355,"date":"2024-10-30T18:50:16","date_gmt":"2024-11-01T09:26:11","guid":{"rendered":"https:\/\/staging.nbg.eu\/product\/rhh-081-owb-magazine\/"},"modified":"2024-11-01T09:28:28","modified_gmt":"2024-11-01T09:28:28","slug":"rhh-081-owb-lipasteline","status":"publish","type":"product","link":"https:\/\/staging.nbg.eu\/fi\/tuote\/rhh-081-owb-lipasteline\/","title":{"rendered":"Rhh .081 OWB lipasteline"},"content":{"rendered":"<div class=\"product-description\">\n<h2>Rhh .081 OWB-lipaskotelo<\/h2>\n<p>Rhh .081 OWB-lipaskotelo on Kydex-kotelo, joka on suunniteltu mukavuutta ja toiminnallisuutta varten. Ominaisuudet:<\/p>\n<ul>\n<li>2 mm paksu Kydex-rakenne kest\u00e4vyytt\u00e4 varten<\/li>\n<li>Korkeapainemuovaus lippaan sopivuutta varten<\/li>\n<li>Ter\u00e4v\u00e4t syvennykset ja sile\u00e4t k\u00e4sin leikatut reunat<\/li>\n<li>V\u00e4rivaihtoehtoja saatavilla<\/li>\n<li>Monipuoliset k\u00e4ytt\u00f6asennot (kello 9-7 oikeak\u00e4tisille)<\/li>\n<li>Sopii ampumaradoille, koulutuksiin ja kilpailuihin<\/li>\n<li>Useita vy\u00f6kiinnitysvaihtoehtoja: Perinteiset lenkit, SpeedLoops tai MOLLE-kiinnikkeet<\/li>\n<li>Valinnainen hikilippa lis\u00e4suojaa varten<\/li>\n<li>S\u00e4\u00e4dett\u00e4v\u00e4 otteen kireys<\/li>\n<\/ul>\n<p>Rhh .081 OWB-lipaskotelo tarjoaa hyv\u00e4n pidon ja helppok\u00e4ytt\u00f6isyyden.<\/p>\n<\/div>\n","protected":false},"excerpt":{"rendered":"<p>Kest\u00e4v\u00e4 Kydex-vy\u00f6holsteri kahdelle lippaalle. Mukautettava, turvallinen istuvuus.<\/p>\n","protected":false},"featured_media":74394,"template":"","meta":{"_acf_changed":false},"product_brand":[11633],"product_cat":[13179,13168],"product_tag":[],"class_list":{"0":"post-75355","1":"product","2":"type-product","3":"status-publish","4":"has-post-thumbnail","6":"product_brand-rh-holsters","7":"product_cat-kotelo","8":"product_cat-lippaanpitimet","9":"pa_belt-size-40mm-fi","10":"pa_model-1911-fi","11":"pa_model-beretta-92x-fi","12":"pa_model-beretta-m9a3-fi","13":"pa_model-glock-17-22-31-fi","14":"pa_model-glock-19-23-32-fi","15":"pa_model-glock-26-27-fi","16":"pa_model-hk45-fi-2","17":"pa_model-sig-sauer-p226-bez-railu-fi","18":"pa_strong-hand-right-fi","20":"first","21":"instock","22":"taxable","23":"shipping-taxable","24":"purchasable","25":"product-type-variable","26":"wvs-archive-product-wrapper"},"acf":[],"_links":{"self":[{"href":"https:\/\/staging.nbg.eu\/fi\/wp-json\/wp\/v2\/product\/75355","targetHints":{"allow":["GET"]}}],"collection":[{"href":"https:\/\/staging.nbg.eu\/fi\/wp-json\/wp\/v2\/product"}],"about":[{"href":"https:\/\/staging.nbg.eu\/fi\/wp-json\/wp\/v2\/types\/product"}],"wp:featuredmedia":[{"embeddable":true,"href":"https:\/\/staging.nbg.eu\/fi\/wp-json\/wp\/v2\/media\/74394"}],"wp:attachment":[{"href":"https:\/\/staging.nbg.eu\/fi\/wp-json\/wp\/v2\/media?parent=75355"}],"wp:term":[{"taxonomy":"product_brand","embeddable":true,"href":"https:\/\/staging.nbg.eu\/fi\/wp-json\/wp\/v2\/product_brand?post=75355"},{"taxonomy":"product_cat","embeddable":true,"href":"https:\/\/staging.nbg.eu\/fi\/wp-json\/wp\/v2\/product_cat?post=75355"},{"taxonomy":"product_tag","embeddable":true,"href":"https:\/\/staging.nbg.eu\/fi\/wp-json\/wp\/v2\/product_tag?post=75355"}],"curies":[{"name":"wp","href":"https:\/\/api.w.org\/{rel}","templated":true}]}}