{"id":75326,"date":"2024-10-30T20:07:58","date_gmt":"2024-10-30T20:07:58","guid":{"rendered":"https:\/\/staging.nbg.eu\/product\/daa-hard-case-large-430\/"},"modified":"2024-11-01T09:07:37","modified_gmt":"2024-11-01T09:07:37","slug":"daa-kova-laukku-suuri-430","status":"publish","type":"product","link":"https:\/\/staging.nbg.eu\/fi\/tuote\/daa-kova-laukku-suuri-430\/","title":{"rendered":"DAA kova laukku suuri-430"},"content":{"rendered":"<div class=\"product-description\">\n<h2>DAA Kova Kotelo Suuri-430<\/h2>\n<p>IP67-sertifioitu DAA Kova Kotelo Suuri-430 tarjoaa suojaa tavaroille. Sopii aseille, kuvausv\u00e4lineille, merivarusteille ja muulle. Kotelo on suunniteltu kest\u00e4m\u00e4\u00e4n vaativia olosuhteita.<\/p>\n<ul>\n<li>Vesitiivis tiiviste ja automaattinen paineentasausventtiili<\/li>\n<li>Helposti avattavat kaksoisalvat ja riippulukkoreik\u00e4<\/li>\n<li>Pinottava lukitusj\u00e4rjestelm\u00e4 lis\u00e4kiinnityspisteill\u00e4<\/li>\n<li>Sis\u00e4lt\u00e4\u00e4 4-osaisen vaahtomuovisarjan sis\u00e4tilan muokkaamiseen<\/li>\n<li>Saatavana mustana tai oranssina<\/li>\n<\/ul>\n<p>Ulkomitat: 464 x 366 x 176 mm<br \/>\n  Sis\u00e4mitat: 426 x 290 x 159 mm<br \/>\n  Paino: 3,1 kg<\/p>\n<\/div>\n","protected":false},"excerpt":{"rendered":"<p>Kest\u00e4v\u00e4, vedenpit\u00e4v\u00e4 kotelo arvokkaalle varustukselle. IP67-sertifioitu, monik\u00e4ytt\u00f6inen.<\/p>\n","protected":false},"featured_media":74469,"template":"","meta":{"_acf_changed":false},"product_brand":[11270],"product_cat":[13214,13192],"product_tag":[],"class_list":{"0":"post-75326","1":"product","2":"type-product","3":"status-publish","4":"has-post-thumbnail","6":"product_brand-doublealpha","7":"product_cat-kuljetuslaukut","8":"product_cat-varusteet","10":"first","11":"outofstock","12":"taxable","13":"shipping-taxable","14":"purchasable","15":"product-type-simple"},"acf":[],"_links":{"self":[{"href":"https:\/\/staging.nbg.eu\/fi\/wp-json\/wp\/v2\/product\/75326","targetHints":{"allow":["GET"]}}],"collection":[{"href":"https:\/\/staging.nbg.eu\/fi\/wp-json\/wp\/v2\/product"}],"about":[{"href":"https:\/\/staging.nbg.eu\/fi\/wp-json\/wp\/v2\/types\/product"}],"wp:featuredmedia":[{"embeddable":true,"href":"https:\/\/staging.nbg.eu\/fi\/wp-json\/wp\/v2\/media\/74469"}],"wp:attachment":[{"href":"https:\/\/staging.nbg.eu\/fi\/wp-json\/wp\/v2\/media?parent=75326"}],"wp:term":[{"taxonomy":"product_brand","embeddable":true,"href":"https:\/\/staging.nbg.eu\/fi\/wp-json\/wp\/v2\/product_brand?post=75326"},{"taxonomy":"product_cat","embeddable":true,"href":"https:\/\/staging.nbg.eu\/fi\/wp-json\/wp\/v2\/product_cat?post=75326"},{"taxonomy":"product_tag","embeddable":true,"href":"https:\/\/staging.nbg.eu\/fi\/wp-json\/wp\/v2\/product_tag?post=75326"}],"curies":[{"name":"wp","href":"https:\/\/api.w.org\/{rel}","templated":true}]}}