{"id":75305,"date":"2024-10-30T20:55:00","date_gmt":"2024-11-01T09:04:32","guid":{"rendered":"https:\/\/staging.nbg.eu\/product\/daa-hard-case-xl-505\/"},"modified":"2024-11-01T09:06:24","modified_gmt":"2024-11-01T09:06:24","slug":"daa-kova-laukku-xl-505","status":"publish","type":"product","link":"https:\/\/staging.nbg.eu\/fi\/tuote\/daa-kova-laukku-xl-505\/","title":{"rendered":"DAA kova laukku XL-505"},"content":{"rendered":"<div class=\"product-description\">\n<h2>DAA Kovakotelo XL-505<\/h2>\n<p>IP67-sertifioitu DAA Kovakotelo XL-505 suojaa arvoesineit\u00e4. Sopii aseille, valokuvausv\u00e4lineille, merenkulkuvarusteille ja muille. Kotelo on suunniteltu kest\u00e4m\u00e4\u00e4n vaativia olosuhteita.<\/p>\n<ul>\n<li>Veden- ja p\u00f6lynkest\u00e4v\u00e4 rakenne<\/li>\n<li>Iskunkest\u00e4v\u00e4 rakenne<\/li>\n<li>Automaattinen paineentasausventtiili<\/li>\n<li>Nelj\u00e4 helposti avattavaa kaksoislukkoa<\/li>\n<li>Pehme\u00e4 kahva ja kaksi riippulukkoaukkoa<\/li>\n<li>Pinottava lukitusj\u00e4rjestelm\u00e4<\/li>\n<li>Muokattava vaahtomuovisisus<\/li>\n<\/ul>\n<p>Saatavana mustana tai oranssina. XL-505:n ulkomitat ovat 555 x 428 x 211 mm ja paino 4,1 kg. Kotelo suojaa varusteita erilaisissa ymp\u00e4rist\u00f6iss\u00e4.<\/p>\n<\/div>\n","protected":false},"excerpt":{"rendered":"<p>Kest\u00e4v\u00e4, vedenpit\u00e4v\u00e4 kotelo arvokkaalle varustukselle. Muokattava vaahtomuovisisus.<\/p>\n","protected":false},"featured_media":74700,"template":"","meta":{"_acf_changed":false},"product_brand":[11270],"product_cat":[13214,13192],"product_tag":[],"class_list":{"0":"post-75305","1":"product","2":"type-product","3":"status-publish","4":"has-post-thumbnail","6":"product_brand-doublealpha","7":"product_cat-kuljetuslaukut","8":"product_cat-varusteet","10":"first","11":"instock","12":"taxable","13":"shipping-taxable","14":"purchasable","15":"product-type-simple"},"acf":[],"_links":{"self":[{"href":"https:\/\/staging.nbg.eu\/fi\/wp-json\/wp\/v2\/product\/75305","targetHints":{"allow":["GET"]}}],"collection":[{"href":"https:\/\/staging.nbg.eu\/fi\/wp-json\/wp\/v2\/product"}],"about":[{"href":"https:\/\/staging.nbg.eu\/fi\/wp-json\/wp\/v2\/types\/product"}],"wp:featuredmedia":[{"embeddable":true,"href":"https:\/\/staging.nbg.eu\/fi\/wp-json\/wp\/v2\/media\/74700"}],"wp:attachment":[{"href":"https:\/\/staging.nbg.eu\/fi\/wp-json\/wp\/v2\/media?parent=75305"}],"wp:term":[{"taxonomy":"product_brand","embeddable":true,"href":"https:\/\/staging.nbg.eu\/fi\/wp-json\/wp\/v2\/product_brand?post=75305"},{"taxonomy":"product_cat","embeddable":true,"href":"https:\/\/staging.nbg.eu\/fi\/wp-json\/wp\/v2\/product_cat?post=75305"},{"taxonomy":"product_tag","embeddable":true,"href":"https:\/\/staging.nbg.eu\/fi\/wp-json\/wp\/v2\/product_tag?post=75305"}],"curies":[{"name":"wp","href":"https:\/\/api.w.org\/{rel}","templated":true}]}}