{"id":74944,"date":"2024-10-21T09:39:10","date_gmt":"2024-10-31T11:18:39","guid":{"rendered":"https:\/\/staging.nbg.eu\/product\/grips-kmr-s-modular-sandpaper-black\/"},"modified":"2024-10-31T11:19:45","modified_gmt":"2024-10-31T11:19:45","slug":"kahvat-kmr-s-modulaarinen-hiekkapaperi-musta","status":"publish","type":"product","link":"https:\/\/staging.nbg.eu\/fi\/tuote\/kahvat-kmr-s-modulaarinen-hiekkapaperi-musta\/","title":{"rendered":"KAHVAT KMR S modulaarinen hiekkapaperi &#8211; musta"},"content":{"rendered":"<h2>GRIPS KMR S Modulaarinen Hiekkapaperiote &#8211; Musta<\/h2>\n<p>KMR S-02 pistooliin tarkoitetut modulaariset hiekkapaperiotteet. Valmistettu anodisoidusta duralumiinista, pitk\u00e4t otteet parantavat k\u00e4sittely\u00e4 ja mukavuutta.<\/p>\n<h2>Ominaisuudet:<\/h2>\n<ul>\n<li>Sopii KMR S-02 .22 LR malleihin<\/li>\n<li>Kest\u00e4v\u00e4 anodisoitu duralumiinirakenne<\/li>\n<li>Suunniteltu k\u00e4ytett\u00e4v\u00e4ksi ilman lipasohjainta<\/li>\n<li>Sis\u00e4lt\u00e4\u00e4 torx-ruuvit asennusta varten<\/li>\n<li>Musta pinta KMR-logolla<\/li>\n<\/ul>\n<p>Huomio: N\u00e4m\u00e4 otteet on suunniteltu KMR S-02:n 26 mm leve\u00e4\u00e4n alumiinirunkoon, eiv\u00e4tk\u00e4 sovi W-02 tai L-02 runkokokoihin. Parantaa otetta ja ampumatarkkuutta KMR S-02 pistoolissa.<\/p>\n<dl class=\"data-sheet\">\n<dt class=\"name\">KMR-aseisiin<\/dt>\n<dd class=\"value\">KMR S-01 LANCE (OR)<br \/>\nKMR S-02 VUOTEEN 2023 ASTI<\/dd>\n<dt class=\"name\">CZ-aseisiin<\/dt>\n<dd class=\"value\">CZ SHADOW 1<br \/>\nCZ SHADOW 2<br \/>\nCZ SHADOW 2 (OR)<br \/>\nCZ SP-01<\/dd>\n<\/dl>\n","protected":false},"excerpt":{"rendered":"<p>KMR S-02 musta modulaarinen kahva, yhteensopiva alumiinirungon kanssa.<br \/>\n0611-03101-0101<\/p>\n","protected":false},"featured_media":73892,"template":"","meta":{"_acf_changed":false},"product_brand":[11494],"product_cat":[13177],"product_tag":[],"class_list":{"0":"post-74944","1":"product","2":"type-product","3":"status-publish","4":"has-post-thumbnail","6":"product_brand-kmr-precision","7":"product_cat-kmr-osat","9":"first","10":"instock","11":"taxable","12":"shipping-taxable","13":"purchasable","14":"product-type-simple"},"acf":[],"_links":{"self":[{"href":"https:\/\/staging.nbg.eu\/fi\/wp-json\/wp\/v2\/product\/74944","targetHints":{"allow":["GET"]}}],"collection":[{"href":"https:\/\/staging.nbg.eu\/fi\/wp-json\/wp\/v2\/product"}],"about":[{"href":"https:\/\/staging.nbg.eu\/fi\/wp-json\/wp\/v2\/types\/product"}],"wp:featuredmedia":[{"embeddable":true,"href":"https:\/\/staging.nbg.eu\/fi\/wp-json\/wp\/v2\/media\/73892"}],"wp:attachment":[{"href":"https:\/\/staging.nbg.eu\/fi\/wp-json\/wp\/v2\/media?parent=74944"}],"wp:term":[{"taxonomy":"product_brand","embeddable":true,"href":"https:\/\/staging.nbg.eu\/fi\/wp-json\/wp\/v2\/product_brand?post=74944"},{"taxonomy":"product_cat","embeddable":true,"href":"https:\/\/staging.nbg.eu\/fi\/wp-json\/wp\/v2\/product_cat?post=74944"},{"taxonomy":"product_tag","embeddable":true,"href":"https:\/\/staging.nbg.eu\/fi\/wp-json\/wp\/v2\/product_tag?post=74944"}],"curies":[{"name":"wp","href":"https:\/\/api.w.org\/{rel}","templated":true}]}}