{"id":74922,"date":"2024-10-21T09:31:15","date_gmt":"2024-10-31T11:15:14","guid":{"rendered":"https:\/\/staging.nbg.eu\/product\/grips-kmr-s-dotmatrix-ergo-silver\/"},"modified":"2024-10-31T11:17:00","modified_gmt":"2024-10-31T11:17:00","slug":"kahvat-kmr-s-dotmatrix-ergo-hopea","status":"publish","type":"product","link":"https:\/\/staging.nbg.eu\/fi\/tuote\/kahvat-kmr-s-dotmatrix-ergo-hopea\/","title":{"rendered":"KAHVAT KMR S DotMatrix &#8211; Ergo hopea"},"content":{"rendered":"<h2>GRIPS KMR S DotMatrix &#8211; Ergo Silver<\/h2>\n<p>KMR S-02 pistoolin kahvat. Valmistettu anodisoidusta duralumiinista, pitk\u00e4t kahvat ergonomisella muotoilulla ja golfpallokuvioinnilla otteen parantamiseksi.<\/p>\n<ul>\n<li>Yhteensopiva vain KMR S-02 rungon kanssa (26mm leve\u00e4)<\/li>\n<li>Valmistettu anodisoidusta duralumiinista<\/li>\n<li>Ergonominen muotoilu<\/li>\n<li>Golfpallokuviointi paremman otteen saavuttamiseksi<\/li>\n<li>Hopeinen viimeistely KMR-logolla<\/li>\n<li>Sis\u00e4lt\u00e4\u00e4 torx-ruuvit asennusta varten<\/li>\n<\/ul>\n<p>Suunniteltu KMR S-02 .22 LR pistoolille. Ei yhteensopiva W-02 tai L-02 runkokojen kanssa.<\/p>\n<dl class=\"data-sheet\">\n<dt class=\"name\">KMR-aseet<\/dt>\n<dd class=\"value\">KMR S-01 LANCE (OR)<br \/>\nKMR S-02 VUOTEEN 2023 ASTI<\/dd>\n<dt class=\"name\">CZ-aseet<\/dt>\n<dd class=\"value\">CZ SHADOW 1<br \/>\nCZ SHADOW 2<br \/>\nCZ SHADOW 2 (OR)<br \/>\nCZ SP-01<\/dd>\n<\/dl>\n","protected":false},"excerpt":{"rendered":"<p>Ergonomiset hopeiset kahvat KMR S-02 -pistooleille.<br \/>\n0611-03001-0102<\/p>\n","protected":false},"featured_media":73844,"template":"","meta":{"_acf_changed":false},"product_brand":[11494],"product_cat":[13177],"product_tag":[],"class_list":{"0":"post-74922","1":"product","2":"type-product","3":"status-publish","4":"has-post-thumbnail","6":"product_brand-kmr-precision","7":"product_cat-kmr-osat","9":"first","10":"instock","11":"taxable","12":"shipping-taxable","13":"purchasable","14":"product-type-simple"},"acf":[],"_links":{"self":[{"href":"https:\/\/staging.nbg.eu\/fi\/wp-json\/wp\/v2\/product\/74922","targetHints":{"allow":["GET"]}}],"collection":[{"href":"https:\/\/staging.nbg.eu\/fi\/wp-json\/wp\/v2\/product"}],"about":[{"href":"https:\/\/staging.nbg.eu\/fi\/wp-json\/wp\/v2\/types\/product"}],"wp:featuredmedia":[{"embeddable":true,"href":"https:\/\/staging.nbg.eu\/fi\/wp-json\/wp\/v2\/media\/73844"}],"wp:attachment":[{"href":"https:\/\/staging.nbg.eu\/fi\/wp-json\/wp\/v2\/media?parent=74922"}],"wp:term":[{"taxonomy":"product_brand","embeddable":true,"href":"https:\/\/staging.nbg.eu\/fi\/wp-json\/wp\/v2\/product_brand?post=74922"},{"taxonomy":"product_cat","embeddable":true,"href":"https:\/\/staging.nbg.eu\/fi\/wp-json\/wp\/v2\/product_cat?post=74922"},{"taxonomy":"product_tag","embeddable":true,"href":"https:\/\/staging.nbg.eu\/fi\/wp-json\/wp\/v2\/product_tag?post=74922"}],"curies":[{"name":"wp","href":"https:\/\/api.w.org\/{rel}","templated":true}]}}