{"id":74834,"date":"2024-10-21T09:33:36","date_gmt":"2024-10-31T10:58:28","guid":{"rendered":"https:\/\/staging.nbg.eu\/product\/grips-kmr-s-dotmatrix-silver\/"},"modified":"2024-10-31T11:00:14","modified_gmt":"2024-10-31T11:00:14","slug":"kahvat-kmr-s-dotmatrix-hopea","status":"publish","type":"product","link":"https:\/\/staging.nbg.eu\/fi\/tuote\/kahvat-kmr-s-dotmatrix-hopea\/","title":{"rendered":"KAHVAT KMR S DotMatrix &#8211; hopea"},"content":{"rendered":"<div class=\"product-description\">\n<h2>GRIPS KMR S DotMatrix &#8211; Hopea<\/h2>\n<p>GRIPS KMR S DotMatrix hopeassa v\u00e4riss\u00e4. Pitk\u00e4t kahvat on valmistettu anodisoidusta duralumiinista ja niiss\u00e4 on golfpallon kuvioinen pinta.<\/p>\n<ul>\n<li>Suunniteltu KMR S-02 malleille, joissa on 26 mm leve\u00e4t alumiinikehykset<\/li>\n<li>Kuvioitu pinta parantaa otetta<\/li>\n<li>Sopii olemassa olevien pistoolien p\u00e4ivitt\u00e4miseen tai kilpa-aseiden rakentamiseen<\/li>\n<li>Ei sis\u00e4ll\u00e4 lipasohjainta<\/li>\n<li>Sis\u00e4lt\u00e4\u00e4 torx-ruuvit asennusta varten<\/li>\n<li>KMR-logo<\/li>\n<\/ul>\n<p>Huomio: N\u00e4m\u00e4 kahvat sopivat vain KMR S-02 kehyskokoon, eiv\u00e4tk\u00e4 ole yhteensopivia W-02 tai L-02 mallien kanssa. Tarkista sis\u00e4puolen merkint\u00e4 (S) ennen asennusta.<\/p>\n<\/div>\n<dl class=\"data-sheet\">\n<dt class=\"name\">KMR-aseet<\/dt>\n<dd class=\"value\">KMR S-01 LANCE (OR)<br \/>\nKMR S-02 VUOTEEN 2023 ASTI<\/dd>\n<dt class=\"name\">CZ-aseet<\/dt>\n<dd class=\"value\">CZ SHADOW 1<br \/>\nCZ SHADOW 2<br \/>\nCZ SHADOW 2 (OR)<br \/>\nCZ SP-01<\/dd>\n<\/dl>\n","protected":false},"excerpt":{"rendered":"<p>Kest\u00e4v\u00e4t hopeiset kahvat, joissa on voimakas tekstuuri varmaa k\u00e4sittely\u00e4 varten.<br \/>\n 0611-02801-0102<\/p>\n","protected":false},"featured_media":73868,"template":"","meta":{"_acf_changed":false},"product_brand":[11494],"product_cat":[369],"product_tag":[],"class_list":{"0":"post-74834","1":"product","2":"type-product","3":"status-publish","4":"has-post-thumbnail","6":"product_brand-kmr-precision","7":"product_cat-uncategorized","9":"first","10":"instock","11":"taxable","12":"shipping-taxable","13":"purchasable","14":"product-type-simple"},"acf":[],"_links":{"self":[{"href":"https:\/\/staging.nbg.eu\/fi\/wp-json\/wp\/v2\/product\/74834","targetHints":{"allow":["GET"]}}],"collection":[{"href":"https:\/\/staging.nbg.eu\/fi\/wp-json\/wp\/v2\/product"}],"about":[{"href":"https:\/\/staging.nbg.eu\/fi\/wp-json\/wp\/v2\/types\/product"}],"wp:featuredmedia":[{"embeddable":true,"href":"https:\/\/staging.nbg.eu\/fi\/wp-json\/wp\/v2\/media\/73868"}],"wp:attachment":[{"href":"https:\/\/staging.nbg.eu\/fi\/wp-json\/wp\/v2\/media?parent=74834"}],"wp:term":[{"taxonomy":"product_brand","embeddable":true,"href":"https:\/\/staging.nbg.eu\/fi\/wp-json\/wp\/v2\/product_brand?post=74834"},{"taxonomy":"product_cat","embeddable":true,"href":"https:\/\/staging.nbg.eu\/fi\/wp-json\/wp\/v2\/product_cat?post=74834"},{"taxonomy":"product_tag","embeddable":true,"href":"https:\/\/staging.nbg.eu\/fi\/wp-json\/wp\/v2\/product_tag?post=74834"}],"curies":[{"name":"wp","href":"https:\/\/api.w.org\/{rel}","templated":true}]}}