{"id":74812,"date":"2024-10-21T09:29:53","date_gmt":"2024-10-31T10:54:56","guid":{"rendered":"https:\/\/staging.nbg.eu\/product\/grips-kmr-s-dotmatrix-black\/"},"modified":"2024-10-31T10:56:43","modified_gmt":"2024-10-31T10:56:43","slug":"kahvat-kmr-s-dotmatrix-musta","status":"publish","type":"product","link":"https:\/\/staging.nbg.eu\/fi\/tuote\/kahvat-kmr-s-dotmatrix-musta\/","title":{"rendered":"KAHVAT KMR S DotMatrix &#8211; musta"},"content":{"rendered":"<div class=\"product-description\">\n<h2>GRIPS KMR S DotMatrix &#8211; Musta<\/h2>\n<p>GRIPS KMR S DotMatrix -kahvat mustana. N\u00e4m\u00e4 kest\u00e4v\u00e4t kahvat tarjoavat karkean pinnan varman otteen saamiseksi. Sopii olemassa olevan pistoolin p\u00e4ivitt\u00e4miseen tai kilpa-aseen suunnitteluun.<\/p>\n<h3>Ominaisuudet:<\/h3>\n<ul>\n<li>Pitk\u00e4 koko optimaalista otetta varten<\/li>\n<li>Valmistettu anodisoidusta duralumiinista kest\u00e4vyyden takaamiseksi<\/li>\n<li>Golfpallokuviointi parempaa pintarakennetta varten<\/li>\n<li>Suunniteltu k\u00e4ytett\u00e4v\u00e4ksi ilman lipasohjainta<\/li>\n<li>Sis\u00e4lt\u00e4\u00e4 torx-ruuvit helppoa asennusta varten<\/li>\n<li>KMR-logo<\/li>\n<\/ul>\n<p>Yhteensopiva vain KMR S-02 -mallien kanssa, joissa on 26 mm leve\u00e4 alumiinirunko. Ei sovi W-02- tai L-02-runkokokoihin. P\u00e4ivit\u00e4 KMR S-02 .22 LR -pistoolisi hallintaa ja suorituskyky\u00e4 varten.<\/p>\n<\/div>\n<dl class=\"data-sheet\">\n<dt class=\"name\">KMR-aseille<\/dt>\n<dd class=\"value\">KMR S-01 LANCE (OR)<br \/>\nKMR S-02 VUOTEEN 2023 ASTI<\/dd>\n<dt class=\"name\">CZ-aseille<\/dt>\n<dd class=\"value\">CZ SHADOW 1<br \/>\nCZ SHADOW 2<br \/>\nCZ SHADOW 2 (OR)<br \/>\nCZ SP-01<\/dd>\n<\/dl>\n","protected":false},"excerpt":{"rendered":"<p>Kest\u00e4v\u00e4t anodisoitut duralumiinista valmistetut pistoolikahvat. Voimakas pintakuviointi.<\/p>\n<p>0611-02801-0101<\/p>\n","protected":false},"featured_media":73820,"template":"","meta":{"_acf_changed":false},"product_brand":[11494],"product_cat":[13177],"product_tag":[],"class_list":{"0":"post-74812","1":"product","2":"type-product","3":"status-publish","4":"has-post-thumbnail","6":"product_brand-kmr-precision","7":"product_cat-kmr-osat","9":"first","10":"instock","11":"taxable","12":"shipping-taxable","13":"purchasable","14":"product-type-simple"},"acf":[],"_links":{"self":[{"href":"https:\/\/staging.nbg.eu\/fi\/wp-json\/wp\/v2\/product\/74812","targetHints":{"allow":["GET"]}}],"collection":[{"href":"https:\/\/staging.nbg.eu\/fi\/wp-json\/wp\/v2\/product"}],"about":[{"href":"https:\/\/staging.nbg.eu\/fi\/wp-json\/wp\/v2\/types\/product"}],"wp:featuredmedia":[{"embeddable":true,"href":"https:\/\/staging.nbg.eu\/fi\/wp-json\/wp\/v2\/media\/73820"}],"wp:attachment":[{"href":"https:\/\/staging.nbg.eu\/fi\/wp-json\/wp\/v2\/media?parent=74812"}],"wp:term":[{"taxonomy":"product_brand","embeddable":true,"href":"https:\/\/staging.nbg.eu\/fi\/wp-json\/wp\/v2\/product_brand?post=74812"},{"taxonomy":"product_cat","embeddable":true,"href":"https:\/\/staging.nbg.eu\/fi\/wp-json\/wp\/v2\/product_cat?post=74812"},{"taxonomy":"product_tag","embeddable":true,"href":"https:\/\/staging.nbg.eu\/fi\/wp-json\/wp\/v2\/product_tag?post=74812"}],"curies":[{"name":"wp","href":"https:\/\/api.w.org\/{rel}","templated":true}]}}