{"id":74361,"date":"2024-10-19T08:43:18","date_gmt":"2024-10-19T08:43:18","guid":{"rendered":"https:\/\/staging.nbg.eu\/product\/sg-timer-go\/"},"modified":"2025-10-01T15:48:15","modified_gmt":"2025-10-01T12:48:15","slug":"sg-timer-go","status":"publish","type":"product","link":"https:\/\/staging.nbg.eu\/fi\/tuote\/sg-timer-go\/","title":{"rendered":"SG Timer Go"},"content":{"rendered":"<h2>SG Timer Go: Ajastin<\/h2>\n<p>SG Timer Go on kompakti ja helppok\u00e4ytt\u00f6inen laite. Siin\u00e4 on sama \u00e4lyk\u00e4s sensori ja tunnistusalgoritmit kuin edelt\u00e4j\u00e4ss\u00e4\u00e4n.<\/p>\n<h2>Ominaisuudet:<\/h2>\n<ul>\n<li>Bluetooth-yhteys<\/li>\n<li>Yhteensopiva harjoitussovelluksen kanssa<\/li>\n<li>Kuivalaukauksen tunnistus ja suorituspalaute<\/li>\n<li>Kaiun suodatus laukausten tunnistamisessa<\/li>\n<li>Sis\u00e4inen muisti miljoonalle laukaukselle<\/li>\n<li>Muokattavat PAR-ajat<\/li>\n<li>S\u00e4\u00e4dett\u00e4v\u00e4 herkkyys kaikille kaliibereille<\/li>\n<li>S\u00e4\u00e4dett\u00e4v\u00e4 \u00e4\u00e4nenvoimakkuus (5-100)<\/li>\n<li>&#8221;Vakoilutila&#8221; muiden ajastimien kanssa synkronointiin<\/li>\n<\/ul>\n<h2>Rakenne:<\/h2>\n<ul>\n<li>N\u00e4ytt\u00f6 ylh\u00e4\u00e4ll\u00e4<\/li>\n<li>Kahden painikkeen k\u00e4ytt\u00f6liittym\u00e4<\/li>\n<li>Pikakiinnitteinen vy\u00f6klipsi<\/li>\n<li>Taskuklipsi<\/li>\n<\/ul>\n<h2>Akun kesto:<\/h2>\n<p>Jopa 80 tuntia jatkuvaa k\u00e4ytt\u00f6\u00e4 yhdell\u00e4 latauksella. USB-C-latausportti.<\/p>\n<p>SG Timer Go on ampumaharjoitteluun tarkoitettu ajastin.<\/p>\n","protected":false},"excerpt":{"rendered":"<p>Kompakti \u00e4lyk\u00e4s ammunta-ajastin Bluetooth-yhteydell\u00e4, edistyneill\u00e4 ominaisuuksilla ja pitk\u00e4ll\u00e4 akunkestolla.<\/p>\n","protected":false},"featured_media":73216,"template":"","meta":{"_acf_changed":false},"product_brand":[11798],"product_cat":[13205,13192],"product_tag":[],"class_list":{"0":"post-74361","1":"product","2":"type-product","3":"status-publish","4":"has-post-thumbnail","6":"product_brand-shooters-global","7":"product_cat-ajanottokellot","8":"product_cat-varusteet","10":"first","11":"outofstock","12":"taxable","13":"shipping-taxable","14":"purchasable","15":"product-type-simple"},"acf":[],"_links":{"self":[{"href":"https:\/\/staging.nbg.eu\/fi\/wp-json\/wp\/v2\/product\/74361","targetHints":{"allow":["GET"]}}],"collection":[{"href":"https:\/\/staging.nbg.eu\/fi\/wp-json\/wp\/v2\/product"}],"about":[{"href":"https:\/\/staging.nbg.eu\/fi\/wp-json\/wp\/v2\/types\/product"}],"wp:featuredmedia":[{"embeddable":true,"href":"https:\/\/staging.nbg.eu\/fi\/wp-json\/wp\/v2\/media\/73216"}],"wp:attachment":[{"href":"https:\/\/staging.nbg.eu\/fi\/wp-json\/wp\/v2\/media?parent=74361"}],"wp:term":[{"taxonomy":"product_brand","embeddable":true,"href":"https:\/\/staging.nbg.eu\/fi\/wp-json\/wp\/v2\/product_brand?post=74361"},{"taxonomy":"product_cat","embeddable":true,"href":"https:\/\/staging.nbg.eu\/fi\/wp-json\/wp\/v2\/product_cat?post=74361"},{"taxonomy":"product_tag","embeddable":true,"href":"https:\/\/staging.nbg.eu\/fi\/wp-json\/wp\/v2\/product_tag?post=74361"}],"curies":[{"name":"wp","href":"https:\/\/api.w.org\/{rel}","templated":true}]}}