{"id":74297,"date":"2024-10-18T19:29:44","date_gmt":"2024-10-30T09:17:41","guid":{"rendered":"https:\/\/staging.nbg.eu\/product\/nitehog-viper-50-next-thermal-clip-on\/"},"modified":"2024-10-30T09:19:59","modified_gmt":"2024-10-30T09:19:59","slug":"nitehog-viper-50-next-laempoekamera-clip-on","status":"publish","type":"product","link":"https:\/\/staging.nbg.eu\/fi\/tuote\/nitehog-viper-50-next-laempoekamera-clip-on\/","title":{"rendered":"NiteHog Viper 50 Next l\u00e4mp\u00f6kamera clip-on"},"content":{"rendered":"<h2>NiteHog Viper 50 Next l\u00e4mp\u00f6kuvauslaite<\/h2>\n<p>Viper 50 Next on kompakti ja kevyt l\u00e4mp\u00f6kuvauslaite, joka kiinnitet\u00e4\u00e4n optiseen t\u00e4ht\u00e4imeen.<\/p>\n<h2>Ominaisuudet:<\/h2>\n<ul>\n<li>50 mm:n polttov\u00e4li havaitsemiseen ja tunnistamiseen<\/li>\n<li>60 Hz:n kuvataajuus<\/li>\n<li>Kompakti rakenne, paino 295 grammaa<\/li>\n<li>Kiinnitett\u00e4viss\u00e4 p\u00e4iv\u00e4optisiin t\u00e4ht\u00e4imiin<\/li>\n<li>Havaitsemiset\u00e4isyys jopa 2160 metri\u00e4<\/li>\n<li>A-Core-moduuli kuvanlaadun parantamiseksi<\/li>\n<li>1024&#215;768 pikselin n\u00e4ytt\u00f6resoluutio<\/li>\n<li>IP66-vesitiiviysluokitus<\/li>\n<li>5 tunnin akunkesto 18650-akulla<\/li>\n<li>Kuvatilat: White Hot, Black Hot, Red Hot, Auto Isotherm, Isotherm, Rainbow ja Ironbow<\/li>\n<\/ul>\n<p>Viper 50 Next:ss\u00e4 on germaniumobjektiivi ja 12 mikronin pikselikoon sensori. K\u00e4ytt\u00f6liittym\u00e4 on helppok\u00e4ytt\u00f6inen.<\/p>\n<p>NiteHog Viper 50 Next on suunniteltu ammattilaisille ja harrastajille.<\/p>\n","protected":false},"excerpt":{"rendered":"<p>Kompakti l\u00e4mp\u00f6kamera 50 mm:n linssill\u00e4 pitk\u00e4n matkan havainnointiin.<\/p>\n","protected":false},"featured_media":72029,"template":"","meta":{"_acf_changed":false},"product_brand":[11592],"product_cat":[13156,13201],"product_tag":[],"class_list":{"0":"post-74297","1":"product","2":"type-product","3":"status-publish","4":"has-post-thumbnail","6":"product_brand-nitehog","7":"product_cat-laempoe","8":"product_cat-taehtaeys","10":"first","11":"instock","12":"taxable","13":"shipping-taxable","14":"purchasable","15":"product-type-simple"},"acf":[],"_links":{"self":[{"href":"https:\/\/staging.nbg.eu\/fi\/wp-json\/wp\/v2\/product\/74297","targetHints":{"allow":["GET"]}}],"collection":[{"href":"https:\/\/staging.nbg.eu\/fi\/wp-json\/wp\/v2\/product"}],"about":[{"href":"https:\/\/staging.nbg.eu\/fi\/wp-json\/wp\/v2\/types\/product"}],"wp:featuredmedia":[{"embeddable":true,"href":"https:\/\/staging.nbg.eu\/fi\/wp-json\/wp\/v2\/media\/72029"}],"wp:attachment":[{"href":"https:\/\/staging.nbg.eu\/fi\/wp-json\/wp\/v2\/media?parent=74297"}],"wp:term":[{"taxonomy":"product_brand","embeddable":true,"href":"https:\/\/staging.nbg.eu\/fi\/wp-json\/wp\/v2\/product_brand?post=74297"},{"taxonomy":"product_cat","embeddable":true,"href":"https:\/\/staging.nbg.eu\/fi\/wp-json\/wp\/v2\/product_cat?post=74297"},{"taxonomy":"product_tag","embeddable":true,"href":"https:\/\/staging.nbg.eu\/fi\/wp-json\/wp\/v2\/product_tag?post=74297"}],"curies":[{"name":"wp","href":"https:\/\/api.w.org\/{rel}","templated":true}]}}