{"id":74274,"date":"2024-10-20T10:20:59","date_gmt":"2024-10-30T09:02:56","guid":{"rendered":"https:\/\/staging.nbg.eu\/product\/fully-adjustable-rear-sight-kmr\/"},"modified":"2024-10-30T09:04:47","modified_gmt":"2024-10-30T09:04:47","slug":"taeysin-saeaedettaevae-takataehtaein-kmr","status":"publish","type":"product","link":"https:\/\/staging.nbg.eu\/fi\/tuote\/taeysin-saeaedettaevae-takataehtaein-kmr\/","title":{"rendered":"T\u00e4ysin s\u00e4\u00e4dett\u00e4v\u00e4 takat\u00e4ht\u00e4in KMR"},"content":{"rendered":"<div class=\"product-description\">\n<h2>T\u00e4ysin s\u00e4\u00e4dett\u00e4v\u00e4 takat\u00e4ht\u00e4in KMR:lle<\/h2>\n<p>S\u00e4\u00e4dett\u00e4v\u00e4 takat\u00e4ht\u00e4in KMR- ja CZ-malleille. T\u00e4m\u00e4 t\u00e4ht\u00e4in tarjoaa:<\/p>\n<ul>\n<li>Yhteensopivuus CZ SP01 Shadow 1 ja CZ Shadow 2 -mallien kanssa<\/li>\n<li>Toimii etut\u00e4ht\u00e4imien kanssa, joiden korkeus on 7,5-8,0 mm<\/li>\n<li>Tarkat s\u00e4\u00e4d\u00f6t<\/li>\n<li>Kest\u00e4v\u00e4 rakenne<\/li>\n<\/ul>\n<p>P\u00e4ivit\u00e4 aseesi t\u00e4ht\u00e4inj\u00e4rjestelm\u00e4. Huomaa: T\u00e4m\u00e4 t\u00e4ht\u00e4in ei ole yhteensopiva CZ 75 TS -mallien kanssa.<\/p>\n<p>S\u00e4\u00e4dett\u00e4v\u00e4 takat\u00e4ht\u00e4in KMR- tai CZ-pistooliin.<\/p>\n<\/div>\n","protected":false},"excerpt":{"rendered":"<p>Tarkka takataht\u00e4in KMR:lle ja CZ:lle.<\/p>\n","protected":false},"featured_media":73518,"template":"","meta":{"_acf_changed":false},"product_brand":[],"product_cat":[13177],"product_tag":[],"class_list":{"0":"post-74274","1":"product","2":"type-product","3":"status-publish","4":"has-post-thumbnail","6":"product_cat-kmr-osat","8":"first","9":"instock","10":"taxable","11":"shipping-taxable","12":"purchasable","13":"product-type-simple"},"acf":[],"_links":{"self":[{"href":"https:\/\/staging.nbg.eu\/fi\/wp-json\/wp\/v2\/product\/74274","targetHints":{"allow":["GET"]}}],"collection":[{"href":"https:\/\/staging.nbg.eu\/fi\/wp-json\/wp\/v2\/product"}],"about":[{"href":"https:\/\/staging.nbg.eu\/fi\/wp-json\/wp\/v2\/types\/product"}],"wp:featuredmedia":[{"embeddable":true,"href":"https:\/\/staging.nbg.eu\/fi\/wp-json\/wp\/v2\/media\/73518"}],"wp:attachment":[{"href":"https:\/\/staging.nbg.eu\/fi\/wp-json\/wp\/v2\/media?parent=74274"}],"wp:term":[{"taxonomy":"product_brand","embeddable":true,"href":"https:\/\/staging.nbg.eu\/fi\/wp-json\/wp\/v2\/product_brand?post=74274"},{"taxonomy":"product_cat","embeddable":true,"href":"https:\/\/staging.nbg.eu\/fi\/wp-json\/wp\/v2\/product_cat?post=74274"},{"taxonomy":"product_tag","embeddable":true,"href":"https:\/\/staging.nbg.eu\/fi\/wp-json\/wp\/v2\/product_tag?post=74274"}],"curies":[{"name":"wp","href":"https:\/\/api.w.org\/{rel}","templated":true}]}}