{"id":74252,"date":"2024-10-18T20:29:49","date_gmt":"2024-10-18T20:29:49","guid":{"rendered":"https:\/\/staging.nbg.eu\/product\/sg-pulse-electronic-level-picatinny-m-lok\/"},"modified":"2024-10-30T09:02:58","modified_gmt":"2024-10-30T09:02:58","slug":"sg-pulse-elektroninen-vatupassi-picatinny-m-lok","status":"publish","type":"product","link":"https:\/\/staging.nbg.eu\/fi\/tuote\/sg-pulse-elektroninen-vatupassi-picatinny-m-lok\/","title":{"rendered":"SG PULSE elektroninen vatupassi PICATINNY + M-LOK"},"content":{"rendered":"<h2>SG PULSE ELEKTRONINEN VESIVAAKA PICATINNY + M-LOK<\/h2>\n<p>SG PULSE ELEKTRONINEN VESIVAAKA varmistaa t\u00e4ydellisen pystysuoran kohdistuksen, poistaen vaakasuuntaisen liikkeen tarkkojen laukausten saavuttamiseksi. Siin\u00e4 on kirkkaat LEDit n\u00e4k\u00f6kentt\u00e4palautetta varten ja mukautettavat kalibrointivaihtoehdot.<\/p>\n<ul>\n<li>Digitaalinen vesivaaka t\u00e4ydellist\u00e4 pystysuoraa kohdistusta varten<\/li>\n<li>Vakautustila n\u00e4ytt\u00e4\u00e4 MOA:n optimaalista liipaisimen ajoitusta varten<\/li>\n<li>Kosiniosoitus yl\u00e4- ja alam\u00e4kilaukauksia varten<\/li>\n<li>Yhden kosketuksen kiikarit\u00e4ht\u00e4imen vaakitus<\/li>\n<li>Siirtym\u00e4ajan seuranta suorituskyvyn analysointia varten<\/li>\n<li>Kompakti ja kest\u00e4v\u00e4 rakenne<\/li>\n<li>Monipuoliset kiinnitysvaihtoehdot (Picatinny ja M-LOK)<\/li>\n<\/ul>\n<p>Yhteensopiva Drills-sovelluksen kanssa perusteellista vakaus- ja piipun liikeradan analyysi\u00e4 varten. SG PULSE ELEKTRONINEN VESIVAAKA parantaa kiv\u00e4\u00e4rin tarkkuutta.<\/p>\n","protected":false},"excerpt":{"rendered":"<p>SG PULSE: Tarkkuuselektroninen vesivaaka t\u00e4ydelliseen kiv\u00e4\u00e4rin kohdistukseen.<\/p>\n","protected":false},"featured_media":72657,"template":"","meta":{"_acf_changed":false},"product_brand":[],"product_cat":[13192],"product_tag":[],"class_list":{"0":"post-74252","1":"product","2":"type-product","3":"status-publish","4":"has-post-thumbnail","6":"product_cat-varusteet","8":"first","9":"instock","10":"taxable","11":"shipping-taxable","12":"purchasable","13":"product-type-simple"},"acf":[],"_links":{"self":[{"href":"https:\/\/staging.nbg.eu\/fi\/wp-json\/wp\/v2\/product\/74252","targetHints":{"allow":["GET"]}}],"collection":[{"href":"https:\/\/staging.nbg.eu\/fi\/wp-json\/wp\/v2\/product"}],"about":[{"href":"https:\/\/staging.nbg.eu\/fi\/wp-json\/wp\/v2\/types\/product"}],"wp:featuredmedia":[{"embeddable":true,"href":"https:\/\/staging.nbg.eu\/fi\/wp-json\/wp\/v2\/media\/72657"}],"wp:attachment":[{"href":"https:\/\/staging.nbg.eu\/fi\/wp-json\/wp\/v2\/media?parent=74252"}],"wp:term":[{"taxonomy":"product_brand","embeddable":true,"href":"https:\/\/staging.nbg.eu\/fi\/wp-json\/wp\/v2\/product_brand?post=74252"},{"taxonomy":"product_cat","embeddable":true,"href":"https:\/\/staging.nbg.eu\/fi\/wp-json\/wp\/v2\/product_cat?post=74252"},{"taxonomy":"product_tag","embeddable":true,"href":"https:\/\/staging.nbg.eu\/fi\/wp-json\/wp\/v2\/product_tag?post=74252"}],"curies":[{"name":"wp","href":"https:\/\/api.w.org\/{rel}","templated":true}]}}