{"id":74230,"date":"2024-10-18T20:39:12","date_gmt":"2024-10-18T20:39:12","guid":{"rendered":"https:\/\/staging.nbg.eu\/product\/kmr-gun-oil-20ml\/"},"modified":"2024-10-30T08:59:35","modified_gmt":"2024-10-30T08:59:35","slug":"kmr-aseolja-20ml","status":"publish","type":"product","link":"https:\/\/staging.nbg.eu\/fi\/tuote\/kmr-aseolja-20ml\/","title":{"rendered":"KMR ASEOLJA 20ML"},"content":{"rendered":"<div class=\"product-description\">\n<h2>KMR ASE\u00d6LJY 20ML<\/h2>\n<p>KMR ASE\u00d6LJY 20ML on tarkoitettu aseiden huoltoon ja suojaamiseen. T\u00e4m\u00e4 synteettinen \u00f6ljy on suunniteltu v\u00e4hent\u00e4m\u00e4\u00e4n kitkaa ja kulumista, varmistaen aseiden sujuvan ja tehokkaan toiminnan.<\/p>\n<ul>\n<li>Synteettinen koostumus<\/li>\n<li>V\u00e4hent\u00e4\u00e4 kitkaa ja kulumista<\/li>\n<li>Pident\u00e4\u00e4 aseen k\u00e4ytt\u00f6ik\u00e4\u00e4<\/li>\n<li>Parantaa suorituskyky\u00e4<\/li>\n<li>Sopii kaikentyyppisille aseille<\/li>\n<\/ul>\n<p>KMR ASE\u00d6LJY on pakattu 20 ml pulloon, joka on helppok\u00e4ytt\u00f6inen ja kannettava. T\u00e4m\u00e4 pieni pullo varmistaa, ett\u00e4 sinulla on aina sopiva m\u00e4\u00e4r\u00e4 \u00f6ljy\u00e4 nopeisiin huoltoihin.<\/p>\n<p>KMR ASE\u00d6LJY 20ML auttaa pit\u00e4m\u00e4\u00e4n aseesi hyv\u00e4ss\u00e4 kunnossa.<\/p>\n<\/div>\n","protected":false},"excerpt":{"rendered":"<p>Erikois-KMR synteettinen ase\u00f6ljy kitkan ja kulumisen v\u00e4hent\u00e4miseen.<\/p>\n","protected":false},"featured_media":72868,"template":"","meta":{"_acf_changed":false},"product_brand":[11494],"product_cat":[13206,13194],"product_tag":[],"class_list":{"0":"post-74230","1":"product","2":"type-product","3":"status-publish","4":"has-post-thumbnail","6":"product_brand-kmr-precision","7":"product_cat-aseen-puhdistus","8":"product_cat-voiteluaineet","10":"first","11":"instock","12":"taxable","13":"shipping-taxable","14":"purchasable","15":"product-type-simple"},"acf":[],"_links":{"self":[{"href":"https:\/\/staging.nbg.eu\/fi\/wp-json\/wp\/v2\/product\/74230","targetHints":{"allow":["GET"]}}],"collection":[{"href":"https:\/\/staging.nbg.eu\/fi\/wp-json\/wp\/v2\/product"}],"about":[{"href":"https:\/\/staging.nbg.eu\/fi\/wp-json\/wp\/v2\/types\/product"}],"wp:featuredmedia":[{"embeddable":true,"href":"https:\/\/staging.nbg.eu\/fi\/wp-json\/wp\/v2\/media\/72868"}],"wp:attachment":[{"href":"https:\/\/staging.nbg.eu\/fi\/wp-json\/wp\/v2\/media?parent=74230"}],"wp:term":[{"taxonomy":"product_brand","embeddable":true,"href":"https:\/\/staging.nbg.eu\/fi\/wp-json\/wp\/v2\/product_brand?post=74230"},{"taxonomy":"product_cat","embeddable":true,"href":"https:\/\/staging.nbg.eu\/fi\/wp-json\/wp\/v2\/product_cat?post=74230"},{"taxonomy":"product_tag","embeddable":true,"href":"https:\/\/staging.nbg.eu\/fi\/wp-json\/wp\/v2\/product_tag?post=74230"}],"curies":[{"name":"wp","href":"https:\/\/api.w.org\/{rel}","templated":true}]}}