{"id":74186,"date":"2024-10-20T09:56:58","date_gmt":"2024-10-30T08:44:47","guid":{"rendered":"https:\/\/staging.nbg.eu\/product\/holosun-hs-mount-aems-low\/"},"modified":"2024-10-30T08:46:36","modified_gmt":"2024-10-30T08:46:36","slug":"holosun-hs-mount-aems-low","status":"publish","type":"product","link":"https:\/\/staging.nbg.eu\/fi\/tuote\/holosun-hs-mount-aems-low\/","title":{"rendered":"Holosun HS-MOUNT-AEMS-LOW"},"content":{"rendered":"<h2>Holosun HS-MOUNT-AEMS-LOW<\/h2>\n<p>Holosun HS-MOUNT-AEMS-LOW on matalaprofiilinen jalusta, joka on suunniteltu AEMS-punapistet\u00e4ht\u00e4imelle. T\u00e4m\u00e4 alumiininen jalusta sopii aseisiin, joissa on perinteiset tukit.<\/p>\n<h2>Ominaisuudet:<\/h2>\n<ul>\n<li>Yhteensopiva Picatinny\/Weaver-kiskojen kanssa<\/li>\n<li>Matalaprofiilinen muotoilu<\/li>\n<li>Asennus Torx-avaimella<\/li>\n<li>Kevyt ja kest\u00e4v\u00e4 alumiinirakenne<\/li>\n<li>Toistettava tarkkuus<\/li>\n<\/ul>\n<h2>Tekniset tiedot:<\/h2>\n<ul>\n<li>Mitat: 50x35x11 mm<\/li>\n<li>Paino: 34g<\/li>\n<li>V\u00e4ri: Musta<\/li>\n<li>K\u00e4ytt\u00f6l\u00e4mp\u00f6tila: -30\u00b0C &#8211; 60\u00b0C<\/li>\n<li>S\u00e4ilytysl\u00e4mp\u00f6tila: -40\u00b0C &#8211; 70\u00b0C<\/li>\n<\/ul>\n<p>Holosun HS-MOUNT-AEMS-LOW on suunniteltu tarkkuutta ja luotettavuutta varten erilaisissa olosuhteissa.<\/p>\n","protected":false},"excerpt":{"rendered":"<p>Eritt\u00e4in kest\u00e4v\u00e4 alumiinikiinnike Holosun AEMS -punapistet\u00e4ht\u00e4imille.<\/p>\n","protected":false},"featured_media":73332,"template":"","meta":{"_acf_changed":false},"product_brand":[11431],"product_cat":[13202,13201],"product_tag":[],"class_list":{"0":"post-74186","1":"product","2":"type-product","3":"status-publish","4":"has-post-thumbnail","6":"product_brand-holosun","7":"product_cat-punapisteet","8":"product_cat-taehtaeys","10":"first","11":"instock","12":"taxable","13":"shipping-taxable","14":"purchasable","15":"product-type-simple"},"acf":[],"_links":{"self":[{"href":"https:\/\/staging.nbg.eu\/fi\/wp-json\/wp\/v2\/product\/74186","targetHints":{"allow":["GET"]}}],"collection":[{"href":"https:\/\/staging.nbg.eu\/fi\/wp-json\/wp\/v2\/product"}],"about":[{"href":"https:\/\/staging.nbg.eu\/fi\/wp-json\/wp\/v2\/types\/product"}],"wp:featuredmedia":[{"embeddable":true,"href":"https:\/\/staging.nbg.eu\/fi\/wp-json\/wp\/v2\/media\/73332"}],"wp:attachment":[{"href":"https:\/\/staging.nbg.eu\/fi\/wp-json\/wp\/v2\/media?parent=74186"}],"wp:term":[{"taxonomy":"product_brand","embeddable":true,"href":"https:\/\/staging.nbg.eu\/fi\/wp-json\/wp\/v2\/product_brand?post=74186"},{"taxonomy":"product_cat","embeddable":true,"href":"https:\/\/staging.nbg.eu\/fi\/wp-json\/wp\/v2\/product_cat?post=74186"},{"taxonomy":"product_tag","embeddable":true,"href":"https:\/\/staging.nbg.eu\/fi\/wp-json\/wp\/v2\/product_tag?post=74186"}],"curies":[{"name":"wp","href":"https:\/\/api.w.org\/{rel}","templated":true}]}}