{"id":74164,"date":"2024-10-18T20:15:25","date_gmt":"2024-10-30T08:38:06","guid":{"rendered":"https:\/\/staging.nbg.eu\/product\/nitehog-sight-spot-hog-red-dot\/"},"modified":"2024-10-30T08:40:19","modified_gmt":"2024-10-30T08:40:19","slug":"nitehog-sight-spot-hog-punapistehtain","status":"publish","type":"product","link":"https:\/\/staging.nbg.eu\/fi\/tuote\/nitehog-sight-spot-hog-punapistehtain\/","title":{"rendered":"NiteHog Sight Spot Hog Punapistehtain"},"content":{"rendered":"<div class=\"product-description\">\n<h2>NiteHog Sight Spot Hog Punapistet\u00e4ht\u00e4in<\/h2>\n<p>Spot Hog Punapistet\u00e4ht\u00e4in on 1x17x24 optiikka, joka tarjoaa parallaksivapaan n\u00e4kym\u00e4n. Siin\u00e4 on 3MOA piste, 8 kirkkaustasoa ja 2 pime\u00e4n\u00e4k\u00f6asetusta.<\/p>\n<ul>\n<li>Iskunkest\u00e4v\u00e4 ja vedenpit\u00e4v\u00e4 (IPX6)<\/li>\n<li>Yhteensopiva 9mm, 45ACP, 12GA ja Lapua Magnum 338 ammusten kanssa<\/li>\n<li>Ohut, matalaprofiilinen rakenne<\/li>\n<li>Automaattinen virrankatkaisu 2 minuutin k\u00e4ytt\u00e4m\u00e4tt\u00f6myyden j\u00e4lkeen<\/li>\n<li>50 000 tunnin akunkesto alimmalla asetuksella (CR2032 paristo, ei sis\u00e4lly)<\/li>\n<li>Weaver-kiinnitys asennusta varten<\/li>\n<\/ul>\n<p>Spot Hog on kompakti ja luotettava t\u00e4ht\u00e4in.<\/p>\n<\/div>\n","protected":false},"excerpt":{"rendered":"<p>Kest\u00e4v\u00e4, parallaksiton 1x17x24 punapistet\u00e4ht\u00e4in, jossa on 8 kirkkaustasoa.<\/p>\n","protected":false},"featured_media":72540,"template":"","meta":{"_acf_changed":false},"product_brand":[11592],"product_cat":[13235,13202,13201],"product_tag":[],"class_list":{"0":"post-74164","1":"product","2":"type-product","3":"status-publish","4":"has-post-thumbnail","6":"product_brand-nitehog","7":"product_cat-kivaeaerituikut","8":"product_cat-punapisteet","9":"product_cat-taehtaeys","11":"first","12":"instock","13":"taxable","14":"shipping-taxable","15":"purchasable","16":"product-type-simple"},"acf":[],"_links":{"self":[{"href":"https:\/\/staging.nbg.eu\/fi\/wp-json\/wp\/v2\/product\/74164","targetHints":{"allow":["GET"]}}],"collection":[{"href":"https:\/\/staging.nbg.eu\/fi\/wp-json\/wp\/v2\/product"}],"about":[{"href":"https:\/\/staging.nbg.eu\/fi\/wp-json\/wp\/v2\/types\/product"}],"wp:featuredmedia":[{"embeddable":true,"href":"https:\/\/staging.nbg.eu\/fi\/wp-json\/wp\/v2\/media\/72540"}],"wp:attachment":[{"href":"https:\/\/staging.nbg.eu\/fi\/wp-json\/wp\/v2\/media?parent=74164"}],"wp:term":[{"taxonomy":"product_brand","embeddable":true,"href":"https:\/\/staging.nbg.eu\/fi\/wp-json\/wp\/v2\/product_brand?post=74164"},{"taxonomy":"product_cat","embeddable":true,"href":"https:\/\/staging.nbg.eu\/fi\/wp-json\/wp\/v2\/product_cat?post=74164"},{"taxonomy":"product_tag","embeddable":true,"href":"https:\/\/staging.nbg.eu\/fi\/wp-json\/wp\/v2\/product_tag?post=74164"}],"curies":[{"name":"wp","href":"https:\/\/api.w.org\/{rel}","templated":true}]}}