{"id":74118,"date":"2024-10-18T19:20:25","date_gmt":"2024-10-29T10:06:10","guid":{"rendered":"https:\/\/staging.nbg.eu\/product\/casio-prw-61y-3er\/"},"modified":"2024-10-29T10:07:55","modified_gmt":"2024-10-29T10:07:55","slug":"casio-prw-61y-3er","status":"publish","type":"product","link":"https:\/\/staging.nbg.eu\/fi\/tuote\/casio-prw-61y-3er\/","title":{"rendered":"Casio PRW-61Y-3ER"},"content":{"rendered":"<div class=\"product-description\">\n<h2>Casio PRW-61Y-3ER: Ulkoilukello<\/h2>\n<p>PRO TREK PRW-61Y-3ER on Casion ensimm\u00e4inen kello, jossa on k\u00e4ytetty biomuoveja kotelossa ja rannekkeessa. T\u00e4m\u00e4 kello yhdist\u00e4\u00e4 kest\u00e4vyyden ja mukavuuden.<\/p>\n<ul>\n<li>Biomuovit valmistettu risiininsiemenist\u00e4 ja maissista<\/li>\n<li>Korkean kontrastin n\u00e4ytt\u00f6 valkoisilla indekseill\u00e4<\/li>\n<li>Kolmoissensori: digitaalinen kompassi, barometri\/korkeusmittari ja l\u00e4mp\u00f6mittari<\/li>\n<li>Multi Band 6 radio-ohjattu ajann\u00e4ytt\u00f6<\/li>\n<li>Tough Solar -virtaj\u00e4rjestelm\u00e4<\/li>\n<li>Super Illuminator kaksoistaustavalon kanssa<\/li>\n<li>Pehme\u00e4 uretaaniranneke<\/li>\n<li>Ruostumattomasta ter\u00e4ksest\u00e4 valmistettu kehys kaupunkikoodeilla<\/li>\n<li>Kompakti muotoilu ranteen liikkuvuudelle<\/li>\n<\/ul>\n<p>PRW-61Y-3ER on kello ulkoilmaihmisille, jotka arvostavat suorituskyky\u00e4 ja ymp\u00e4rist\u00f6vastuullisuutta.<\/p>\n<\/div>\n","protected":false},"excerpt":{"rendered":"<p>&#8220;Ymp\u00e4rist\u00f6yst\u00e4v\u00e4llinen PRO TREK -kello biomuoveista ja ulkoiluominaisuuksilla.&#8221;<\/p>\n","protected":false},"featured_media":71867,"template":"","meta":{"_acf_changed":false},"product_brand":[11199],"product_cat":[13215,13191],"product_tag":[],"class_list":{"0":"post-74118","1":"product","2":"type-product","3":"status-publish","4":"has-post-thumbnail","6":"product_brand-casio","7":"product_cat-edc","8":"product_cat-kellot","10":"first","11":"instock","12":"taxable","13":"shipping-taxable","14":"purchasable","15":"product-type-simple"},"acf":[],"_links":{"self":[{"href":"https:\/\/staging.nbg.eu\/fi\/wp-json\/wp\/v2\/product\/74118","targetHints":{"allow":["GET"]}}],"collection":[{"href":"https:\/\/staging.nbg.eu\/fi\/wp-json\/wp\/v2\/product"}],"about":[{"href":"https:\/\/staging.nbg.eu\/fi\/wp-json\/wp\/v2\/types\/product"}],"wp:featuredmedia":[{"embeddable":true,"href":"https:\/\/staging.nbg.eu\/fi\/wp-json\/wp\/v2\/media\/71867"}],"wp:attachment":[{"href":"https:\/\/staging.nbg.eu\/fi\/wp-json\/wp\/v2\/media?parent=74118"}],"wp:term":[{"taxonomy":"product_brand","embeddable":true,"href":"https:\/\/staging.nbg.eu\/fi\/wp-json\/wp\/v2\/product_brand?post=74118"},{"taxonomy":"product_cat","embeddable":true,"href":"https:\/\/staging.nbg.eu\/fi\/wp-json\/wp\/v2\/product_cat?post=74118"},{"taxonomy":"product_tag","embeddable":true,"href":"https:\/\/staging.nbg.eu\/fi\/wp-json\/wp\/v2\/product_tag?post=74118"}],"curies":[{"name":"wp","href":"https:\/\/api.w.org\/{rel}","templated":true}]}}