{"id":74074,"date":"2024-10-18T18:54:11","date_gmt":"2024-10-29T10:01:24","guid":{"rendered":"https:\/\/staging.nbg.eu\/product\/casio-prg-270-1er\/"},"modified":"2024-10-29T10:03:10","modified_gmt":"2024-10-29T10:03:10","slug":"casio-prg-270-1er","status":"publish","type":"product","link":"https:\/\/staging.nbg.eu\/fi\/tuote\/casio-prg-270-1er\/","title":{"rendered":"Casio PRG-270-1ER"},"content":{"rendered":"<div class=\"product-description\">\n<h2>Casio PRG-270-1ER: Ulkoilukello<\/h2>\n<p>Casio PRG-270-1ER on varustettu Triple Sensor Version 3 -teknologialla. T\u00e4m\u00e4 PRO TREK -malli tarjoaa tarkat korkeus-, ilmanpaine- ja suuntalukemat.<\/p>\n<ul>\n<li>Tough Solar -virtal\u00e4hde<\/li>\n<li>Triple Sensor: Kompassi, Ilmanpaine-\/l\u00e4mp\u00f6mittari, Korkeusmittari<\/li>\n<li>Alhaisen l\u00e4mp\u00f6tilan kest\u00e4vyys (-10\u00baC)<\/li>\n<li>100 metrin vedenkest\u00e4vyys<\/li>\n<li>Ilmanpaineen muutosh\u00e4lytys<\/li>\n<li>Suuret sivupainikkeet<\/li>\n<li>Auringonnousun ja -laskun aikan\u00e4ytt\u00f6<\/li>\n<li>Automaattinen valaistus h\u00e4m\u00e4r\u00e4ss\u00e4<\/li>\n<\/ul>\n<p>T\u00e4m\u00e4 kest\u00e4v\u00e4 kello on suunniteltu ulkoilmak\u00e4ytt\u00f6\u00f6n. Casio PRG-270-1ER soveltuu erilaisiin ulkoiluaktiviteetteihin.<\/p>\n<\/div>\n","protected":false},"excerpt":{"rendered":"<p>Kest\u00e4v\u00e4 ulkoilukello, jossa on kolmoissensori ja Tough Solar -virtal\u00e4hde.<\/p>\n","protected":false},"featured_media":71520,"template":"","meta":{"_acf_changed":false},"product_brand":[11199],"product_cat":[13215,13191],"product_tag":[],"class_list":{"0":"post-74074","1":"product","2":"type-product","3":"status-publish","4":"has-post-thumbnail","6":"product_brand-casio","7":"product_cat-edc","8":"product_cat-kellot","10":"first","11":"instock","12":"taxable","13":"shipping-taxable","14":"purchasable","15":"product-type-simple"},"acf":[],"_links":{"self":[{"href":"https:\/\/staging.nbg.eu\/fi\/wp-json\/wp\/v2\/product\/74074","targetHints":{"allow":["GET"]}}],"collection":[{"href":"https:\/\/staging.nbg.eu\/fi\/wp-json\/wp\/v2\/product"}],"about":[{"href":"https:\/\/staging.nbg.eu\/fi\/wp-json\/wp\/v2\/types\/product"}],"wp:featuredmedia":[{"embeddable":true,"href":"https:\/\/staging.nbg.eu\/fi\/wp-json\/wp\/v2\/media\/71520"}],"wp:attachment":[{"href":"https:\/\/staging.nbg.eu\/fi\/wp-json\/wp\/v2\/media?parent=74074"}],"wp:term":[{"taxonomy":"product_brand","embeddable":true,"href":"https:\/\/staging.nbg.eu\/fi\/wp-json\/wp\/v2\/product_brand?post=74074"},{"taxonomy":"product_cat","embeddable":true,"href":"https:\/\/staging.nbg.eu\/fi\/wp-json\/wp\/v2\/product_cat?post=74074"},{"taxonomy":"product_tag","embeddable":true,"href":"https:\/\/staging.nbg.eu\/fi\/wp-json\/wp\/v2\/product_tag?post=74074"}],"curies":[{"name":"wp","href":"https:\/\/api.w.org\/{rel}","templated":true}]}}