{"id":74052,"date":"2024-10-16T20:20:06","date_gmt":"2024-10-29T09:57:40","guid":{"rendered":"https:\/\/staging.nbg.eu\/product\/tuote-6\/"},"modified":"2024-10-29T09:57:51","modified_gmt":"2024-10-29T09:57:51","slug":"casio-gba-900uu-5aer","status":"publish","type":"product","link":"https:\/\/staging.nbg.eu\/fi\/tuote\/casio-gba-900uu-5aer\/","title":{"rendered":"Casio GBA-900UU-5AER"},"content":{"rendered":"<h2>Casio GBA-900UU-5AER: Kaupunkiharjoittelukello<\/h2>\n<p>Casio GBA-900UU-5AER on G-SQUAD-kello, joka yhdist\u00e4\u00e4 kaupunkilaistyylin ja harjoitteluominaisuudet.<\/p>\n<ul>\n<li>Tarkka et\u00e4isyysmittaus askellaskurilla ja GPS-s\u00e4\u00e4d\u00f6ll\u00e4<\/li>\n<li>Yhdistelm\u00e4n\u00e4ytt\u00f6 ajan ja mittausten esitt\u00e4miseen<\/li>\n<li>Ergonominen muotoilu parantaa k\u00e4ytett\u00e4vyytt\u00e4 ja ilmanvaihtoa<\/li>\n<li>Monitoiminen digitaalin\u00e4ytt\u00f6 harjoituksen intensiteettik\u00e4yr\u00e4ll\u00e4<\/li>\n<li>Kattavat juoksumittaukset: et\u00e4isyys, nopeus ja tahti<\/li>\n<li>Automaattinen askelseuranta p\u00e4ivitt\u00e4isell\u00e4 edistymisen n\u00e4yt\u00f6ll\u00e4<\/li>\n<li>Intervalliajastin \u00e4lypuhelinintegraatiolla<\/li>\n<li>Super Illuminator -kaksois-LED-valo parantaa n\u00e4kyvyytt\u00e4<\/li>\n<\/ul>\n<p>Casio GBA-900UU-5AER yhdist\u00e4\u00e4 tyylin ja toiminnallisuuden kaupunkiymp\u00e4rist\u00f6\u00f6n ja ulkoharjoitteluun.<\/p>\n","protected":false},"excerpt":{"rendered":"<p>Urheilullinen G-SQUAD-kello kaupunkilaistyylill\u00e4, kuntoilun seurannalla ja LED-valolla.<\/p>\n","protected":false},"featured_media":71287,"template":"","meta":{"_acf_changed":false},"product_brand":[11199],"product_cat":[13215,13191],"product_tag":[],"class_list":{"0":"post-74052","1":"product","2":"type-product","3":"status-publish","4":"has-post-thumbnail","6":"product_brand-casio","7":"product_cat-edc","8":"product_cat-kellot","10":"first","11":"instock","12":"taxable","13":"shipping-taxable","14":"purchasable","15":"product-type-simple"},"acf":[],"_links":{"self":[{"href":"https:\/\/staging.nbg.eu\/fi\/wp-json\/wp\/v2\/product\/74052","targetHints":{"allow":["GET"]}}],"collection":[{"href":"https:\/\/staging.nbg.eu\/fi\/wp-json\/wp\/v2\/product"}],"about":[{"href":"https:\/\/staging.nbg.eu\/fi\/wp-json\/wp\/v2\/types\/product"}],"wp:featuredmedia":[{"embeddable":true,"href":"https:\/\/staging.nbg.eu\/fi\/wp-json\/wp\/v2\/media\/71287"}],"wp:attachment":[{"href":"https:\/\/staging.nbg.eu\/fi\/wp-json\/wp\/v2\/media?parent=74052"}],"wp:term":[{"taxonomy":"product_brand","embeddable":true,"href":"https:\/\/staging.nbg.eu\/fi\/wp-json\/wp\/v2\/product_brand?post=74052"},{"taxonomy":"product_cat","embeddable":true,"href":"https:\/\/staging.nbg.eu\/fi\/wp-json\/wp\/v2\/product_cat?post=74052"},{"taxonomy":"product_tag","embeddable":true,"href":"https:\/\/staging.nbg.eu\/fi\/wp-json\/wp\/v2\/product_tag?post=74052"}],"curies":[{"name":"wp","href":"https:\/\/api.w.org\/{rel}","templated":true}]}}