{"id":74026,"date":"2024-10-16T20:26:30","date_gmt":"2024-10-25T14:29:12","guid":{"rendered":"https:\/\/staging.nbg.eu\/product\/casio-gbdh2000-1aer\/"},"modified":"2024-10-25T14:30:52","modified_gmt":"2024-10-25T14:30:52","slug":"casio-gbdh2000-1aer","status":"publish","type":"product","link":"https:\/\/staging.nbg.eu\/fi\/tuote\/casio-gbdh2000-1aer\/","title":{"rendered":"Casio GBDH2000-1AER"},"content":{"rendered":"<h2>Casio GBDH2000-1AER: Kuntoilukello<\/h2>\n<p>Casio GBDH2000-1AER sis\u00e4lt\u00e4\u00e4 6 anturia ja GPS-toiminnon. Kello seuraa fyysist\u00e4 aktiivisuutta reaaliajassa 8 eri urheilulajissa, mukaan lukien juoksu, py\u00f6r\u00e4ily ja uinti.<\/p>\n<ul>\n<li>Mittaa et\u00e4isyyden, nopeuden, ajan, tahdin, sykkeen ja poltetut kalorit<\/li>\n<li>Mittaa veren happipitoisuuden<\/li>\n<li>Kaksikerroksinen rakenne<\/li>\n<li>Aurinkoavusteinen lataus<\/li>\n<li>\u00c4lytoiminnot sis\u00e4lt\u00e4v\u00e4t ilmoitukset ja maailmanajan 300 kaupungille<\/li>\n<\/ul>\n<p>GBDH2000-1AER on valmistettu biomuoveista. Kello sopii urheilijoille ja kuntoilijoille terveys- ja kuntotavoitteiden saavuttamiseen.<\/p>\n","protected":false},"excerpt":{"rendered":"<p>GPS-varustettu urheilukello kuudella anturilla, seuraa kahdeksaa aktiviteettia.<\/p>\n","protected":false},"featured_media":71404,"template":"","meta":{"_acf_changed":false},"product_brand":[11199],"product_cat":[13215,13191],"product_tag":[],"class_list":{"0":"post-74026","1":"product","2":"type-product","3":"status-publish","4":"has-post-thumbnail","6":"product_brand-casio","7":"product_cat-edc","8":"product_cat-kellot","10":"first","11":"instock","12":"taxable","13":"shipping-taxable","14":"purchasable","15":"product-type-simple"},"acf":[],"_links":{"self":[{"href":"https:\/\/staging.nbg.eu\/fi\/wp-json\/wp\/v2\/product\/74026","targetHints":{"allow":["GET"]}}],"collection":[{"href":"https:\/\/staging.nbg.eu\/fi\/wp-json\/wp\/v2\/product"}],"about":[{"href":"https:\/\/staging.nbg.eu\/fi\/wp-json\/wp\/v2\/types\/product"}],"wp:featuredmedia":[{"embeddable":true,"href":"https:\/\/staging.nbg.eu\/fi\/wp-json\/wp\/v2\/media\/71404"}],"wp:attachment":[{"href":"https:\/\/staging.nbg.eu\/fi\/wp-json\/wp\/v2\/media?parent=74026"}],"wp:term":[{"taxonomy":"product_brand","embeddable":true,"href":"https:\/\/staging.nbg.eu\/fi\/wp-json\/wp\/v2\/product_brand?post=74026"},{"taxonomy":"product_cat","embeddable":true,"href":"https:\/\/staging.nbg.eu\/fi\/wp-json\/wp\/v2\/product_cat?post=74026"},{"taxonomy":"product_tag","embeddable":true,"href":"https:\/\/staging.nbg.eu\/fi\/wp-json\/wp\/v2\/product_tag?post=74026"}],"curies":[{"name":"wp","href":"https:\/\/api.w.org\/{rel}","templated":true}]}}